{"id":4339,"date":"2021-08-20T23:20:14","date_gmt":"2021-08-20T20:20:14","guid":{"rendered":"https:\/\/elixhealth.eu\/?post_type=product&#038;p=4339"},"modified":"2024-10-23T12:34:40","modified_gmt":"2024-10-23T09:34:40","slug":"mintti-breeze-kiire-ja-tapne-termomeeter-maluga","status":"publish","type":"product","link":"https:\/\/elixhealth.eu\/et\/toode\/mintti-breeze-kiire-ja-tapne-termomeeter-maluga\/","title":{"rendered":"Mintti Breeze\u00ae | Kiire ja t\u00e4pne termomeeter m\u00e4luga"},"content":{"rendered":"<p>Breeze m\u00f5\u00f5dab kehatemperatuuri, v\u00f5ttes vastu inimese kehast tulevat infrapunaenergia kiirgust. Seadme jaoks on saadaval kaks re\u017eiimi: otsmiku temperatuuri re\u017eiim ja k\u00f5rva temperatuuri re\u017eiim. M\u00f5\u00f5tmistulemus kuvatakse otse LED-ekraanil.<br \/>\nToote p\u00f5hikomponentide hulka kuuluvad infrapunaga temperatuuriandurid, signaali vastuv\u00f5tmise protsessor, nupud, summer, LED-ekraan, patarei jne.<\/p>\n<p>&#8211; See seade ei ole m\u00f5eldud professionaalseks kasutuseks.<br \/>\n&#8211; M\u00f5\u00f5tmistulemused ei asenda arsti diagnoosi.<br \/>\n&#8211; Enne seadme kasutamist lugege l\u00e4bi kasutusjuhend.<\/p>\n","protected":false},"excerpt":{"rendered":"<p><strong>Kahefunktsiooniline termomeeter<\/strong><\/p>\n<ul>\n<li>Unikaalne patenteeritud disain.<\/li>\n<li>Kontaktivaba termomeeter millel on kaks m\u00f5\u00f5tmisre\u017eiimi: otsmiku temperatuur, k\u00f5rva temperatuur;<\/li>\n<li>Lihtne kasutada ja sobib temperatuuri m\u00f5\u00f5tmiseks nii imikutelt t\u00e4iskasvanutelt kui ka eakatelt \u2013 tulemus k\u00f5igest 1 sekundiga.<\/li>\n<li>M\u00e4lufunktsioon salvestab kuni 32 eelnevat m\u00f5\u00f5tmistulemuse n\u00e4itu.<\/li>\n<li>Kergesti loetav esik\u00fcljel asetsev LED-ekraan<\/li>\n<li>\u00dche puutega juhtimine<\/li>\n<li>Nii CE kui ka FDA poolt heaks kiidetud<\/li>\n<li>Sisseehitatud nutikiip ja meditsiinilise kvaliteediga andurid tagavad t\u00e4psuse.<\/li>\n<\/ul>\n","protected":false},"featured_media":4345,"comment_status":"open","ping_status":"closed","template":"","meta":[],"product_brand":[],"product_cat":[60,36],"product_tag":[],"woo-feed-brand":[66],"class_list":{"0":"post-4339","1":"product","2":"type-product","3":"status-publish","4":"has-post-thumbnail","6":"product_cat-tervise-kaugmonitooring-seadmed","7":"product_cat-uncategorized-et","8":"woo-feed-brand-minttihealth","10":"first","11":"instock","12":"featured","13":"taxable","14":"shipping-taxable","15":"purchasable","16":"product-type-simple"},"yoast_head":"<!-- This site is optimized with the Yoast SEO plugin v27.0 - https:\/\/yoast.com\/product\/yoast-seo-wordpress\/ -->\n<title>Mintti Breeze\u00ae | Kiire ja t\u00e4pne termomeeter m\u00e4luga | EliX Health - sobib ka imikutele<\/title>\n<meta name=\"description\" content=\"Mintti Breeze infrapuna-termomeeter on m\u00f5eldud inimese kehatemperatuuri m\u00f5\u00f5tmiseks ja j\u00e4lgimiseks arsti poolt tervishoiuasutuses v\u00f5i tavakasutajale kodus\" \/>\n<meta name=\"robots\" content=\"index, follow, max-snippet:-1, max-image-preview:large, max-video-preview:-1\" \/>\n<link rel=\"canonical\" href=\"https:\/\/elixhealth.eu\/et\/toode\/mintti-breeze-kiire-ja-tapne-termomeeter-maluga\/\" \/>\n<meta property=\"og:locale\" content=\"et_EE\" \/>\n<meta property=\"og:type\" content=\"article\" \/>\n<meta property=\"og:title\" content=\"Mintti Breeze\u00ae | Kiire ja t\u00e4pne termomeeter m\u00e4luga | EliX Health - sobib ka imikutele\" \/>\n<meta property=\"og:description\" content=\"Mintti Breeze infrapuna-termomeeter on m\u00f5eldud inimese kehatemperatuuri m\u00f5\u00f5tmiseks ja j\u00e4lgimiseks arsti poolt tervishoiuasutuses v\u00f5i tavakasutajale kodus\" \/>\n<meta property=\"og:url\" content=\"https:\/\/elixhealth.eu\/et\/toode\/mintti-breeze-kiire-ja-tapne-termomeeter-maluga\/\" \/>\n<meta property=\"og:site_name\" content=\"EliX Health\" \/>\n<meta property=\"article:publisher\" content=\"https:\/\/www.facebook.com\/elixhealth.eu\" \/>\n<meta property=\"article:modified_time\" content=\"2024-10-23T09:34:40+00:00\" \/>\n<meta property=\"og:image\" content=\"https:\/\/elixhealth.eu\/wp-content\/uploads\/2021\/08\/mintti_breeze_side_view_one.jpg\" \/>\n\t<meta property=\"og:image:width\" content=\"1500\" \/>\n\t<meta property=\"og:image:height\" content=\"1555\" \/>\n\t<meta property=\"og:image:type\" content=\"image\/jpeg\" \/>\n<meta name=\"twitter:card\" content=\"summary_large_image\" \/>\n<meta name=\"twitter:label1\" content=\"Est. reading time\" \/>\n\t<meta name=\"twitter:data1\" content=\"1 minut\" \/>\n<script type=\"application\/ld+json\" class=\"yoast-schema-graph\">{\"@context\":\"https:\/\/schema.org\",\"@graph\":[{\"@type\":\"WebPage\",\"@id\":\"https:\/\/elixhealth.eu\/et\/toode\/mintti-breeze-kiire-ja-tapne-termomeeter-maluga\/\",\"url\":\"https:\/\/elixhealth.eu\/et\/toode\/mintti-breeze-kiire-ja-tapne-termomeeter-maluga\/\",\"name\":\"Mintti Breeze\u00ae | Kiire ja t\u00e4pne termomeeter m\u00e4luga | EliX Health - sobib ka imikutele\",\"isPartOf\":{\"@id\":\"https:\/\/elixhealth.eu\/et\/#website\"},\"primaryImageOfPage\":{\"@id\":\"https:\/\/elixhealth.eu\/et\/toode\/mintti-breeze-kiire-ja-tapne-termomeeter-maluga\/#primaryimage\"},\"image\":{\"@id\":\"https:\/\/elixhealth.eu\/et\/toode\/mintti-breeze-kiire-ja-tapne-termomeeter-maluga\/#primaryimage\"},\"thumbnailUrl\":\"https:\/\/elixhealth.eu\/wp-content\/uploads\/2021\/08\/mintti_breeze_side_view_one.jpg\",\"datePublished\":\"2021-08-20T20:20:14+00:00\",\"dateModified\":\"2024-10-23T09:34:40+00:00\",\"description\":\"Mintti Breeze infrapuna-termomeeter on m\u00f5eldud inimese kehatemperatuuri m\u00f5\u00f5tmiseks ja j\u00e4lgimiseks arsti poolt tervishoiuasutuses v\u00f5i tavakasutajale kodus\",\"breadcrumb\":{\"@id\":\"https:\/\/elixhealth.eu\/et\/toode\/mintti-breeze-kiire-ja-tapne-termomeeter-maluga\/#breadcrumb\"},\"inLanguage\":\"et\",\"potentialAction\":[{\"@type\":\"ReadAction\",\"target\":[\"https:\/\/elixhealth.eu\/et\/toode\/mintti-breeze-kiire-ja-tapne-termomeeter-maluga\/\"]}]},{\"@type\":\"ImageObject\",\"inLanguage\":\"et\",\"@id\":\"https:\/\/elixhealth.eu\/et\/toode\/mintti-breeze-kiire-ja-tapne-termomeeter-maluga\/#primaryimage\",\"url\":\"https:\/\/elixhealth.eu\/wp-content\/uploads\/2021\/08\/mintti_breeze_side_view_one.jpg\",\"contentUrl\":\"https:\/\/elixhealth.eu\/wp-content\/uploads\/2021\/08\/mintti_breeze_side_view_one.jpg\",\"width\":1500,\"height\":1555},{\"@type\":\"BreadcrumbList\",\"@id\":\"https:\/\/elixhealth.eu\/et\/toode\/mintti-breeze-kiire-ja-tapne-termomeeter-maluga\/#breadcrumb\",\"itemListElement\":[{\"@type\":\"ListItem\",\"position\":1,\"name\":\"Esileht\",\"item\":\"https:\/\/elixhealth.eu\/et\/\"},{\"@type\":\"ListItem\",\"position\":2,\"name\":\"Elix Health e-pood Eestis\",\"item\":\"https:\/\/elixhealth.eu\/et\/pood-elix-health-tunne-oma-tervist\/\"},{\"@type\":\"ListItem\",\"position\":3,\"name\":\"Mintti Breeze\u00ae | Kiire ja t\u00e4pne termomeeter m\u00e4luga\"}]},{\"@type\":\"WebSite\",\"@id\":\"https:\/\/elixhealth.eu\/et\/#website\",\"url\":\"https:\/\/elixhealth.eu\/et\/\",\"name\":\"EliX Health\",\"description\":\"High Purity NAD+ Products\",\"publisher\":{\"@id\":\"https:\/\/elixhealth.eu\/et\/#organization\"},\"potentialAction\":[{\"@type\":\"SearchAction\",\"target\":{\"@type\":\"EntryPoint\",\"urlTemplate\":\"https:\/\/elixhealth.eu\/et\/?s={search_term_string}\"},\"query-input\":{\"@type\":\"PropertyValueSpecification\",\"valueRequired\":true,\"valueName\":\"search_term_string\"}}],\"inLanguage\":\"et\"},{\"@type\":\"Organization\",\"@id\":\"https:\/\/elixhealth.eu\/et\/#organization\",\"name\":\"EliX Health Baltic\",\"url\":\"https:\/\/elixhealth.eu\/et\/\",\"logo\":{\"@type\":\"ImageObject\",\"inLanguage\":\"et\",\"@id\":\"https:\/\/elixhealth.eu\/et\/#\/schema\/logo\/image\/\",\"url\":\"https:\/\/elixhealth.eu\/wp-content\/uploads\/2020\/06\/elix_logo_invoice.png\",\"contentUrl\":\"https:\/\/elixhealth.eu\/wp-content\/uploads\/2020\/06\/elix_logo_invoice.png\",\"width\":315,\"height\":173,\"caption\":\"EliX Health Baltic\"},\"image\":{\"@id\":\"https:\/\/elixhealth.eu\/et\/#\/schema\/logo\/image\/\"},\"sameAs\":[\"https:\/\/www.facebook.com\/elixhealth.eu\",\"https:\/\/www.instagram.com\/elixhealth.eu\/\"]}]}<\/script>\n<!-- \/ Yoast SEO plugin. -->","yoast_head_json":{"title":"Mintti Breeze\u00ae | Kiire ja t\u00e4pne termomeeter m\u00e4luga | EliX Health - sobib ka imikutele","description":"Mintti Breeze infrapuna-termomeeter on m\u00f5eldud inimese kehatemperatuuri m\u00f5\u00f5tmiseks ja j\u00e4lgimiseks arsti poolt tervishoiuasutuses v\u00f5i tavakasutajale kodus","robots":{"index":"index","follow":"follow","max-snippet":"max-snippet:-1","max-image-preview":"max-image-preview:large","max-video-preview":"max-video-preview:-1"},"canonical":"https:\/\/elixhealth.eu\/et\/toode\/mintti-breeze-kiire-ja-tapne-termomeeter-maluga\/","og_locale":"et_EE","og_type":"article","og_title":"Mintti Breeze\u00ae | Kiire ja t\u00e4pne termomeeter m\u00e4luga | EliX Health - sobib ka imikutele","og_description":"Mintti Breeze infrapuna-termomeeter on m\u00f5eldud inimese kehatemperatuuri m\u00f5\u00f5tmiseks ja j\u00e4lgimiseks arsti poolt tervishoiuasutuses v\u00f5i tavakasutajale kodus","og_url":"https:\/\/elixhealth.eu\/et\/toode\/mintti-breeze-kiire-ja-tapne-termomeeter-maluga\/","og_site_name":"EliX Health","article_publisher":"https:\/\/www.facebook.com\/elixhealth.eu","article_modified_time":"2024-10-23T09:34:40+00:00","og_image":[{"width":1500,"height":1555,"url":"https:\/\/elixhealth.eu\/wp-content\/uploads\/2021\/08\/mintti_breeze_side_view_one.jpg","type":"image\/jpeg"}],"twitter_card":"summary_large_image","twitter_misc":{"Est. reading time":"1 minut"},"schema":{"@context":"https:\/\/schema.org","@graph":[{"@type":"WebPage","@id":"https:\/\/elixhealth.eu\/et\/toode\/mintti-breeze-kiire-ja-tapne-termomeeter-maluga\/","url":"https:\/\/elixhealth.eu\/et\/toode\/mintti-breeze-kiire-ja-tapne-termomeeter-maluga\/","name":"Mintti Breeze\u00ae | Kiire ja t\u00e4pne termomeeter m\u00e4luga | EliX Health - sobib ka imikutele","isPartOf":{"@id":"https:\/\/elixhealth.eu\/et\/#website"},"primaryImageOfPage":{"@id":"https:\/\/elixhealth.eu\/et\/toode\/mintti-breeze-kiire-ja-tapne-termomeeter-maluga\/#primaryimage"},"image":{"@id":"https:\/\/elixhealth.eu\/et\/toode\/mintti-breeze-kiire-ja-tapne-termomeeter-maluga\/#primaryimage"},"thumbnailUrl":"https:\/\/elixhealth.eu\/wp-content\/uploads\/2021\/08\/mintti_breeze_side_view_one.jpg","datePublished":"2021-08-20T20:20:14+00:00","dateModified":"2024-10-23T09:34:40+00:00","description":"Mintti Breeze infrapuna-termomeeter on m\u00f5eldud inimese kehatemperatuuri m\u00f5\u00f5tmiseks ja j\u00e4lgimiseks arsti poolt tervishoiuasutuses v\u00f5i tavakasutajale kodus","breadcrumb":{"@id":"https:\/\/elixhealth.eu\/et\/toode\/mintti-breeze-kiire-ja-tapne-termomeeter-maluga\/#breadcrumb"},"inLanguage":"et","potentialAction":[{"@type":"ReadAction","target":["https:\/\/elixhealth.eu\/et\/toode\/mintti-breeze-kiire-ja-tapne-termomeeter-maluga\/"]}]},{"@type":"ImageObject","inLanguage":"et","@id":"https:\/\/elixhealth.eu\/et\/toode\/mintti-breeze-kiire-ja-tapne-termomeeter-maluga\/#primaryimage","url":"https:\/\/elixhealth.eu\/wp-content\/uploads\/2021\/08\/mintti_breeze_side_view_one.jpg","contentUrl":"https:\/\/elixhealth.eu\/wp-content\/uploads\/2021\/08\/mintti_breeze_side_view_one.jpg","width":1500,"height":1555},{"@type":"BreadcrumbList","@id":"https:\/\/elixhealth.eu\/et\/toode\/mintti-breeze-kiire-ja-tapne-termomeeter-maluga\/#breadcrumb","itemListElement":[{"@type":"ListItem","position":1,"name":"Esileht","item":"https:\/\/elixhealth.eu\/et\/"},{"@type":"ListItem","position":2,"name":"Elix Health e-pood Eestis","item":"https:\/\/elixhealth.eu\/et\/pood-elix-health-tunne-oma-tervist\/"},{"@type":"ListItem","position":3,"name":"Mintti Breeze\u00ae | Kiire ja t\u00e4pne termomeeter m\u00e4luga"}]},{"@type":"WebSite","@id":"https:\/\/elixhealth.eu\/et\/#website","url":"https:\/\/elixhealth.eu\/et\/","name":"EliX Health","description":"High Purity NAD+ Products","publisher":{"@id":"https:\/\/elixhealth.eu\/et\/#organization"},"potentialAction":[{"@type":"SearchAction","target":{"@type":"EntryPoint","urlTemplate":"https:\/\/elixhealth.eu\/et\/?s={search_term_string}"},"query-input":{"@type":"PropertyValueSpecification","valueRequired":true,"valueName":"search_term_string"}}],"inLanguage":"et"},{"@type":"Organization","@id":"https:\/\/elixhealth.eu\/et\/#organization","name":"EliX Health Baltic","url":"https:\/\/elixhealth.eu\/et\/","logo":{"@type":"ImageObject","inLanguage":"et","@id":"https:\/\/elixhealth.eu\/et\/#\/schema\/logo\/image\/","url":"https:\/\/elixhealth.eu\/wp-content\/uploads\/2020\/06\/elix_logo_invoice.png","contentUrl":"https:\/\/elixhealth.eu\/wp-content\/uploads\/2020\/06\/elix_logo_invoice.png","width":315,"height":173,"caption":"EliX Health Baltic"},"image":{"@id":"https:\/\/elixhealth.eu\/et\/#\/schema\/logo\/image\/"},"sameAs":["https:\/\/www.facebook.com\/elixhealth.eu","https:\/\/www.instagram.com\/elixhealth.eu\/"]}]}},"_links":{"self":[{"href":"https:\/\/elixhealth.eu\/et\/wp-json\/wp\/v2\/product\/4339","targetHints":{"allow":["GET"]}}],"collection":[{"href":"https:\/\/elixhealth.eu\/et\/wp-json\/wp\/v2\/product"}],"about":[{"href":"https:\/\/elixhealth.eu\/et\/wp-json\/wp\/v2\/types\/product"}],"replies":[{"embeddable":true,"href":"https:\/\/elixhealth.eu\/et\/wp-json\/wp\/v2\/comments?post=4339"}],"wp:featuredmedia":[{"embeddable":true,"href":"https:\/\/elixhealth.eu\/et\/wp-json\/wp\/v2\/media\/4345"}],"wp:attachment":[{"href":"https:\/\/elixhealth.eu\/et\/wp-json\/wp\/v2\/media?parent=4339"}],"wp:term":[{"taxonomy":"product_brand","embeddable":true,"href":"https:\/\/elixhealth.eu\/et\/wp-json\/wp\/v2\/product_brand?post=4339"},{"taxonomy":"product_cat","embeddable":true,"href":"https:\/\/elixhealth.eu\/et\/wp-json\/wp\/v2\/product_cat?post=4339"},{"taxonomy":"product_tag","embeddable":true,"href":"https:\/\/elixhealth.eu\/et\/wp-json\/wp\/v2\/product_tag?post=4339"},{"taxonomy":"woo-feed-brand","embeddable":true,"href":"https:\/\/elixhealth.eu\/et\/wp-json\/wp\/v2\/woo-feed-brand?post=4339"}],"curies":[{"name":"wp","href":"https:\/\/api.w.org\/{rel}","templated":true}]}}