{"id":4312,"date":"2021-08-20T21:12:16","date_gmt":"2021-08-20T18:12:16","guid":{"rendered":"https:\/\/elixhealth.eu\/?post_type=product&#038;p=4312"},"modified":"2024-12-06T12:35:59","modified_gmt":"2024-12-06T10:35:59","slug":"mintti-vision-elutahtsate-tervisenaitajate-mootja","status":"publish","type":"product","link":"https:\/\/elixhealth.eu\/et\/toode\/mintti-vision-elutahtsate-tervisenaitajate-mootja\/","title":{"rendered":"Mintti Vision\u00ae | Elut\u00e4htsate tervisen\u00e4itajate m\u00f5\u00f5tja"},"content":{"rendered":"<div class=\"wpb-content-wrapper\">[vc_row css=&#8221;.vc_custom_1637340110651{margin-bottom: 0px !important;}&#8221;][vc_column][vc_column_text css=&#8221;.vc_custom_1729677486787{margin-bottom: 0px !important;}&#8221;]Seade on multifunktsionaalne, m\u00f5\u00f5tes s\u00fcdame l\u00f6\u00f6gisagedust, kehatemperatuuri, verer\u00f5hku ja vere hapnikusisaldust. Andmete t\u00f6\u00f6tlemiseks, j\u00e4lgimiseks ja jagamiseks \u00fchendub seade sinu mobiiltelefoniga.<br \/>\nToote osad: seade ja mansett + rakendus<\/p>\n<p>Kasutusotstarve:<br \/>\n1.Seade on m\u00f5eldud s\u00fcdame l\u00f6\u00f6gisageduse, EKG, kehatemperatuuri, vere\u00f5hu ja<br \/>\nvere hapnikusisalduse m\u00f5\u00f5tmiseks ning h\u00fcpertensiooni, palaviku v\u00f5i anoksiaga patsientide j\u00e4lgimiseks. See on m\u00f5eldud kasutamiseks kodus v\u00f5i tervishoiuasutustes. Seadet ei saa kasutada intensiivraviosakonnas.<br \/>\n2. K\u00f5rvalm\u00f5jud: ei ole kohaldatav<br \/>\n3. Kasutajaprofiil: Seade on m\u00f5eldud kasutamiseks nii \u00f5dede ja arstide kui ka tavakasutajate poolt, kellel pole erialaseid teadmisi, kuid kes oskavad lugeda ja m\u00f5ista inglise keelt.<br \/>\n4. \u00c4ra kasuta seadet kehaosal, mis on vigastatud v\u00f5i kus on nahainfektsioon.<br \/>\n5. Verer\u00f5hu m\u00f5\u00f5tmise funktsioon on m\u00f5eldud vanematele kui 12 eluaastat.<br \/>\n6. Kehatemperatuuri m\u00f5\u00f5tmise funktsioon on m\u00f5eldud vanematele kui 5 eluaastat.<br \/>\n7. S\u00fcdame l\u00f6\u00f6gisageduse ja vere hapnikusisalduse (SpO2) m\u00f5\u00f5tmise funktsioon on m\u00f5eldud vanematele kui 6 eluaastat.<br \/>\n8. Seadme k\u00e4itaja peab m\u00f5istma inglise keelt<\/p>\n<hr \/>\n[\/vc_column_text][\/vc_column][\/vc_row]\n<\/div>","protected":false},"excerpt":{"rendered":"<p data-pm-slice=\"1 1 []\">Tervisemonitor on juhtmevaba seade, mis edastab andmeid Bluetoothi kaudu ja \u00fchendub mobiilirakendusega. Infrapuna- ja r\u00f5huandurid m\u00f5\u00f5davad kehatemperatuuri, verer\u00f5hku ja pulsisagedust ning saadavad need andmed telefoni, kus need kuvatakse. Rakendus v\u00f5imaldab tervisen\u00e4itajate j\u00e4lgimist ning andmete lihtsat jagamist pereliikmete v\u00f5i meditsiinit\u00f6\u00f6tajatega vastavalt vajadusele.<\/p>\n<p>Toote video:<\/p>\n[embed]https:\/\/youtu.be\/CS6WlkHWy8M[\/embed]\n","protected":false},"featured_media":4336,"comment_status":"open","ping_status":"closed","template":"","meta":[],"product_brand":[],"product_cat":[60,36],"product_tag":[],"woo-feed-brand":[66],"class_list":{"0":"post-4312","1":"product","2":"type-product","3":"status-publish","4":"has-post-thumbnail","6":"product_cat-tervise-kaugmonitooring-seadmed","7":"product_cat-uncategorized-et","8":"woo-feed-brand-minttihealth","10":"first","11":"instock","12":"sale","13":"featured","14":"taxable","15":"shipping-taxable","16":"purchasable","17":"product-type-simple"},"yoast_head":"<!-- This site is optimized with the Yoast SEO plugin v27.0 - https:\/\/yoast.com\/product\/yoast-seo-wordpress\/ -->\n<title>Mintti Vision\u00ae | Elut\u00e4htsate tervisen\u00e4itajate m\u00f5\u00f5tja | EliX Health - Arst sinu kodus<\/title>\n<meta name=\"description\" content=\"Mintti Vision Elut\u00e4htsate tervisen\u00e4itajate m\u00f5\u00f5tja kogub Infrapuna- ja r\u00f5huandurite kaudu andmeid kehatemperatuuri, verer\u00f5hu ja pulsisageduse kohta, mis Bluetoothi kaudu edastatakse mobiiltelefoni, kus need kuvatakse.\" \/>\n<meta name=\"robots\" content=\"index, follow, max-snippet:-1, max-image-preview:large, max-video-preview:-1\" \/>\n<link rel=\"canonical\" href=\"https:\/\/elixhealth.eu\/et\/toode\/mintti-vision-elutahtsate-tervisenaitajate-mootja\/\" \/>\n<meta property=\"og:locale\" content=\"et_EE\" \/>\n<meta property=\"og:type\" content=\"article\" \/>\n<meta property=\"og:title\" content=\"Mintti Vision\u00ae | Elut\u00e4htsate tervisen\u00e4itajate m\u00f5\u00f5tja | EliX Health - Arst sinu kodus\" \/>\n<meta property=\"og:description\" content=\"Mintti Vision Elut\u00e4htsate tervisen\u00e4itajate m\u00f5\u00f5tja kogub Infrapuna- ja r\u00f5huandurite kaudu andmeid kehatemperatuuri, verer\u00f5hu ja pulsisageduse kohta, mis Bluetoothi kaudu edastatakse mobiiltelefoni, kus need kuvatakse.\" \/>\n<meta property=\"og:url\" content=\"https:\/\/elixhealth.eu\/et\/toode\/mintti-vision-elutahtsate-tervisenaitajate-mootja\/\" \/>\n<meta property=\"og:site_name\" content=\"EliX Health\" \/>\n<meta property=\"article:publisher\" content=\"https:\/\/www.facebook.com\/elixhealth.eu\" \/>\n<meta property=\"article:modified_time\" content=\"2024-12-06T10:35:59+00:00\" \/>\n<meta property=\"og:image\" content=\"https:\/\/elixhealth.eu\/wp-content\/uploads\/2021\/08\/mintti_vision_health_monitoring_device-1.jpg\" \/>\n\t<meta property=\"og:image:width\" content=\"1500\" \/>\n\t<meta property=\"og:image:height\" content=\"1359\" \/>\n\t<meta property=\"og:image:type\" content=\"image\/jpeg\" \/>\n<meta name=\"twitter:card\" content=\"summary_large_image\" \/>\n<meta name=\"twitter:label1\" content=\"Est. reading time\" \/>\n\t<meta name=\"twitter:data1\" content=\"1 minut\" \/>\n<script type=\"application\/ld+json\" class=\"yoast-schema-graph\">{\"@context\":\"https:\/\/schema.org\",\"@graph\":[{\"@type\":\"WebPage\",\"@id\":\"https:\/\/elixhealth.eu\/et\/toode\/mintti-vision-elutahtsate-tervisenaitajate-mootja\/\",\"url\":\"https:\/\/elixhealth.eu\/et\/toode\/mintti-vision-elutahtsate-tervisenaitajate-mootja\/\",\"name\":\"Mintti Vision\u00ae | Elut\u00e4htsate tervisen\u00e4itajate m\u00f5\u00f5tja | EliX Health - Arst sinu kodus\",\"isPartOf\":{\"@id\":\"https:\/\/elixhealth.eu\/et\/#website\"},\"primaryImageOfPage\":{\"@id\":\"https:\/\/elixhealth.eu\/et\/toode\/mintti-vision-elutahtsate-tervisenaitajate-mootja\/#primaryimage\"},\"image\":{\"@id\":\"https:\/\/elixhealth.eu\/et\/toode\/mintti-vision-elutahtsate-tervisenaitajate-mootja\/#primaryimage\"},\"thumbnailUrl\":\"https:\/\/elixhealth.eu\/wp-content\/uploads\/2021\/08\/mintti_vision_health_monitoring_device-1.jpg\",\"datePublished\":\"2021-08-20T18:12:16+00:00\",\"dateModified\":\"2024-12-06T10:35:59+00:00\",\"description\":\"Mintti Vision Elut\u00e4htsate tervisen\u00e4itajate m\u00f5\u00f5tja kogub Infrapuna- ja r\u00f5huandurite kaudu andmeid kehatemperatuuri, verer\u00f5hu ja pulsisageduse kohta, mis Bluetoothi kaudu edastatakse mobiiltelefoni, kus need kuvatakse.\",\"breadcrumb\":{\"@id\":\"https:\/\/elixhealth.eu\/et\/toode\/mintti-vision-elutahtsate-tervisenaitajate-mootja\/#breadcrumb\"},\"inLanguage\":\"et\",\"potentialAction\":[{\"@type\":\"ReadAction\",\"target\":[\"https:\/\/elixhealth.eu\/et\/toode\/mintti-vision-elutahtsate-tervisenaitajate-mootja\/\"]}]},{\"@type\":\"ImageObject\",\"inLanguage\":\"et\",\"@id\":\"https:\/\/elixhealth.eu\/et\/toode\/mintti-vision-elutahtsate-tervisenaitajate-mootja\/#primaryimage\",\"url\":\"https:\/\/elixhealth.eu\/wp-content\/uploads\/2021\/08\/mintti_vision_health_monitoring_device-1.jpg\",\"contentUrl\":\"https:\/\/elixhealth.eu\/wp-content\/uploads\/2021\/08\/mintti_vision_health_monitoring_device-1.jpg\",\"width\":1500,\"height\":1359},{\"@type\":\"BreadcrumbList\",\"@id\":\"https:\/\/elixhealth.eu\/et\/toode\/mintti-vision-elutahtsate-tervisenaitajate-mootja\/#breadcrumb\",\"itemListElement\":[{\"@type\":\"ListItem\",\"position\":1,\"name\":\"Esileht\",\"item\":\"https:\/\/elixhealth.eu\/et\/\"},{\"@type\":\"ListItem\",\"position\":2,\"name\":\"Elix Health e-pood Eestis\",\"item\":\"https:\/\/elixhealth.eu\/et\/pood-elix-health-tunne-oma-tervist\/\"},{\"@type\":\"ListItem\",\"position\":3,\"name\":\"Mintti Vision\u00ae | Elut\u00e4htsate tervisen\u00e4itajate m\u00f5\u00f5tja\"}]},{\"@type\":\"WebSite\",\"@id\":\"https:\/\/elixhealth.eu\/et\/#website\",\"url\":\"https:\/\/elixhealth.eu\/et\/\",\"name\":\"EliX Health\",\"description\":\"High Purity NAD+ Products\",\"publisher\":{\"@id\":\"https:\/\/elixhealth.eu\/et\/#organization\"},\"potentialAction\":[{\"@type\":\"SearchAction\",\"target\":{\"@type\":\"EntryPoint\",\"urlTemplate\":\"https:\/\/elixhealth.eu\/et\/?s={search_term_string}\"},\"query-input\":{\"@type\":\"PropertyValueSpecification\",\"valueRequired\":true,\"valueName\":\"search_term_string\"}}],\"inLanguage\":\"et\"},{\"@type\":\"Organization\",\"@id\":\"https:\/\/elixhealth.eu\/et\/#organization\",\"name\":\"EliX Health Baltic\",\"url\":\"https:\/\/elixhealth.eu\/et\/\",\"logo\":{\"@type\":\"ImageObject\",\"inLanguage\":\"et\",\"@id\":\"https:\/\/elixhealth.eu\/et\/#\/schema\/logo\/image\/\",\"url\":\"https:\/\/elixhealth.eu\/wp-content\/uploads\/2020\/06\/elix_logo_invoice.png\",\"contentUrl\":\"https:\/\/elixhealth.eu\/wp-content\/uploads\/2020\/06\/elix_logo_invoice.png\",\"width\":315,\"height\":173,\"caption\":\"EliX Health Baltic\"},\"image\":{\"@id\":\"https:\/\/elixhealth.eu\/et\/#\/schema\/logo\/image\/\"},\"sameAs\":[\"https:\/\/www.facebook.com\/elixhealth.eu\",\"https:\/\/www.instagram.com\/elixhealth.eu\/\"]}]}<\/script>\n<!-- \/ Yoast SEO plugin. -->","yoast_head_json":{"title":"Mintti Vision\u00ae | Elut\u00e4htsate tervisen\u00e4itajate m\u00f5\u00f5tja | EliX Health - Arst sinu kodus","description":"Mintti Vision Elut\u00e4htsate tervisen\u00e4itajate m\u00f5\u00f5tja kogub Infrapuna- ja r\u00f5huandurite kaudu andmeid kehatemperatuuri, verer\u00f5hu ja pulsisageduse kohta, mis Bluetoothi kaudu edastatakse mobiiltelefoni, kus need kuvatakse.","robots":{"index":"index","follow":"follow","max-snippet":"max-snippet:-1","max-image-preview":"max-image-preview:large","max-video-preview":"max-video-preview:-1"},"canonical":"https:\/\/elixhealth.eu\/et\/toode\/mintti-vision-elutahtsate-tervisenaitajate-mootja\/","og_locale":"et_EE","og_type":"article","og_title":"Mintti Vision\u00ae | Elut\u00e4htsate tervisen\u00e4itajate m\u00f5\u00f5tja | EliX Health - Arst sinu kodus","og_description":"Mintti Vision Elut\u00e4htsate tervisen\u00e4itajate m\u00f5\u00f5tja kogub Infrapuna- ja r\u00f5huandurite kaudu andmeid kehatemperatuuri, verer\u00f5hu ja pulsisageduse kohta, mis Bluetoothi kaudu edastatakse mobiiltelefoni, kus need kuvatakse.","og_url":"https:\/\/elixhealth.eu\/et\/toode\/mintti-vision-elutahtsate-tervisenaitajate-mootja\/","og_site_name":"EliX Health","article_publisher":"https:\/\/www.facebook.com\/elixhealth.eu","article_modified_time":"2024-12-06T10:35:59+00:00","og_image":[{"width":1500,"height":1359,"url":"https:\/\/elixhealth.eu\/wp-content\/uploads\/2021\/08\/mintti_vision_health_monitoring_device-1.jpg","type":"image\/jpeg"}],"twitter_card":"summary_large_image","twitter_misc":{"Est. reading time":"1 minut"},"schema":{"@context":"https:\/\/schema.org","@graph":[{"@type":"WebPage","@id":"https:\/\/elixhealth.eu\/et\/toode\/mintti-vision-elutahtsate-tervisenaitajate-mootja\/","url":"https:\/\/elixhealth.eu\/et\/toode\/mintti-vision-elutahtsate-tervisenaitajate-mootja\/","name":"Mintti Vision\u00ae | Elut\u00e4htsate tervisen\u00e4itajate m\u00f5\u00f5tja | EliX Health - Arst sinu kodus","isPartOf":{"@id":"https:\/\/elixhealth.eu\/et\/#website"},"primaryImageOfPage":{"@id":"https:\/\/elixhealth.eu\/et\/toode\/mintti-vision-elutahtsate-tervisenaitajate-mootja\/#primaryimage"},"image":{"@id":"https:\/\/elixhealth.eu\/et\/toode\/mintti-vision-elutahtsate-tervisenaitajate-mootja\/#primaryimage"},"thumbnailUrl":"https:\/\/elixhealth.eu\/wp-content\/uploads\/2021\/08\/mintti_vision_health_monitoring_device-1.jpg","datePublished":"2021-08-20T18:12:16+00:00","dateModified":"2024-12-06T10:35:59+00:00","description":"Mintti Vision Elut\u00e4htsate tervisen\u00e4itajate m\u00f5\u00f5tja kogub Infrapuna- ja r\u00f5huandurite kaudu andmeid kehatemperatuuri, verer\u00f5hu ja pulsisageduse kohta, mis Bluetoothi kaudu edastatakse mobiiltelefoni, kus need kuvatakse.","breadcrumb":{"@id":"https:\/\/elixhealth.eu\/et\/toode\/mintti-vision-elutahtsate-tervisenaitajate-mootja\/#breadcrumb"},"inLanguage":"et","potentialAction":[{"@type":"ReadAction","target":["https:\/\/elixhealth.eu\/et\/toode\/mintti-vision-elutahtsate-tervisenaitajate-mootja\/"]}]},{"@type":"ImageObject","inLanguage":"et","@id":"https:\/\/elixhealth.eu\/et\/toode\/mintti-vision-elutahtsate-tervisenaitajate-mootja\/#primaryimage","url":"https:\/\/elixhealth.eu\/wp-content\/uploads\/2021\/08\/mintti_vision_health_monitoring_device-1.jpg","contentUrl":"https:\/\/elixhealth.eu\/wp-content\/uploads\/2021\/08\/mintti_vision_health_monitoring_device-1.jpg","width":1500,"height":1359},{"@type":"BreadcrumbList","@id":"https:\/\/elixhealth.eu\/et\/toode\/mintti-vision-elutahtsate-tervisenaitajate-mootja\/#breadcrumb","itemListElement":[{"@type":"ListItem","position":1,"name":"Esileht","item":"https:\/\/elixhealth.eu\/et\/"},{"@type":"ListItem","position":2,"name":"Elix Health e-pood Eestis","item":"https:\/\/elixhealth.eu\/et\/pood-elix-health-tunne-oma-tervist\/"},{"@type":"ListItem","position":3,"name":"Mintti Vision\u00ae | Elut\u00e4htsate tervisen\u00e4itajate m\u00f5\u00f5tja"}]},{"@type":"WebSite","@id":"https:\/\/elixhealth.eu\/et\/#website","url":"https:\/\/elixhealth.eu\/et\/","name":"EliX Health","description":"High Purity NAD+ Products","publisher":{"@id":"https:\/\/elixhealth.eu\/et\/#organization"},"potentialAction":[{"@type":"SearchAction","target":{"@type":"EntryPoint","urlTemplate":"https:\/\/elixhealth.eu\/et\/?s={search_term_string}"},"query-input":{"@type":"PropertyValueSpecification","valueRequired":true,"valueName":"search_term_string"}}],"inLanguage":"et"},{"@type":"Organization","@id":"https:\/\/elixhealth.eu\/et\/#organization","name":"EliX Health Baltic","url":"https:\/\/elixhealth.eu\/et\/","logo":{"@type":"ImageObject","inLanguage":"et","@id":"https:\/\/elixhealth.eu\/et\/#\/schema\/logo\/image\/","url":"https:\/\/elixhealth.eu\/wp-content\/uploads\/2020\/06\/elix_logo_invoice.png","contentUrl":"https:\/\/elixhealth.eu\/wp-content\/uploads\/2020\/06\/elix_logo_invoice.png","width":315,"height":173,"caption":"EliX Health Baltic"},"image":{"@id":"https:\/\/elixhealth.eu\/et\/#\/schema\/logo\/image\/"},"sameAs":["https:\/\/www.facebook.com\/elixhealth.eu","https:\/\/www.instagram.com\/elixhealth.eu\/"]}]}},"_links":{"self":[{"href":"https:\/\/elixhealth.eu\/et\/wp-json\/wp\/v2\/product\/4312","targetHints":{"allow":["GET"]}}],"collection":[{"href":"https:\/\/elixhealth.eu\/et\/wp-json\/wp\/v2\/product"}],"about":[{"href":"https:\/\/elixhealth.eu\/et\/wp-json\/wp\/v2\/types\/product"}],"replies":[{"embeddable":true,"href":"https:\/\/elixhealth.eu\/et\/wp-json\/wp\/v2\/comments?post=4312"}],"wp:featuredmedia":[{"embeddable":true,"href":"https:\/\/elixhealth.eu\/et\/wp-json\/wp\/v2\/media\/4336"}],"wp:attachment":[{"href":"https:\/\/elixhealth.eu\/et\/wp-json\/wp\/v2\/media?parent=4312"}],"wp:term":[{"taxonomy":"product_brand","embeddable":true,"href":"https:\/\/elixhealth.eu\/et\/wp-json\/wp\/v2\/product_brand?post=4312"},{"taxonomy":"product_cat","embeddable":true,"href":"https:\/\/elixhealth.eu\/et\/wp-json\/wp\/v2\/product_cat?post=4312"},{"taxonomy":"product_tag","embeddable":true,"href":"https:\/\/elixhealth.eu\/et\/wp-json\/wp\/v2\/product_tag?post=4312"},{"taxonomy":"woo-feed-brand","embeddable":true,"href":"https:\/\/elixhealth.eu\/et\/wp-json\/wp\/v2\/woo-feed-brand?post=4312"}],"curies":[{"name":"wp","href":"https:\/\/api.w.org\/{rel}","templated":true}]}}