{"id":4101,"date":"2020-10-08T13:11:32","date_gmt":"2020-10-08T10:11:32","guid":{"rendered":"https:\/\/elixhealth.eu\/?post_type=product&#038;p=4101"},"modified":"2021-09-03T23:07:27","modified_gmt":"2021-09-03T20:07:27","slug":"elix-health-nmn-kapslid-60-x-250mg-nikotiinamiid-mononukleotiid-99-2","status":"publish","type":"product","link":"https:\/\/elixhealth.eu\/et\/toode\/elix-health-nmn-kapslid-60-x-250mg-nikotiinamiid-mononukleotiid-99-2\/","title":{"rendered":"ELIX HEALTH NMN kapslid | 60 x 250mg | Nikotiinamiid mononukleotiid (99%)"},"content":{"rendered":"[sg_popup id=&#8221;4163&#8243; event=&#8221;onLoad&#8221;][\/sg_popup]Elix Health NMN on igap\u00e4evane toidulisand, mis on m\u00f5eldud raku NAD+ taseme t\u00f5stmiseks ja sirtuiinide (geenide perekond, mis m\u00e4ngib rolli raku tervise reguleerimisel ja saab funktsioneerida ainult NAD+ juuresolekul) aktiveerimiseks.<br \/>\nVananedes NAD+ tase langeb loomulikul viisil. NAD+ on aga \u00e4\u00e4rmiselt vajalik elut\u00e4htsate rakuliste protsesside jaoks, sealhulgas raku energia tootmine ja DNA tervislik s\u00e4ilitamine.<br \/>\nNMN on k\u00f5ige t\u00f5husaim toode rakusisese NAD+ taseme taastamisel.<\/p>\n","protected":false},"excerpt":{"rendered":"<p>NMN on otsene m\u00f5jutaja vananemise vastase NAD+ molekulile, mida rakud vajavad geenide reguleerimiseks, DNA parandamiseks ja rakuenergia loomiseks.<br \/>\nNAD+ on Sirtuiinide ehk pikaealisuse geenide aktivaator.<\/p>\n","protected":false},"featured_media":3331,"comment_status":"open","ping_status":"closed","template":"","meta":[],"product_brand":[],"product_cat":[36],"product_tag":[],"woo-feed-brand":[],"class_list":{"0":"post-4101","1":"product","2":"type-product","3":"status-publish","4":"has-post-thumbnail","6":"product_cat-uncategorized-et","8":"first","9":"outofstock","10":"featured","11":"taxable","12":"shipping-taxable","13":"purchasable","14":"product-type-simple"},"yoast_head":"<!-- This site is optimized with the Yoast SEO plugin v27.0 - https:\/\/yoast.com\/product\/yoast-seo-wordpress\/ -->\n<title>ELIX HEALTH NMN kapslid | 60 x 250mg | Nikotiinamiid mononukleotiid (99%) | EliX Health - High Purity NAD+ Products<\/title>\n<meta name=\"robots\" content=\"index, follow, max-snippet:-1, max-image-preview:large, max-video-preview:-1\" \/>\n<link rel=\"canonical\" href=\"https:\/\/elixhealth.eu\/et\/toode\/elix-health-nmn-kapslid-60-x-250mg-nikotiinamiid-mononukleotiid-99-2\/\" \/>\n<meta property=\"og:locale\" content=\"et_EE\" \/>\n<meta property=\"og:type\" content=\"article\" \/>\n<meta property=\"og:title\" content=\"ELIX HEALTH NMN kapslid | 60 x 250mg | Nikotiinamiid mononukleotiid (99%) | EliX Health - High Purity NAD+ Products\" \/>\n<meta property=\"og:description\" content=\"NMN on otsene m\u00f5jutaja vananemise vastase NAD+ molekulile, mida rakud vajavad geenide reguleerimiseks, DNA parandamiseks ja rakuenergia loomiseks. NAD+ on Sirtuiinide ehk pikaealisuse geenide aktivaator.\" \/>\n<meta property=\"og:url\" content=\"https:\/\/elixhealth.eu\/et\/toode\/elix-health-nmn-kapslid-60-x-250mg-nikotiinamiid-mononukleotiid-99-2\/\" \/>\n<meta property=\"og:site_name\" content=\"EliX Health\" \/>\n<meta property=\"article:publisher\" content=\"https:\/\/www.facebook.com\/elixhealth.eu\" \/>\n<meta property=\"article:modified_time\" content=\"2021-09-03T20:07:27+00:00\" \/>\n<meta property=\"og:image\" content=\"https:\/\/elixhealth.eu\/wp-content\/uploads\/2020\/04\/elix-nad.jpg\" \/>\n\t<meta property=\"og:image:width\" content=\"1500\" \/>\n\t<meta property=\"og:image:height\" content=\"1500\" \/>\n\t<meta property=\"og:image:type\" content=\"image\/jpeg\" \/>\n<meta name=\"twitter:card\" content=\"summary_large_image\" \/>\n<script type=\"application\/ld+json\" class=\"yoast-schema-graph\">{\"@context\":\"https:\/\/schema.org\",\"@graph\":[{\"@type\":\"WebPage\",\"@id\":\"https:\/\/elixhealth.eu\/et\/toode\/elix-health-nmn-kapslid-60-x-250mg-nikotiinamiid-mononukleotiid-99-2\/\",\"url\":\"https:\/\/elixhealth.eu\/et\/toode\/elix-health-nmn-kapslid-60-x-250mg-nikotiinamiid-mononukleotiid-99-2\/\",\"name\":\"ELIX HEALTH NMN kapslid | 60 x 250mg | Nikotiinamiid mononukleotiid (99%) | EliX Health - High Purity NAD+ Products\",\"isPartOf\":{\"@id\":\"https:\/\/elixhealth.eu\/et\/#website\"},\"primaryImageOfPage\":{\"@id\":\"https:\/\/elixhealth.eu\/et\/toode\/elix-health-nmn-kapslid-60-x-250mg-nikotiinamiid-mononukleotiid-99-2\/#primaryimage\"},\"image\":{\"@id\":\"https:\/\/elixhealth.eu\/et\/toode\/elix-health-nmn-kapslid-60-x-250mg-nikotiinamiid-mononukleotiid-99-2\/#primaryimage\"},\"thumbnailUrl\":\"https:\/\/elixhealth.eu\/wp-content\/uploads\/2020\/04\/elix-nad.jpg\",\"datePublished\":\"2020-10-08T10:11:32+00:00\",\"dateModified\":\"2021-09-03T20:07:27+00:00\",\"breadcrumb\":{\"@id\":\"https:\/\/elixhealth.eu\/et\/toode\/elix-health-nmn-kapslid-60-x-250mg-nikotiinamiid-mononukleotiid-99-2\/#breadcrumb\"},\"inLanguage\":\"et\",\"potentialAction\":[{\"@type\":\"ReadAction\",\"target\":[\"https:\/\/elixhealth.eu\/et\/toode\/elix-health-nmn-kapslid-60-x-250mg-nikotiinamiid-mononukleotiid-99-2\/\"]}]},{\"@type\":\"ImageObject\",\"inLanguage\":\"et\",\"@id\":\"https:\/\/elixhealth.eu\/et\/toode\/elix-health-nmn-kapslid-60-x-250mg-nikotiinamiid-mononukleotiid-99-2\/#primaryimage\",\"url\":\"https:\/\/elixhealth.eu\/wp-content\/uploads\/2020\/04\/elix-nad.jpg\",\"contentUrl\":\"https:\/\/elixhealth.eu\/wp-content\/uploads\/2020\/04\/elix-nad.jpg\",\"width\":1500,\"height\":1500},{\"@type\":\"BreadcrumbList\",\"@id\":\"https:\/\/elixhealth.eu\/et\/toode\/elix-health-nmn-kapslid-60-x-250mg-nikotiinamiid-mononukleotiid-99-2\/#breadcrumb\",\"itemListElement\":[{\"@type\":\"ListItem\",\"position\":1,\"name\":\"Esileht\",\"item\":\"https:\/\/elixhealth.eu\/et\/\"},{\"@type\":\"ListItem\",\"position\":2,\"name\":\"Elix Health e-pood Eestis\",\"item\":\"https:\/\/elixhealth.eu\/et\/pood-elix-health-tunne-oma-tervist\/\"},{\"@type\":\"ListItem\",\"position\":3,\"name\":\"ELIX HEALTH NMN kapslid | 60 x 250mg | Nikotiinamiid mononukleotiid (99%)\"}]},{\"@type\":\"WebSite\",\"@id\":\"https:\/\/elixhealth.eu\/et\/#website\",\"url\":\"https:\/\/elixhealth.eu\/et\/\",\"name\":\"EliX Health\",\"description\":\"High Purity NAD+ Products\",\"publisher\":{\"@id\":\"https:\/\/elixhealth.eu\/et\/#organization\"},\"potentialAction\":[{\"@type\":\"SearchAction\",\"target\":{\"@type\":\"EntryPoint\",\"urlTemplate\":\"https:\/\/elixhealth.eu\/et\/?s={search_term_string}\"},\"query-input\":{\"@type\":\"PropertyValueSpecification\",\"valueRequired\":true,\"valueName\":\"search_term_string\"}}],\"inLanguage\":\"et\"},{\"@type\":\"Organization\",\"@id\":\"https:\/\/elixhealth.eu\/et\/#organization\",\"name\":\"EliX Health Baltic\",\"url\":\"https:\/\/elixhealth.eu\/et\/\",\"logo\":{\"@type\":\"ImageObject\",\"inLanguage\":\"et\",\"@id\":\"https:\/\/elixhealth.eu\/et\/#\/schema\/logo\/image\/\",\"url\":\"https:\/\/elixhealth.eu\/wp-content\/uploads\/2020\/06\/elix_logo_invoice.png\",\"contentUrl\":\"https:\/\/elixhealth.eu\/wp-content\/uploads\/2020\/06\/elix_logo_invoice.png\",\"width\":315,\"height\":173,\"caption\":\"EliX Health Baltic\"},\"image\":{\"@id\":\"https:\/\/elixhealth.eu\/et\/#\/schema\/logo\/image\/\"},\"sameAs\":[\"https:\/\/www.facebook.com\/elixhealth.eu\",\"https:\/\/www.instagram.com\/elixhealth.eu\/\"]}]}<\/script>\n<!-- \/ Yoast SEO plugin. -->","yoast_head_json":{"title":"ELIX HEALTH NMN kapslid | 60 x 250mg | Nikotiinamiid mononukleotiid (99%) | EliX Health - High Purity NAD+ Products","robots":{"index":"index","follow":"follow","max-snippet":"max-snippet:-1","max-image-preview":"max-image-preview:large","max-video-preview":"max-video-preview:-1"},"canonical":"https:\/\/elixhealth.eu\/et\/toode\/elix-health-nmn-kapslid-60-x-250mg-nikotiinamiid-mononukleotiid-99-2\/","og_locale":"et_EE","og_type":"article","og_title":"ELIX HEALTH NMN kapslid | 60 x 250mg | Nikotiinamiid mononukleotiid (99%) | EliX Health - High Purity NAD+ Products","og_description":"NMN on otsene m\u00f5jutaja vananemise vastase NAD+ molekulile, mida rakud vajavad geenide reguleerimiseks, DNA parandamiseks ja rakuenergia loomiseks. NAD+ on Sirtuiinide ehk pikaealisuse geenide aktivaator.","og_url":"https:\/\/elixhealth.eu\/et\/toode\/elix-health-nmn-kapslid-60-x-250mg-nikotiinamiid-mononukleotiid-99-2\/","og_site_name":"EliX Health","article_publisher":"https:\/\/www.facebook.com\/elixhealth.eu","article_modified_time":"2021-09-03T20:07:27+00:00","og_image":[{"width":1500,"height":1500,"url":"https:\/\/elixhealth.eu\/wp-content\/uploads\/2020\/04\/elix-nad.jpg","type":"image\/jpeg"}],"twitter_card":"summary_large_image","schema":{"@context":"https:\/\/schema.org","@graph":[{"@type":"WebPage","@id":"https:\/\/elixhealth.eu\/et\/toode\/elix-health-nmn-kapslid-60-x-250mg-nikotiinamiid-mononukleotiid-99-2\/","url":"https:\/\/elixhealth.eu\/et\/toode\/elix-health-nmn-kapslid-60-x-250mg-nikotiinamiid-mononukleotiid-99-2\/","name":"ELIX HEALTH NMN kapslid | 60 x 250mg | Nikotiinamiid mononukleotiid (99%) | EliX Health - High Purity NAD+ Products","isPartOf":{"@id":"https:\/\/elixhealth.eu\/et\/#website"},"primaryImageOfPage":{"@id":"https:\/\/elixhealth.eu\/et\/toode\/elix-health-nmn-kapslid-60-x-250mg-nikotiinamiid-mononukleotiid-99-2\/#primaryimage"},"image":{"@id":"https:\/\/elixhealth.eu\/et\/toode\/elix-health-nmn-kapslid-60-x-250mg-nikotiinamiid-mononukleotiid-99-2\/#primaryimage"},"thumbnailUrl":"https:\/\/elixhealth.eu\/wp-content\/uploads\/2020\/04\/elix-nad.jpg","datePublished":"2020-10-08T10:11:32+00:00","dateModified":"2021-09-03T20:07:27+00:00","breadcrumb":{"@id":"https:\/\/elixhealth.eu\/et\/toode\/elix-health-nmn-kapslid-60-x-250mg-nikotiinamiid-mononukleotiid-99-2\/#breadcrumb"},"inLanguage":"et","potentialAction":[{"@type":"ReadAction","target":["https:\/\/elixhealth.eu\/et\/toode\/elix-health-nmn-kapslid-60-x-250mg-nikotiinamiid-mononukleotiid-99-2\/"]}]},{"@type":"ImageObject","inLanguage":"et","@id":"https:\/\/elixhealth.eu\/et\/toode\/elix-health-nmn-kapslid-60-x-250mg-nikotiinamiid-mononukleotiid-99-2\/#primaryimage","url":"https:\/\/elixhealth.eu\/wp-content\/uploads\/2020\/04\/elix-nad.jpg","contentUrl":"https:\/\/elixhealth.eu\/wp-content\/uploads\/2020\/04\/elix-nad.jpg","width":1500,"height":1500},{"@type":"BreadcrumbList","@id":"https:\/\/elixhealth.eu\/et\/toode\/elix-health-nmn-kapslid-60-x-250mg-nikotiinamiid-mononukleotiid-99-2\/#breadcrumb","itemListElement":[{"@type":"ListItem","position":1,"name":"Esileht","item":"https:\/\/elixhealth.eu\/et\/"},{"@type":"ListItem","position":2,"name":"Elix Health e-pood Eestis","item":"https:\/\/elixhealth.eu\/et\/pood-elix-health-tunne-oma-tervist\/"},{"@type":"ListItem","position":3,"name":"ELIX HEALTH NMN kapslid | 60 x 250mg | Nikotiinamiid mononukleotiid (99%)"}]},{"@type":"WebSite","@id":"https:\/\/elixhealth.eu\/et\/#website","url":"https:\/\/elixhealth.eu\/et\/","name":"EliX Health","description":"High Purity NAD+ Products","publisher":{"@id":"https:\/\/elixhealth.eu\/et\/#organization"},"potentialAction":[{"@type":"SearchAction","target":{"@type":"EntryPoint","urlTemplate":"https:\/\/elixhealth.eu\/et\/?s={search_term_string}"},"query-input":{"@type":"PropertyValueSpecification","valueRequired":true,"valueName":"search_term_string"}}],"inLanguage":"et"},{"@type":"Organization","@id":"https:\/\/elixhealth.eu\/et\/#organization","name":"EliX Health Baltic","url":"https:\/\/elixhealth.eu\/et\/","logo":{"@type":"ImageObject","inLanguage":"et","@id":"https:\/\/elixhealth.eu\/et\/#\/schema\/logo\/image\/","url":"https:\/\/elixhealth.eu\/wp-content\/uploads\/2020\/06\/elix_logo_invoice.png","contentUrl":"https:\/\/elixhealth.eu\/wp-content\/uploads\/2020\/06\/elix_logo_invoice.png","width":315,"height":173,"caption":"EliX Health Baltic"},"image":{"@id":"https:\/\/elixhealth.eu\/et\/#\/schema\/logo\/image\/"},"sameAs":["https:\/\/www.facebook.com\/elixhealth.eu","https:\/\/www.instagram.com\/elixhealth.eu\/"]}]}},"_links":{"self":[{"href":"https:\/\/elixhealth.eu\/et\/wp-json\/wp\/v2\/product\/4101","targetHints":{"allow":["GET"]}}],"collection":[{"href":"https:\/\/elixhealth.eu\/et\/wp-json\/wp\/v2\/product"}],"about":[{"href":"https:\/\/elixhealth.eu\/et\/wp-json\/wp\/v2\/types\/product"}],"replies":[{"embeddable":true,"href":"https:\/\/elixhealth.eu\/et\/wp-json\/wp\/v2\/comments?post=4101"}],"wp:featuredmedia":[{"embeddable":true,"href":"https:\/\/elixhealth.eu\/et\/wp-json\/wp\/v2\/media\/3331"}],"wp:attachment":[{"href":"https:\/\/elixhealth.eu\/et\/wp-json\/wp\/v2\/media?parent=4101"}],"wp:term":[{"taxonomy":"product_brand","embeddable":true,"href":"https:\/\/elixhealth.eu\/et\/wp-json\/wp\/v2\/product_brand?post=4101"},{"taxonomy":"product_cat","embeddable":true,"href":"https:\/\/elixhealth.eu\/et\/wp-json\/wp\/v2\/product_cat?post=4101"},{"taxonomy":"product_tag","embeddable":true,"href":"https:\/\/elixhealth.eu\/et\/wp-json\/wp\/v2\/product_tag?post=4101"},{"taxonomy":"woo-feed-brand","embeddable":true,"href":"https:\/\/elixhealth.eu\/et\/wp-json\/wp\/v2\/woo-feed-brand?post=4101"}],"curies":[{"name":"wp","href":"https:\/\/api.w.org\/{rel}","templated":true}]}}