{"id":4603,"date":"2021-11-12T16:59:30","date_gmt":"2021-11-12T14:59:30","guid":{"rendered":"https:\/\/elixhealth.eu\/?page_id=4603"},"modified":"2024-10-23T13:42:02","modified_gmt":"2024-10-23T10:42:02","slug":"mintti-health-europe","status":"publish","type":"page","link":"https:\/\/elixhealth.eu\/et\/mintti-health-europe\/","title":{"rendered":"Mintti Health Europe"},"content":{"rendered":"<div class=\"wpb-content-wrapper\">[vc_row css=&#8221;.vc_custom_1594038180890{padding-top: 60px !important;}&#8221; id=&#8221;nadplus&#8221;][vc_column][mk_fancy_title tag_name=&#8221;span&#8221; size=&#8221;24&#8243; font_family=&#8221;none&#8221;]\n<p style=\"text-align: center;\">Minttihealthi asutajad &#8211; Enam kui kaksk\u00fcmmend aastat kogemust meditsiiniseadmete tootmises, arendamises ja turustamises &#8211; tulid\u00a0 kokku, et kasutada kaasaegseid tehnoloogiaid tervema ja muretuma maailma loomisel.<\/p>\n[\/mk_fancy_title][\/vc_column][\/vc_row][vc_row css=&#8221;.vc_custom_1629236379546{padding-top: 60px !important;}&#8221; id=&#8221;vision&#8221;][vc_column][mk_fancy_title size=&#8221;36&#8243; font_family=&#8221;none&#8221; responsive_align=&#8221;left&#8221;]Ettev\u00f5tte missioon[\/mk_fancy_title][vc_column_text css=&#8221;.vc_custom_1729679792302{margin-bottom: 0px !important;}&#8221;]Meie missioon on leida uusi lahendusi ja vahendeid, alustades riist- ja tarkvaratehnoloogiast, et optimeerida haiguste j\u00e4lgimist ja abimeditsiini praktikat. Keskendume suurandmete anal\u00fc\u00fcsile ja tehisintellekti kasutamisele tervishoius, et tagada k\u00f5igile ligip\u00e4\u00e4s t\u00f5husamale ja paremale tervishoiuteenusele.[\/vc_column_text][\/vc_column][\/vc_row][vc_row css=&#8221;.vc_custom_1594038193512{padding-top: 60px !important;}&#8221; id=&#8221;nmn&#8221;][vc_column][mk_fancy_title size=&#8221;36&#8243; font_family=&#8221;none&#8221; responsive_align=&#8221;left&#8221;]Teadus- ja arendustegevus[\/mk_fancy_title][vc_column_text disable_pattern=&#8221;false&#8221; css=&#8221;.vc_custom_1729679850564{margin-bottom: 0px !important;}&#8221;]Minttihealth on uhke oma silmapaistva meeskonna \u00fcle, kuhu kuuluvad Hiina Teaduste Akadeemia teadlased ning erinevate valdkondade juhid, nagu andurid, akustiline ja elektri-f\u00fcsioloogiline signaalit\u00f6\u00f6tlus, intelligentsete v\u00f5rgus\u00fcsteemide arendus ja algoritmid. Meeskonnas on ka insenere, kellel on kogemus intelligentsete elektroonikaseadmete projekteerimises ja tootmises, ning eksperte maailma juhtivatest tehnoloogiaettev\u00f5tetest, kellel on s\u00fcgav arusaam turu vajadustest.[\/vc_column_text][mk_image src=&#8221;https:\/\/elixhealth.eu\/wp-content\/uploads\/2021\/06\/6.jpg&#8221; image_size=&#8221;full&#8221; align=&#8221;center&#8221; margin_bottom=&#8221;0&#8243;][vc_column_text css=&#8221;.vc_custom_1633033154290{margin-bottom: 0px !important;}&#8221;]<a href=\"https:\/\/elixhealth.eu\/et\/meist-elix-health-eesti\/\">Kaubam\u00e4rkide Philips Healthcare ja Siemens Medical provintsi esindaja Hiinas.<\/a>[\/vc_column_text][\/vc_column][\/vc_row][vc_row css=&#8221;.vc_custom_1594038255372{padding-top: 60px !important;}&#8221; id=&#8221;sirtuins&#8221;][vc_column][mk_fancy_title size=&#8221;36&#8243; font_family=&#8221;none&#8221; responsive_align=&#8221;left&#8221;]Andmebaas + kliinilise meditsiini eksperdid[\/mk_fancy_title][vc_column_text css=&#8221;.vc_custom_1729679895534{margin-bottom: 0px !important;}&#8221;]Minttihealthil on v\u00e4\u00e4rtuslik ekspertide v\u00f5rgustik, kus k\u00fcmned kliinilise meditsiini spetsialistid sisestavad suurandmeid ettev\u00f5tte telemeditsiinis\u00fcsteemi, jagades oma kliinilist kogemust. See kasutajaandmete kogumine ja anal\u00fc\u00fcs v\u00f5imaldab toodete t\u00f5husamat testimist ning algoritmide t\u00e4psemat kalibreerimist ja kontrolli.[\/vc_column_text][\/vc_column][\/vc_row][vc_row css=&#8221;.vc_custom_1629236396984{padding-top: 60px !important;}&#8221; id=&#8221;breeze&#8221;][vc_column][mk_fancy_title size=&#8221;36&#8243; font_family=&#8221;none&#8221; responsive_align=&#8221;left&#8221;]Minttihealthi \u00e4ripartnerlused[\/mk_fancy_title][vc_column_text css=&#8221;.vc_custom_1729679954564{margin-bottom: 0px !important;}&#8221;]Minttihealth on loonud pikaajalised partnerlussuhted sadade klientidega \u00fcle maailma. Nende hulka kuuluvad USA telemeditsiinikeskus TACC, telemeditsiini juhtivettev\u00f5te GlobalMed, ema- ja beebihooldusvahendite br\u00e4nd HATCHBABY, Kanada meditsiinilise vastavuse n\u00f5ustamis- ja turundusfirma LOK ning Euroopa juhtiv telemeditsiiniteenuste pakkuja Telecare Europe. Samuti on partneriteks Euroopa tuntud ema- ja beebihooldusbr\u00e4ndid Chicco ja Miniland ning Malaisia suurim beebitoodete br\u00e4nd CHILDHOOD.[\/vc_column_text][mk_image src=&#8221;https:\/\/elixhealth.eu\/wp-content\/uploads\/2021\/11\/mintti_health_partners.png&#8221; image_size=&#8221;full&#8221; align=&#8221;center&#8221; margin_bottom=&#8221;0&#8243;][mk_button dimension=&#8221;flat&#8221; corner_style=&#8221;rounded&#8221; size=&#8221;large&#8221; url=&#8221;https:\/\/elixhealth.eu\/et\/pood-elix-health-tunne-oma-tervist\/&#8221; align=&#8221;center&#8221; fullwidth=&#8221;true&#8221; margin_top=&#8221;30&#8243;]Tutvu toodetega[\/mk_button][mk_padding_divider size=&#8221;60&#8243;][\/vc_column][\/vc_row]\n<\/div>","protected":false},"excerpt":{"rendered":"<p>[vc_row css=&#8221;.vc_custom_1594038180890{padding-top: 60px !important;}&#8221; id=&#8221;nadplus&#8221;][vc_column][mk_fancy_title tag_name=&#8221;span&#8221; size=&#8221;24&#8243; font_family=&#8221;none&#8221;] Minttihealthi asutajad &#8211; Enam kui kaksk\u00fcmmend aastat kogemust meditsiiniseadmete tootmises, arendamises ja turustamises &#8211; tulid\u00a0 kokku, et kasutada kaasaegseid tehnoloogiaid tervema ja muretuma maailma loomisel. [\/mk_fancy_title][\/vc_column][\/vc_row][vc_row css=&#8221;.vc_custom_1629236379546{padding-top: 60px !important;}&#8221; id=&#8221;vision&#8221;][vc_column][mk_fancy_title size=&#8221;36&#8243; font_family=&#8221;none&#8221; responsive_align=&#8221;left&#8221;]Ettev\u00f5tte missioon[\/mk_fancy_title][vc_column_text css=&#8221;.vc_custom_1729679792302{margin-bottom: 0px !important;}&#8221;]Meie missioon on leida uusi lahendusi ja vahendeid, alustades riist- ja [&hellip;]<\/p>\n","protected":false},"author":6,"featured_media":0,"parent":0,"menu_order":0,"comment_status":"closed","ping_status":"closed","template":"","meta":{"footnotes":""},"class_list":["post-4603","page","type-page","status-publish","hentry"],"yoast_head":"<!-- This site is optimized with the Yoast SEO plugin v27.0 - https:\/\/yoast.com\/product\/yoast-seo-wordpress\/ -->\n<title>Mintti Health Europe | EliX Health - Minttihealth<\/title>\n<meta name=\"description\" content=\"Lihtsad ja mugavad Tervise kaugmonitoorimise s\u00fcsteemid. Interneti -tehnoloogia kiire areng ja tehisintellekti laialdane rakendamine on v\u00f5imaldamas rohkematel inimestel nautida t\u00e4isv\u00e4\u00e4rtuslikke meditsiiniteenuseid oma kodust lahkumata.\" \/>\n<meta name=\"robots\" content=\"index, follow, max-snippet:-1, max-image-preview:large, max-video-preview:-1\" \/>\n<link rel=\"canonical\" href=\"https:\/\/elixhealth.eu\/et\/mintti-health-europe\/\" \/>\n<meta property=\"og:locale\" content=\"et_EE\" \/>\n<meta property=\"og:type\" content=\"article\" \/>\n<meta property=\"og:title\" content=\"Mintti Health Europe | EliX Health - Minttihealth\" \/>\n<meta property=\"og:description\" content=\"Lihtsad ja mugavad Tervise kaugmonitoorimise s\u00fcsteemid. Interneti -tehnoloogia kiire areng ja tehisintellekti laialdane rakendamine on v\u00f5imaldamas rohkematel inimestel nautida t\u00e4isv\u00e4\u00e4rtuslikke meditsiiniteenuseid oma kodust lahkumata.\" \/>\n<meta property=\"og:url\" content=\"https:\/\/elixhealth.eu\/et\/mintti-health-europe\/\" \/>\n<meta property=\"og:site_name\" content=\"EliX Health\" \/>\n<meta property=\"article:publisher\" content=\"https:\/\/www.facebook.com\/elixhealth.eu\" \/>\n<meta property=\"article:modified_time\" content=\"2024-10-23T10:42:02+00:00\" \/>\n<meta name=\"twitter:card\" content=\"summary_large_image\" \/>\n<meta name=\"twitter:label1\" content=\"Est. reading time\" \/>\n\t<meta name=\"twitter:data1\" content=\"2 minutit\" \/>\n<script type=\"application\/ld+json\" class=\"yoast-schema-graph\">{\"@context\":\"https:\/\/schema.org\",\"@graph\":[{\"@type\":\"WebPage\",\"@id\":\"https:\/\/elixhealth.eu\/et\/mintti-health-europe\/\",\"url\":\"https:\/\/elixhealth.eu\/et\/mintti-health-europe\/\",\"name\":\"Mintti Health Europe | EliX Health - Minttihealth\",\"isPartOf\":{\"@id\":\"https:\/\/elixhealth.eu\/et\/#website\"},\"datePublished\":\"2021-11-12T14:59:30+00:00\",\"dateModified\":\"2024-10-23T10:42:02+00:00\",\"description\":\"Lihtsad ja mugavad Tervise kaugmonitoorimise s\u00fcsteemid. Interneti -tehnoloogia kiire areng ja tehisintellekti laialdane rakendamine on v\u00f5imaldamas rohkematel inimestel nautida t\u00e4isv\u00e4\u00e4rtuslikke meditsiiniteenuseid oma kodust lahkumata.\",\"breadcrumb\":{\"@id\":\"https:\/\/elixhealth.eu\/et\/mintti-health-europe\/#breadcrumb\"},\"inLanguage\":\"et\",\"potentialAction\":[{\"@type\":\"ReadAction\",\"target\":[\"https:\/\/elixhealth.eu\/et\/mintti-health-europe\/\"]}]},{\"@type\":\"BreadcrumbList\",\"@id\":\"https:\/\/elixhealth.eu\/et\/mintti-health-europe\/#breadcrumb\",\"itemListElement\":[{\"@type\":\"ListItem\",\"position\":1,\"name\":\"Esileht\",\"item\":\"https:\/\/elixhealth.eu\/et\/\"},{\"@type\":\"ListItem\",\"position\":2,\"name\":\"Mintti Health Europe\"}]},{\"@type\":\"WebSite\",\"@id\":\"https:\/\/elixhealth.eu\/et\/#website\",\"url\":\"https:\/\/elixhealth.eu\/et\/\",\"name\":\"EliX Health\",\"description\":\"High Purity NAD+ Products\",\"publisher\":{\"@id\":\"https:\/\/elixhealth.eu\/et\/#organization\"},\"potentialAction\":[{\"@type\":\"SearchAction\",\"target\":{\"@type\":\"EntryPoint\",\"urlTemplate\":\"https:\/\/elixhealth.eu\/et\/?s={search_term_string}\"},\"query-input\":{\"@type\":\"PropertyValueSpecification\",\"valueRequired\":true,\"valueName\":\"search_term_string\"}}],\"inLanguage\":\"et\"},{\"@type\":\"Organization\",\"@id\":\"https:\/\/elixhealth.eu\/et\/#organization\",\"name\":\"EliX Health Baltic\",\"url\":\"https:\/\/elixhealth.eu\/et\/\",\"logo\":{\"@type\":\"ImageObject\",\"inLanguage\":\"et\",\"@id\":\"https:\/\/elixhealth.eu\/et\/#\/schema\/logo\/image\/\",\"url\":\"https:\/\/elixhealth.eu\/wp-content\/uploads\/2020\/06\/elix_logo_invoice.png\",\"contentUrl\":\"https:\/\/elixhealth.eu\/wp-content\/uploads\/2020\/06\/elix_logo_invoice.png\",\"width\":315,\"height\":173,\"caption\":\"EliX Health Baltic\"},\"image\":{\"@id\":\"https:\/\/elixhealth.eu\/et\/#\/schema\/logo\/image\/\"},\"sameAs\":[\"https:\/\/www.facebook.com\/elixhealth.eu\",\"https:\/\/www.instagram.com\/elixhealth.eu\/\"]}]}<\/script>\n<!-- \/ Yoast SEO plugin. -->","yoast_head_json":{"title":"Mintti Health Europe | EliX Health - Minttihealth","description":"Lihtsad ja mugavad Tervise kaugmonitoorimise s\u00fcsteemid. Interneti -tehnoloogia kiire areng ja tehisintellekti laialdane rakendamine on v\u00f5imaldamas rohkematel inimestel nautida t\u00e4isv\u00e4\u00e4rtuslikke meditsiiniteenuseid oma kodust lahkumata.","robots":{"index":"index","follow":"follow","max-snippet":"max-snippet:-1","max-image-preview":"max-image-preview:large","max-video-preview":"max-video-preview:-1"},"canonical":"https:\/\/elixhealth.eu\/et\/mintti-health-europe\/","og_locale":"et_EE","og_type":"article","og_title":"Mintti Health Europe | EliX Health - Minttihealth","og_description":"Lihtsad ja mugavad Tervise kaugmonitoorimise s\u00fcsteemid. Interneti -tehnoloogia kiire areng ja tehisintellekti laialdane rakendamine on v\u00f5imaldamas rohkematel inimestel nautida t\u00e4isv\u00e4\u00e4rtuslikke meditsiiniteenuseid oma kodust lahkumata.","og_url":"https:\/\/elixhealth.eu\/et\/mintti-health-europe\/","og_site_name":"EliX Health","article_publisher":"https:\/\/www.facebook.com\/elixhealth.eu","article_modified_time":"2024-10-23T10:42:02+00:00","twitter_card":"summary_large_image","twitter_misc":{"Est. reading time":"2 minutit"},"schema":{"@context":"https:\/\/schema.org","@graph":[{"@type":"WebPage","@id":"https:\/\/elixhealth.eu\/et\/mintti-health-europe\/","url":"https:\/\/elixhealth.eu\/et\/mintti-health-europe\/","name":"Mintti Health Europe | EliX Health - Minttihealth","isPartOf":{"@id":"https:\/\/elixhealth.eu\/et\/#website"},"datePublished":"2021-11-12T14:59:30+00:00","dateModified":"2024-10-23T10:42:02+00:00","description":"Lihtsad ja mugavad Tervise kaugmonitoorimise s\u00fcsteemid. Interneti -tehnoloogia kiire areng ja tehisintellekti laialdane rakendamine on v\u00f5imaldamas rohkematel inimestel nautida t\u00e4isv\u00e4\u00e4rtuslikke meditsiiniteenuseid oma kodust lahkumata.","breadcrumb":{"@id":"https:\/\/elixhealth.eu\/et\/mintti-health-europe\/#breadcrumb"},"inLanguage":"et","potentialAction":[{"@type":"ReadAction","target":["https:\/\/elixhealth.eu\/et\/mintti-health-europe\/"]}]},{"@type":"BreadcrumbList","@id":"https:\/\/elixhealth.eu\/et\/mintti-health-europe\/#breadcrumb","itemListElement":[{"@type":"ListItem","position":1,"name":"Esileht","item":"https:\/\/elixhealth.eu\/et\/"},{"@type":"ListItem","position":2,"name":"Mintti Health Europe"}]},{"@type":"WebSite","@id":"https:\/\/elixhealth.eu\/et\/#website","url":"https:\/\/elixhealth.eu\/et\/","name":"EliX Health","description":"High Purity NAD+ Products","publisher":{"@id":"https:\/\/elixhealth.eu\/et\/#organization"},"potentialAction":[{"@type":"SearchAction","target":{"@type":"EntryPoint","urlTemplate":"https:\/\/elixhealth.eu\/et\/?s={search_term_string}"},"query-input":{"@type":"PropertyValueSpecification","valueRequired":true,"valueName":"search_term_string"}}],"inLanguage":"et"},{"@type":"Organization","@id":"https:\/\/elixhealth.eu\/et\/#organization","name":"EliX Health Baltic","url":"https:\/\/elixhealth.eu\/et\/","logo":{"@type":"ImageObject","inLanguage":"et","@id":"https:\/\/elixhealth.eu\/et\/#\/schema\/logo\/image\/","url":"https:\/\/elixhealth.eu\/wp-content\/uploads\/2020\/06\/elix_logo_invoice.png","contentUrl":"https:\/\/elixhealth.eu\/wp-content\/uploads\/2020\/06\/elix_logo_invoice.png","width":315,"height":173,"caption":"EliX Health Baltic"},"image":{"@id":"https:\/\/elixhealth.eu\/et\/#\/schema\/logo\/image\/"},"sameAs":["https:\/\/www.facebook.com\/elixhealth.eu","https:\/\/www.instagram.com\/elixhealth.eu\/"]}]}},"_links":{"self":[{"href":"https:\/\/elixhealth.eu\/et\/wp-json\/wp\/v2\/pages\/4603","targetHints":{"allow":["GET"]}}],"collection":[{"href":"https:\/\/elixhealth.eu\/et\/wp-json\/wp\/v2\/pages"}],"about":[{"href":"https:\/\/elixhealth.eu\/et\/wp-json\/wp\/v2\/types\/page"}],"author":[{"embeddable":true,"href":"https:\/\/elixhealth.eu\/et\/wp-json\/wp\/v2\/users\/6"}],"replies":[{"embeddable":true,"href":"https:\/\/elixhealth.eu\/et\/wp-json\/wp\/v2\/comments?post=4603"}],"version-history":[{"count":5,"href":"https:\/\/elixhealth.eu\/et\/wp-json\/wp\/v2\/pages\/4603\/revisions"}],"predecessor-version":[{"id":4983,"href":"https:\/\/elixhealth.eu\/et\/wp-json\/wp\/v2\/pages\/4603\/revisions\/4983"}],"wp:attachment":[{"href":"https:\/\/elixhealth.eu\/et\/wp-json\/wp\/v2\/media?parent=4603"}],"curies":[{"name":"wp","href":"https:\/\/api.w.org\/{rel}","templated":true}]}}