{"id":4185,"date":"2021-09-30T23:55:49","date_gmt":"2021-09-30T20:55:49","guid":{"rendered":"https:\/\/elixhealth.eu\/?page_id=4185"},"modified":"2024-10-23T12:29:12","modified_gmt":"2024-10-23T09:29:12","slug":"tervise-kaugmonitooring-seadmed","status":"publish","type":"page","link":"https:\/\/elixhealth.eu\/et\/tervise-kaugmonitooring-seadmed\/","title":{"rendered":"Tervise kaugmonitooring"},"content":{"rendered":"<div class=\"wpb-content-wrapper\">[vc_row css=&#8221;.vc_custom_1594038180890{padding-top: 60px !important;}&#8221; id=&#8221;nadplus&#8221;][vc_column][mk_fancy_title size=&#8221;36&#8243; margin_top=&#8221;30&#8243; margin_bottom=&#8221;30&#8243; font_family=&#8221;none&#8221; responsive_align=&#8221;left&#8221;]Lihtsad ja mugavad Tervise kaugmonitoorimise s\u00fcsteemid[\/mk_fancy_title][vc_column_text disable_pattern=&#8221;false&#8221; margin_bottom=&#8221;30&#8243; css=&#8221;.vc_custom_1729675115271{margin-bottom: 0px !important;}&#8221;]T\u00e4nu kiirele internetitehnoloogia arengule ja tehisintellekti laialdasele kasutamisele saavad \u00fcha enam inimesed nautida kvaliteetseid meditsiiniteenuseid mugavalt oma kodus.<\/p>\n<p>Minttihealthi asutajatel on \u00fcle 20 aasta kogemust meditsiiniseadmete tootmises, arendamises ja turustamises. Nad on \u00fchendanud oma teadmised ja kaasaegsed tehnoloogiad, et luua tervem ja muretum maailm.[\/vc_column_text][\/vc_column][\/vc_row][vc_row css=&#8221;.vc_custom_1636735268798{padding-top: 20px !important;}&#8221; id=&#8221;vision&#8221;][vc_column][mk_fancy_title size=&#8221;36&#8243; font_family=&#8221;none&#8221; responsive_align=&#8221;left&#8221;]Mintti Vision \u2013 seade, mis m\u00f5\u00f5dab elut\u00e4htsaid tervisen\u00e4itajaid[\/mk_fancy_title][mk_image src=&#8221;https:\/\/elixhealth.eu\/wp-content\/uploads\/2021\/06\/2.jpg&#8221; image_size=&#8221;full&#8221; align=&#8221;center&#8221; margin_bottom=&#8221;0&#8243;][vc_column_text css=&#8221;.vc_custom_1729674931043{margin-bottom: 0px !important;}&#8221;]Mintti Vision on mitmefunktsionaalne seade, mis j\u00e4lgib tervisen\u00e4itajaid. Selle seadme koosseisu kuulub MITSUMI suure t\u00e4psusega verer\u00f5hu m\u00f5\u00f5tmise moodul, millel on r\u00f5huandur. Mintti Vision mitte ainult ei m\u00f5\u00f5da ja registreeri verer\u00f5hu andmeid, vaid salvestab ka olulisi tervisen\u00e4itajaid, nagu pulss, EKG, vere hapnikutase ja hingamissagedus. Need andmed annavad p\u00f5hjaliku \u00fclevaate inimese tervislikust seisundist.<\/p>\n<p>Mintti Vision v\u00f5imaldab kasutajatel saada esmaseid meditsiiniteenuseid mugavalt kodust lahkumata. Seade sobib kasutamiseks nii kodus kui ka tervishoiuasutustes.[\/vc_column_text][vc_video link=&#8221;https:\/\/youtu.be\/CS6WlkHWy8M&#8221;][vc_column_text css=&#8221;.vc_custom_1657048263025{margin-bottom: 0px !important;}&#8221;]<a href=\"https:\/\/youtu.be\/CS6WlkHWy8M\" target=\"_blank\" rel=\"noopener\"><span style=\"color: #808080;\">Mintti Vision video<\/span><\/a>[\/vc_column_text][mk_button dimension=&#8221;flat&#8221; corner_style=&#8221;rounded&#8221; size=&#8221;large&#8221; url=&#8221;https:\/\/elixhealth.eu\/et\/toode\/mintti-vision-elutahtsate-tervisenaitajate-mootja\/&#8221; align=&#8221;center&#8221; fullwidth=&#8221;true&#8221; margin_top=&#8221;30&#8243;]Loe veel Vision kohta[\/mk_button][\/vc_column][\/vc_row][vc_row css=&#8221;.vc_custom_1629236396984{padding-top: 60px !important;}&#8221; id=&#8221;breeze&#8221;][vc_column][mk_fancy_title size=&#8221;36&#8243; font_family=&#8221;none&#8221; responsive_align=&#8221;left&#8221;]Mintti Breeze &#8211; kiire ja t\u00e4pne termomeeter m\u00e4luga[\/mk_fancy_title][vc_column_text css=&#8221;.vc_custom_1729675713169{margin-bottom: 0px !important;}&#8221;]See infrapunatermomeeter on loodud Prantsusmaal ja sobib kasutamiseks igas vanuses inimestele. Selle ainulaadne ja patenteeritud disain muudab seadme kasutamise lihtsaks kogu perele. Termomeetri suur ja ere LED-ekraan tagab selge temperatuuri n\u00e4idu nii p\u00e4eval kui ka \u00f6\u00f6sel, ilma et peaksite seadet \u00fcmber p\u00f6\u00f6rama \u2013 n\u00e4idud on kogu m\u00f5\u00f5tmise v\u00e4ltel otse teie ees.<\/p>\n<p>Anduri t\u00e4psus s\u00f5ltub selle algoritmi usaldusv\u00e4\u00e4rsusest. Mintti Breeze kasutab \u00fclit\u00e4pset algoritmi, mis p\u00f5hineb ulatuslikel kliinilistel andmetel ja meie patenteeritud mudelitel. See v\u00f5imaldab automaatset kohandamist ja kalibreerimist erinevates keskkonnatingimustes.<\/p>\n<p>Minttihealth \u2013 usaldusv\u00e4\u00e4rne kaubam\u00e4rk k\u00f5ikidele tervisega seotud vajadustele.[\/vc_column_text][mk_image src=&#8221;https:\/\/elixhealth.eu\/wp-content\/uploads\/2021\/06\/breeze-size.png&#8221; image_size=&#8221;full&#8221; align=&#8221;right&#8221;][mk_button dimension=&#8221;flat&#8221; corner_style=&#8221;rounded&#8221; size=&#8221;large&#8221; url=&#8221;https:\/\/elixhealth.eu\/et\/toode\/mintti-breeze-kiire-ja-tapne-termomeeter-maluga\/&#8221; align=&#8221;center&#8221; fullwidth=&#8221;true&#8221; margin_top=&#8221;30&#8243;]Loe veel Breeze kohta[\/mk_button][\/vc_column][\/vc_row][vc_row css=&#8221;.vc_custom_1629236413053{padding-top: 60px !important;}&#8221; id=&#8221;Mintti_Heartbook&#8221;][vc_column offset=&#8221;vc_hidden-lg vc_hidden-md vc_hidden-sm vc_hidden-xs&#8221;][mk_fancy_title size=&#8221;36&#8243; font_family=&#8221;none&#8221;]Mintti Heartbook &#8211; s\u00fcdame tegevuse j\u00e4lgimine igal ajal ja igal pool[\/mk_fancy_title][vc_video link=&#8221;https:\/\/youtu.be\/hPBZEavGSJE&#8221;][vc_column_text css=&#8221;.vc_custom_1623881784187{margin-bottom: 0px !important;}&#8221;]<a href=\"https:\/\/youtu.be\/hPBZEavGSJE\" target=\"_blank\" rel=\"noopener\"><span style=\"color: #808080;\">Mintti Heartbook introduction video<\/span><\/a>[\/vc_column_text][mk_fancy_title tag_name=&#8221;span&#8221; size=&#8221;24&#8243; font_family=&#8221;none&#8221;]\n<p style=\"text-align: center;\">S\u00fcdameanal\u00fc\u00fcsi- ja diagnostikas\u00fcsteem &#8211; doktor sinu kodus!<\/p>\n[\/mk_fancy_title][mk_image src=&#8221;https:\/\/elixhealth.eu\/wp-content\/uploads\/2021\/06\/mintti_heartbook_device.png&#8221; image_size=&#8221;full&#8221; align=&#8221;center&#8221;][vc_column_text el_class=&#8221;mobile-center&#8221; css=&#8221;.vc_custom_1636825715847{margin-bottom: 0px !important;}&#8221;]\n<ul style=\"text-align: left;\">\n<li>EKG-j\u00e4lgimisseade. S\u00fcdame pidev j\u00e4lgimine iga ilmaga, \u00f6\u00f6p\u00e4evaringselt.<\/li>\n<li>Mugavalt kasutatav , \u00fclikerge\/\u00f5huke, antibakteriaalne ergonoomilise disainiga reaalajas t\u00f6\u00f6tav, mitme parameetriga monitor koos sisseehitatud kehaasendi anduriga.<\/li>\n<li>24\/7 andmete jagamise v\u00f5imalus oma arsti v\u00f5i meditsiinit\u00f6\u00f6tajast professionaaliga<\/li>\n<li>Automaatne h\u00e4daabiteade SMS-iga valitud pereliikme v\u00f5i eestkostja telefonile APB, VPB, pika intervalli, tahh\u00fckardia ja brad\u00fckardia h\u00e4irete ja kukkumise korral<\/li>\n<\/ul>\n[\/vc_column_text][mk_image src=&#8221;https:\/\/elixhealth.eu\/wp-content\/uploads\/2021\/06\/app_functions.png&#8221; image_size=&#8221;full&#8221; align=&#8221;right&#8221;][mk_image src=&#8221;https:\/\/elixhealth.eu\/wp-content\/uploads\/2021\/06\/heartbook_-photo.jpg&#8221; image_size=&#8221;full&#8221; align=&#8221;right&#8221;][mk_image src=&#8221;https:\/\/elixhealth.eu\/wp-content\/uploads\/2021\/06\/heartbook_system_explained.png&#8221; image_size=&#8221;full&#8221; align=&#8221;right&#8221;][mk_button dimension=&#8221;flat&#8221; corner_style=&#8221;rounded&#8221; size=&#8221;large&#8221; url=&#8221;https:\/\/elixhealth.eu\/et\/mintti-health-europe\/&#8221; align=&#8221;center&#8221; fullwidth=&#8221;true&#8221; margin_top=&#8221;30&#8243;]Loe veel Minttihealth kohta[\/mk_button][mk_padding_divider size=&#8221;30&#8243;]<div class=\"woocommerce columns-3 \"><ul class=\"products columns-3\">\n<li class=\"product type-product post-4339 status-publish first instock product_cat-tervise-kaugmonitooring-seadmed product_cat-uncategorized-et has-post-thumbnail featured taxable shipping-taxable purchasable product-type-simple\">\n\t<div class=\"mk-product-warp\"><a href=\"https:\/\/elixhealth.eu\/et\/toode\/mintti-breeze-kiire-ja-tapne-termomeeter-maluga\/\" class=\"woocommerce-LoopProduct-link woocommerce-loop-product__link\">\t<div class=\"mk-product-thumbnail-warp\">\n\t<img decoding=\"async\" width=\"300\" height=\"300\" data-src=\"https:\/\/elixhealth.eu\/wp-content\/uploads\/2021\/08\/mintti_breeze_side_view_one-300x300.jpg\" class=\"attachment-woocommerce_thumbnail size-woocommerce_thumbnail lazyload\" alt=\"Mintti Breeze\u00ae | Kiire ja t\u00e4pne termomeeter m\u00e4luga\" data-srcset=\"https:\/\/elixhealth.eu\/wp-content\/uploads\/2021\/08\/mintti_breeze_side_view_one-300x300.jpg 300w, https:\/\/elixhealth.eu\/wp-content\/uploads\/2021\/08\/mintti_breeze_side_view_one-150x150.jpg 150w, https:\/\/elixhealth.eu\/wp-content\/uploads\/2021\/08\/mintti_breeze_side_view_one-100x100.jpg 100w\" data-sizes=\"(max-width: 300px) 100vw, 300px\" itemprop=\"image\" src=\"data:image\/svg+xml;base64,PHN2ZyB3aWR0aD0iMSIgaGVpZ2h0PSIxIiB4bWxucz0iaHR0cDovL3d3dy53My5vcmcvMjAwMC9zdmciPjwvc3ZnPg==\" style=\"--smush-placeholder-width: 300px; --smush-placeholder-aspect-ratio: 300\/300;\" \/>\t<\/div>\n\t<h2 class=\"woocommerce-loop-product__title\">Mintti Breeze\u00ae | Kiire ja t\u00e4pne termomeeter m\u00e4luga<\/h2>\n\t<span class=\"price\"><span class=\"woocommerce-Price-amount amount\"><bdi>50.00&nbsp;<span class=\"woocommerce-Price-currencySymbol\">&euro;<\/span><\/bdi><\/span><\/span>\n<\/a><a href=\"https:\/\/elixhealth.eu\/et\/toode\/mintti-breeze-kiire-ja-tapne-termomeeter-maluga\/\" class=\"button product_type_simple add_to_cart_button ajax_add_to_cart\">\n<svg class=\"mk-svg-icon\" data-name=\"mk-moon-cart-plus\" data-cacheid=\"icon-61969bee80b00\" style=\" height:16px; width: 16px; \" xmlns=\"http:\/\/www.w3.org\/2000\/svg\" viewBox=\"0 0 512 512\"><path d=\"M416 96h-272c-16.138 0-29.751 12.018-31.753 28.031l-28.496 227.969h-51.751c-17.673 0-32 14.327-32 32s14.327 32 32 32h80c16.138 0 29.751-12.017 31.753-28.031l28.496-227.969h219.613l57.369 200.791c4.854 16.993 22.567 26.832 39.56 21.978 16.993-4.855 26.833-22.567 21.978-39.56l-64-224c-3.925-13.737-16.482-23.209-30.769-23.209zm-288-80a48 48 2700 1 0 96 0 48 48 2700 1 0-96 0zm192 0a48 48 2700 1 0 96 0 48 48 2700 1 0-96 0zm64 240h-64v-64h-64v64h-64v64h64v64h64v-64h64z\" transform=\"scale(1 -1) translate(0 -480)\"><\/path><\/svg>\n<span class=\"button-text\">LOE ROHKEM<\/span><\/a><\/div><\/li>\n<li class=\"product type-product post-4312 status-publish instock product_cat-tervise-kaugmonitooring-seadmed product_cat-uncategorized-et has-post-thumbnail sale featured taxable shipping-taxable purchasable product-type-simple\">\n\t<div class=\"mk-product-warp\"><a href=\"https:\/\/elixhealth.eu\/et\/toode\/mintti-vision-elutahtsate-tervisenaitajate-mootja\/\" class=\"woocommerce-LoopProduct-link woocommerce-loop-product__link\">\t<div class=\"mk-product-thumbnail-warp\">\n\t<img decoding=\"async\" width=\"300\" height=\"300\" data-src=\"https:\/\/elixhealth.eu\/wp-content\/uploads\/2021\/08\/mintti_vision_health_monitoring_device-1-300x300.jpg\" class=\"attachment-woocommerce_thumbnail size-woocommerce_thumbnail lazyload\" alt=\"Mintti Vision\u00ae | Elut\u00e4htsate tervisen\u00e4itajate m\u00f5\u00f5tja\" data-srcset=\"https:\/\/elixhealth.eu\/wp-content\/uploads\/2021\/08\/mintti_vision_health_monitoring_device-1-300x300.jpg 300w, https:\/\/elixhealth.eu\/wp-content\/uploads\/2021\/08\/mintti_vision_health_monitoring_device-1-150x150.jpg 150w, https:\/\/elixhealth.eu\/wp-content\/uploads\/2021\/08\/mintti_vision_health_monitoring_device-1-100x100.jpg 100w, https:\/\/elixhealth.eu\/wp-content\/uploads\/2021\/08\/mintti_vision_health_monitoring_device-1-32x32.jpg 32w\" data-sizes=\"(max-width: 300px) 100vw, 300px\" itemprop=\"image\" src=\"data:image\/svg+xml;base64,PHN2ZyB3aWR0aD0iMSIgaGVpZ2h0PSIxIiB4bWxucz0iaHR0cDovL3d3dy53My5vcmcvMjAwMC9zdmciPjwvc3ZnPg==\" style=\"--smush-placeholder-width: 300px; --smush-placeholder-aspect-ratio: 300\/300;\" \/>\t<\/div>\n\t\n\t<span class=\"onsale\">Allahindlus!<\/span>\n\t<h2 class=\"woocommerce-loop-product__title\">Mintti Vision\u00ae | Elut\u00e4htsate tervisen\u00e4itajate m\u00f5\u00f5tja<\/h2>\n\t<span class=\"price\"><del aria-hidden=\"true\"><span class=\"woocommerce-Price-amount amount\"><bdi>350.00&nbsp;<span class=\"woocommerce-Price-currencySymbol\">&euro;<\/span><\/bdi><\/span><\/del> <span class=\"screen-reader-text\">Algne hind oli: 350.00&nbsp;&euro;.<\/span><ins aria-hidden=\"true\"><span class=\"woocommerce-Price-amount amount\"><bdi>320.00&nbsp;<span class=\"woocommerce-Price-currencySymbol\">&euro;<\/span><\/bdi><\/span><\/ins><span class=\"screen-reader-text\">Current price is: 320.00&nbsp;&euro;.<\/span><\/span>\n<\/a><a href=\"https:\/\/elixhealth.eu\/et\/toode\/mintti-vision-elutahtsate-tervisenaitajate-mootja\/\" class=\"button product_type_simple add_to_cart_button ajax_add_to_cart\">\n<svg class=\"mk-svg-icon\" data-name=\"mk-moon-cart-plus\" data-cacheid=\"icon-61969bee80b00\" style=\" height:16px; width: 16px; \" xmlns=\"http:\/\/www.w3.org\/2000\/svg\" viewBox=\"0 0 512 512\"><path d=\"M416 96h-272c-16.138 0-29.751 12.018-31.753 28.031l-28.496 227.969h-51.751c-17.673 0-32 14.327-32 32s14.327 32 32 32h80c16.138 0 29.751-12.017 31.753-28.031l28.496-227.969h219.613l57.369 200.791c4.854 16.993 22.567 26.832 39.56 21.978 16.993-4.855 26.833-22.567 21.978-39.56l-64-224c-3.925-13.737-16.482-23.209-30.769-23.209zm-288-80a48 48 2700 1 0 96 0 48 48 2700 1 0-96 0zm192 0a48 48 2700 1 0 96 0 48 48 2700 1 0-96 0zm64 240h-64v-64h-64v64h-64v64h64v64h64v-64h64z\" transform=\"scale(1 -1) translate(0 -480)\"><\/path><\/svg>\n<span class=\"button-text\">LOE ROHKEM<\/span><\/a><\/div><\/li>\n<li class=\"product type-product post-4101 status-publish last outofstock product_cat-uncategorized-et has-post-thumbnail featured taxable shipping-taxable purchasable product-type-simple\">\n\t<div class=\"mk-product-warp\"><a href=\"https:\/\/elixhealth.eu\/et\/toode\/elix-health-nmn-kapslid-60-x-250mg-nikotiinamiid-mononukleotiid-99-2\/\" class=\"woocommerce-LoopProduct-link woocommerce-loop-product__link\">\t<div class=\"mk-product-thumbnail-warp\">\n\t<img decoding=\"async\" width=\"300\" height=\"300\" data-src=\"https:\/\/elixhealth.eu\/wp-content\/uploads\/2020\/04\/elix-nad-300x300.jpg\" class=\"attachment-woocommerce_thumbnail size-woocommerce_thumbnail lazyload\" alt=\"ELIX HEALTH NMN kapslid | 60 x 250mg | Nikotiinamiid mononukleotiid (99%)\" data-srcset=\"https:\/\/elixhealth.eu\/wp-content\/uploads\/2020\/04\/elix-nad-300x300.jpg 300w, https:\/\/elixhealth.eu\/wp-content\/uploads\/2020\/04\/elix-nad-1024x1024.jpg 1024w, https:\/\/elixhealth.eu\/wp-content\/uploads\/2020\/04\/elix-nad-150x150.jpg 150w, https:\/\/elixhealth.eu\/wp-content\/uploads\/2020\/04\/elix-nad-768x768.jpg 768w, https:\/\/elixhealth.eu\/wp-content\/uploads\/2020\/04\/elix-nad-600x600.jpg 600w, https:\/\/elixhealth.eu\/wp-content\/uploads\/2020\/04\/elix-nad-100x100.jpg 100w, https:\/\/elixhealth.eu\/wp-content\/uploads\/2020\/04\/elix-nad-32x32.jpg 32w, https:\/\/elixhealth.eu\/wp-content\/uploads\/2020\/04\/elix-nad.jpg 1500w\" data-sizes=\"(max-width: 300px) 100vw, 300px\" itemprop=\"image\" src=\"data:image\/svg+xml;base64,PHN2ZyB3aWR0aD0iMSIgaGVpZ2h0PSIxIiB4bWxucz0iaHR0cDovL3d3dy53My5vcmcvMjAwMC9zdmciPjwvc3ZnPg==\" style=\"--smush-placeholder-width: 300px; --smush-placeholder-aspect-ratio: 300\/300;\" \/>\t<\/div>\n\t<h2 class=\"woocommerce-loop-product__title\">ELIX HEALTH NMN kapslid | 60 x 250mg | Nikotiinamiid mononukleotiid (99%)<\/h2><span class=\"mk-out-of-stock\">Pole saadaval<\/span>\n\t<span class=\"price\"><span class=\"woocommerce-Price-amount amount\"><bdi>40.00&nbsp;<span class=\"woocommerce-Price-currencySymbol\">&euro;<\/span><\/bdi><\/span><\/span>\n<\/a><a href=\"https:\/\/elixhealth.eu\/et\/toode\/elix-health-nmn-kapslid-60-x-250mg-nikotiinamiid-mononukleotiid-99-2\/\" class=\"button product_type_simple add_to_cart_button ajax_add_to_cart\">\n<svg class=\"mk-svg-icon\" data-name=\"mk-moon-cart-plus\" data-cacheid=\"icon-61969bee80b00\" style=\" height:16px; width: 16px; \" xmlns=\"http:\/\/www.w3.org\/2000\/svg\" viewBox=\"0 0 512 512\"><path d=\"M416 96h-272c-16.138 0-29.751 12.018-31.753 28.031l-28.496 227.969h-51.751c-17.673 0-32 14.327-32 32s14.327 32 32 32h80c16.138 0 29.751-12.017 31.753-28.031l28.496-227.969h219.613l57.369 200.791c4.854 16.993 22.567 26.832 39.56 21.978 16.993-4.855 26.833-22.567 21.978-39.56l-64-224c-3.925-13.737-16.482-23.209-30.769-23.209zm-288-80a48 48 2700 1 0 96 0 48 48 2700 1 0-96 0zm192 0a48 48 2700 1 0 96 0 48 48 2700 1 0-96 0zm64 240h-64v-64h-64v64h-64v64h64v64h64v-64h64z\" transform=\"scale(1 -1) translate(0 -480)\"><\/path><\/svg>\n<span class=\"button-text\">LOE ROHKEM<\/span><\/a><\/div><\/li>\n<\/ul>\n<\/div>[\/vc_column][\/vc_row]\n<\/div>","protected":false},"excerpt":{"rendered":"<p>[vc_row css=&#8221;.vc_custom_1594038180890{padding-top: 60px !important;}&#8221; id=&#8221;nadplus&#8221;][vc_column][mk_fancy_title size=&#8221;36&#8243; margin_top=&#8221;30&#8243; margin_bottom=&#8221;30&#8243; font_family=&#8221;none&#8221; responsive_align=&#8221;left&#8221;]Lihtsad ja mugavad Tervise kaugmonitoorimise s\u00fcsteemid[\/mk_fancy_title][vc_column_text disable_pattern=&#8221;false&#8221; margin_bottom=&#8221;30&#8243; css=&#8221;.vc_custom_1729675115271{margin-bottom: 0px !important;}&#8221;]T\u00e4nu kiirele internetitehnoloogia arengule ja tehisintellekti laialdasele kasutamisele saavad \u00fcha enam inimesed nautida kvaliteetseid meditsiiniteenuseid mugavalt oma kodus. Minttihealthi asutajatel on \u00fcle 20 aasta kogemust meditsiiniseadmete tootmises, arendamises ja turustamises. Nad on \u00fchendanud oma teadmised ja [&hellip;]<\/p>\n","protected":false},"author":6,"featured_media":0,"parent":0,"menu_order":0,"comment_status":"closed","ping_status":"closed","template":"","meta":{"footnotes":""},"class_list":["post-4185","page","type-page","status-publish","hentry"],"yoast_head":"<!-- This site is optimized with the Yoast SEO plugin v27.0 - https:\/\/yoast.com\/product\/yoast-seo-wordpress\/ -->\n<title>Tervise kaugmonitooring seadmed | EliX Health - Minttihealth<\/title>\n<meta name=\"description\" content=\"Lihtsad ja mugavad Tervise kaugmonitoorimise s\u00fcsteemid. Interneti -tehnoloogia kiire areng ja tehisintellekti laialdane rakendamine on v\u00f5imaldamas rohkematel inimestel nautida t\u00e4isv\u00e4\u00e4rtuslikke meditsiiniteenuseid oma kodust lahkumata.\" \/>\n<meta name=\"robots\" content=\"index, follow, max-snippet:-1, max-image-preview:large, max-video-preview:-1\" \/>\n<link rel=\"canonical\" href=\"https:\/\/elixhealth.eu\/et\/tervise-kaugmonitooring-seadmed\/\" \/>\n<meta property=\"og:locale\" content=\"et_EE\" \/>\n<meta property=\"og:type\" content=\"article\" \/>\n<meta property=\"og:title\" content=\"Tervise kaugmonitooring seadmed | EliX Health - Minttihealth\" \/>\n<meta property=\"og:description\" content=\"Lihtsad ja mugavad Tervise kaugmonitoorimise s\u00fcsteemid. Interneti -tehnoloogia kiire areng ja tehisintellekti laialdane rakendamine on v\u00f5imaldamas rohkematel inimestel nautida t\u00e4isv\u00e4\u00e4rtuslikke meditsiiniteenuseid oma kodust lahkumata.\" \/>\n<meta property=\"og:url\" content=\"https:\/\/elixhealth.eu\/et\/tervise-kaugmonitooring-seadmed\/\" \/>\n<meta property=\"og:site_name\" content=\"EliX Health\" \/>\n<meta property=\"article:publisher\" content=\"https:\/\/www.facebook.com\/elixhealth.eu\" \/>\n<meta property=\"article:modified_time\" content=\"2024-10-23T09:29:12+00:00\" \/>\n<meta name=\"twitter:card\" content=\"summary_large_image\" \/>\n<meta name=\"twitter:label1\" content=\"Est. reading time\" \/>\n\t<meta name=\"twitter:data1\" content=\"2 minutit\" \/>\n<script type=\"application\/ld+json\" class=\"yoast-schema-graph\">{\"@context\":\"https:\/\/schema.org\",\"@graph\":[{\"@type\":\"WebPage\",\"@id\":\"https:\/\/elixhealth.eu\/et\/tervise-kaugmonitooring-seadmed\/\",\"url\":\"https:\/\/elixhealth.eu\/et\/tervise-kaugmonitooring-seadmed\/\",\"name\":\"Tervise kaugmonitooring seadmed | EliX Health - Minttihealth\",\"isPartOf\":{\"@id\":\"https:\/\/elixhealth.eu\/et\/#website\"},\"datePublished\":\"2021-09-30T20:55:49+00:00\",\"dateModified\":\"2024-10-23T09:29:12+00:00\",\"description\":\"Lihtsad ja mugavad Tervise kaugmonitoorimise s\u00fcsteemid. Interneti -tehnoloogia kiire areng ja tehisintellekti laialdane rakendamine on v\u00f5imaldamas rohkematel inimestel nautida t\u00e4isv\u00e4\u00e4rtuslikke meditsiiniteenuseid oma kodust lahkumata.\",\"breadcrumb\":{\"@id\":\"https:\/\/elixhealth.eu\/et\/tervise-kaugmonitooring-seadmed\/#breadcrumb\"},\"inLanguage\":\"et\",\"potentialAction\":[{\"@type\":\"ReadAction\",\"target\":[\"https:\/\/elixhealth.eu\/et\/tervise-kaugmonitooring-seadmed\/\"]}]},{\"@type\":\"BreadcrumbList\",\"@id\":\"https:\/\/elixhealth.eu\/et\/tervise-kaugmonitooring-seadmed\/#breadcrumb\",\"itemListElement\":[{\"@type\":\"ListItem\",\"position\":1,\"name\":\"Esileht\",\"item\":\"https:\/\/elixhealth.eu\/et\/\"},{\"@type\":\"ListItem\",\"position\":2,\"name\":\"Tervise kaugmonitooring\"}]},{\"@type\":\"WebSite\",\"@id\":\"https:\/\/elixhealth.eu\/et\/#website\",\"url\":\"https:\/\/elixhealth.eu\/et\/\",\"name\":\"EliX Health\",\"description\":\"High Purity NAD+ Products\",\"publisher\":{\"@id\":\"https:\/\/elixhealth.eu\/et\/#organization\"},\"potentialAction\":[{\"@type\":\"SearchAction\",\"target\":{\"@type\":\"EntryPoint\",\"urlTemplate\":\"https:\/\/elixhealth.eu\/et\/?s={search_term_string}\"},\"query-input\":{\"@type\":\"PropertyValueSpecification\",\"valueRequired\":true,\"valueName\":\"search_term_string\"}}],\"inLanguage\":\"et\"},{\"@type\":\"Organization\",\"@id\":\"https:\/\/elixhealth.eu\/et\/#organization\",\"name\":\"EliX Health Baltic\",\"url\":\"https:\/\/elixhealth.eu\/et\/\",\"logo\":{\"@type\":\"ImageObject\",\"inLanguage\":\"et\",\"@id\":\"https:\/\/elixhealth.eu\/et\/#\/schema\/logo\/image\/\",\"url\":\"https:\/\/elixhealth.eu\/wp-content\/uploads\/2020\/06\/elix_logo_invoice.png\",\"contentUrl\":\"https:\/\/elixhealth.eu\/wp-content\/uploads\/2020\/06\/elix_logo_invoice.png\",\"width\":315,\"height\":173,\"caption\":\"EliX Health Baltic\"},\"image\":{\"@id\":\"https:\/\/elixhealth.eu\/et\/#\/schema\/logo\/image\/\"},\"sameAs\":[\"https:\/\/www.facebook.com\/elixhealth.eu\",\"https:\/\/www.instagram.com\/elixhealth.eu\/\"]}]}<\/script>\n<!-- \/ Yoast SEO plugin. -->","yoast_head_json":{"title":"Tervise kaugmonitooring seadmed | EliX Health - Minttihealth","description":"Lihtsad ja mugavad Tervise kaugmonitoorimise s\u00fcsteemid. Interneti -tehnoloogia kiire areng ja tehisintellekti laialdane rakendamine on v\u00f5imaldamas rohkematel inimestel nautida t\u00e4isv\u00e4\u00e4rtuslikke meditsiiniteenuseid oma kodust lahkumata.","robots":{"index":"index","follow":"follow","max-snippet":"max-snippet:-1","max-image-preview":"max-image-preview:large","max-video-preview":"max-video-preview:-1"},"canonical":"https:\/\/elixhealth.eu\/et\/tervise-kaugmonitooring-seadmed\/","og_locale":"et_EE","og_type":"article","og_title":"Tervise kaugmonitooring seadmed | EliX Health - Minttihealth","og_description":"Lihtsad ja mugavad Tervise kaugmonitoorimise s\u00fcsteemid. Interneti -tehnoloogia kiire areng ja tehisintellekti laialdane rakendamine on v\u00f5imaldamas rohkematel inimestel nautida t\u00e4isv\u00e4\u00e4rtuslikke meditsiiniteenuseid oma kodust lahkumata.","og_url":"https:\/\/elixhealth.eu\/et\/tervise-kaugmonitooring-seadmed\/","og_site_name":"EliX Health","article_publisher":"https:\/\/www.facebook.com\/elixhealth.eu","article_modified_time":"2024-10-23T09:29:12+00:00","twitter_card":"summary_large_image","twitter_misc":{"Est. reading time":"2 minutit"},"schema":{"@context":"https:\/\/schema.org","@graph":[{"@type":"WebPage","@id":"https:\/\/elixhealth.eu\/et\/tervise-kaugmonitooring-seadmed\/","url":"https:\/\/elixhealth.eu\/et\/tervise-kaugmonitooring-seadmed\/","name":"Tervise kaugmonitooring seadmed | EliX Health - Minttihealth","isPartOf":{"@id":"https:\/\/elixhealth.eu\/et\/#website"},"datePublished":"2021-09-30T20:55:49+00:00","dateModified":"2024-10-23T09:29:12+00:00","description":"Lihtsad ja mugavad Tervise kaugmonitoorimise s\u00fcsteemid. Interneti -tehnoloogia kiire areng ja tehisintellekti laialdane rakendamine on v\u00f5imaldamas rohkematel inimestel nautida t\u00e4isv\u00e4\u00e4rtuslikke meditsiiniteenuseid oma kodust lahkumata.","breadcrumb":{"@id":"https:\/\/elixhealth.eu\/et\/tervise-kaugmonitooring-seadmed\/#breadcrumb"},"inLanguage":"et","potentialAction":[{"@type":"ReadAction","target":["https:\/\/elixhealth.eu\/et\/tervise-kaugmonitooring-seadmed\/"]}]},{"@type":"BreadcrumbList","@id":"https:\/\/elixhealth.eu\/et\/tervise-kaugmonitooring-seadmed\/#breadcrumb","itemListElement":[{"@type":"ListItem","position":1,"name":"Esileht","item":"https:\/\/elixhealth.eu\/et\/"},{"@type":"ListItem","position":2,"name":"Tervise kaugmonitooring"}]},{"@type":"WebSite","@id":"https:\/\/elixhealth.eu\/et\/#website","url":"https:\/\/elixhealth.eu\/et\/","name":"EliX Health","description":"High Purity NAD+ Products","publisher":{"@id":"https:\/\/elixhealth.eu\/et\/#organization"},"potentialAction":[{"@type":"SearchAction","target":{"@type":"EntryPoint","urlTemplate":"https:\/\/elixhealth.eu\/et\/?s={search_term_string}"},"query-input":{"@type":"PropertyValueSpecification","valueRequired":true,"valueName":"search_term_string"}}],"inLanguage":"et"},{"@type":"Organization","@id":"https:\/\/elixhealth.eu\/et\/#organization","name":"EliX Health Baltic","url":"https:\/\/elixhealth.eu\/et\/","logo":{"@type":"ImageObject","inLanguage":"et","@id":"https:\/\/elixhealth.eu\/et\/#\/schema\/logo\/image\/","url":"https:\/\/elixhealth.eu\/wp-content\/uploads\/2020\/06\/elix_logo_invoice.png","contentUrl":"https:\/\/elixhealth.eu\/wp-content\/uploads\/2020\/06\/elix_logo_invoice.png","width":315,"height":173,"caption":"EliX Health Baltic"},"image":{"@id":"https:\/\/elixhealth.eu\/et\/#\/schema\/logo\/image\/"},"sameAs":["https:\/\/www.facebook.com\/elixhealth.eu","https:\/\/www.instagram.com\/elixhealth.eu\/"]}]}},"_links":{"self":[{"href":"https:\/\/elixhealth.eu\/et\/wp-json\/wp\/v2\/pages\/4185","targetHints":{"allow":["GET"]}}],"collection":[{"href":"https:\/\/elixhealth.eu\/et\/wp-json\/wp\/v2\/pages"}],"about":[{"href":"https:\/\/elixhealth.eu\/et\/wp-json\/wp\/v2\/types\/page"}],"author":[{"embeddable":true,"href":"https:\/\/elixhealth.eu\/et\/wp-json\/wp\/v2\/users\/6"}],"replies":[{"embeddable":true,"href":"https:\/\/elixhealth.eu\/et\/wp-json\/wp\/v2\/comments?post=4185"}],"version-history":[{"count":5,"href":"https:\/\/elixhealth.eu\/et\/wp-json\/wp\/v2\/pages\/4185\/revisions"}],"predecessor-version":[{"id":4978,"href":"https:\/\/elixhealth.eu\/et\/wp-json\/wp\/v2\/pages\/4185\/revisions\/4978"}],"wp:attachment":[{"href":"https:\/\/elixhealth.eu\/et\/wp-json\/wp\/v2\/media?parent=4185"}],"curies":[{"name":"wp","href":"https:\/\/api.w.org\/{rel}","templated":true}]}}