{"id":2461,"date":"2020-06-05T10:40:13","date_gmt":"2020-06-05T10:40:13","guid":{"rendered":"https:\/\/elixhealth.eu\/?page_id=2461"},"modified":"2024-10-23T13:49:43","modified_gmt":"2024-10-23T10:49:43","slug":"meist-elix-health-eesti","status":"publish","type":"page","link":"https:\/\/elixhealth.eu\/et\/meist-elix-health-eesti\/","title":{"rendered":"Elix Health Eesti"},"content":{"rendered":"<div class=\"wpb-content-wrapper\">[vc_row css=&#8221;.vc_custom_1591275123889{margin-bottom: 60px !important;padding-top: 60px !important;}&#8221;][vc_column][mk_image src=&#8221;https:\/\/elixhealth.eu\/wp-content\/uploads\/2020\/03\/elix_logo_black.png&#8221; image_size=&#8221;medium&#8221; align=&#8221;center&#8221; margin_bottom=&#8221;30&#8243;][mk_fancy_title size=&#8221;26&#8243; font_family=&#8221;none&#8221; align=&#8221;center&#8221;]Meie disainiprintsiip: s\u00fcsteemide s\u00fcnergia[\/mk_fancy_title][vc_column_text disable_pattern=&#8221;false&#8221; align=&#8221;center&#8221; css=&#8221;.vc_custom_1729680559191{margin-bottom: 0px !important;}&#8221;]Meie eesm\u00e4rk on pakkuda tooteid, mis toetavad kogu keha s\u00fcsteemide tervist, suurendades nende suutlikkust ja vastupidavust. Keskendume sellele, kuidas luua s\u00fcnergiat keha s\u00fcsteemide vahel, saavutades paremaid tulemusi kui neid eraldi k\u00e4sitledes.<\/p>\n<p>K\u00f5ik Elix Healthi poolt turustatavad tooted on loodud aitama kehal t\u00f5husamalt reguleerida oma biokeemiat ja taastada hom\u00f6ostaatiline tasakaal.[\/vc_column_text][\/vc_column][\/vc_row]\n<\/div>","protected":false},"excerpt":{"rendered":"<p>[vc_row css=&#8221;.vc_custom_1591275123889{margin-bottom: 60px !important;padding-top: 60px !important;}&#8221;][vc_column][mk_image src=&#8221;https:\/\/elixhealth.eu\/wp-content\/uploads\/2020\/03\/elix_logo_black.png&#8221; image_size=&#8221;medium&#8221; align=&#8221;center&#8221; margin_bottom=&#8221;30&#8243;][mk_fancy_title size=&#8221;26&#8243; font_family=&#8221;none&#8221; align=&#8221;center&#8221;]Meie disainiprintsiip: s\u00fcsteemide s\u00fcnergia[\/mk_fancy_title][vc_column_text disable_pattern=&#8221;false&#8221; align=&#8221;center&#8221; css=&#8221;.vc_custom_1729680559191{margin-bottom: 0px !important;}&#8221;]Meie eesm\u00e4rk on pakkuda tooteid, mis toetavad kogu keha s\u00fcsteemide tervist, suurendades nende suutlikkust ja vastupidavust. Keskendume sellele, kuidas luua s\u00fcnergiat keha s\u00fcsteemide vahel, saavutades paremaid tulemusi kui neid eraldi k\u00e4sitledes. K\u00f5ik Elix Healthi poolt [&hellip;]<\/p>\n","protected":false},"author":6,"featured_media":0,"parent":0,"menu_order":0,"comment_status":"closed","ping_status":"closed","template":"","meta":{"footnotes":""},"class_list":["post-2461","page","type-page","status-publish","hentry"],"yoast_head":"<!-- This site is optimized with the Yoast SEO plugin v27.0 - https:\/\/yoast.com\/product\/yoast-seo-wordpress\/ -->\n<title>Meist: Elix Health Eesti - Meie peamiseks disainiprintsiibiks on kogu...<\/title>\n<meta name=\"description\" content=\"K\u00f5ik Elix Health tooted on loodud selleks, et aidata kehal t\u00f5husamalt reguleerida omaenda biokeemiat ja taastada hom\u00f6ostaatiline tasakaal.\" \/>\n<meta name=\"robots\" content=\"index, follow, max-snippet:-1, max-image-preview:large, max-video-preview:-1\" \/>\n<link rel=\"canonical\" href=\"https:\/\/elixhealth.eu\/et\/meist-elix-health-eesti\/\" \/>\n<meta property=\"og:locale\" content=\"et_EE\" \/>\n<meta property=\"og:type\" content=\"article\" \/>\n<meta property=\"og:title\" content=\"Meist: Elix Health Eesti - Meie peamiseks disainiprintsiibiks on kogu...\" \/>\n<meta property=\"og:description\" content=\"K\u00f5ik Elix Health tooted on loodud selleks, et aidata kehal t\u00f5husamalt reguleerida omaenda biokeemiat ja taastada hom\u00f6ostaatiline tasakaal.\" \/>\n<meta property=\"og:url\" content=\"https:\/\/elixhealth.eu\/et\/meist-elix-health-eesti\/\" \/>\n<meta property=\"og:site_name\" content=\"EliX Health\" \/>\n<meta property=\"article:publisher\" content=\"https:\/\/www.facebook.com\/elixhealth.eu\" \/>\n<meta property=\"article:modified_time\" content=\"2024-10-23T10:49:43+00:00\" \/>\n<meta name=\"twitter:card\" content=\"summary_large_image\" \/>\n<meta name=\"twitter:label1\" content=\"Est. reading time\" \/>\n\t<meta name=\"twitter:data1\" content=\"1 minut\" \/>\n<script type=\"application\/ld+json\" class=\"yoast-schema-graph\">{\"@context\":\"https:\/\/schema.org\",\"@graph\":[{\"@type\":\"WebPage\",\"@id\":\"https:\/\/elixhealth.eu\/et\/meist-elix-health-eesti\/\",\"url\":\"https:\/\/elixhealth.eu\/et\/meist-elix-health-eesti\/\",\"name\":\"Meist: Elix Health Eesti - Meie peamiseks disainiprintsiibiks on kogu...\",\"isPartOf\":{\"@id\":\"https:\/\/elixhealth.eu\/et\/#website\"},\"datePublished\":\"2020-06-05T10:40:13+00:00\",\"dateModified\":\"2024-10-23T10:49:43+00:00\",\"description\":\"K\u00f5ik Elix Health tooted on loodud selleks, et aidata kehal t\u00f5husamalt reguleerida omaenda biokeemiat ja taastada hom\u00f6ostaatiline tasakaal.\",\"breadcrumb\":{\"@id\":\"https:\/\/elixhealth.eu\/et\/meist-elix-health-eesti\/#breadcrumb\"},\"inLanguage\":\"et\",\"potentialAction\":[{\"@type\":\"ReadAction\",\"target\":[\"https:\/\/elixhealth.eu\/et\/meist-elix-health-eesti\/\"]}]},{\"@type\":\"BreadcrumbList\",\"@id\":\"https:\/\/elixhealth.eu\/et\/meist-elix-health-eesti\/#breadcrumb\",\"itemListElement\":[{\"@type\":\"ListItem\",\"position\":1,\"name\":\"Esileht\",\"item\":\"https:\/\/elixhealth.eu\/et\/\"},{\"@type\":\"ListItem\",\"position\":2,\"name\":\"Elix Health Eesti\"}]},{\"@type\":\"WebSite\",\"@id\":\"https:\/\/elixhealth.eu\/et\/#website\",\"url\":\"https:\/\/elixhealth.eu\/et\/\",\"name\":\"EliX Health\",\"description\":\"High Purity NAD+ Products\",\"publisher\":{\"@id\":\"https:\/\/elixhealth.eu\/et\/#organization\"},\"potentialAction\":[{\"@type\":\"SearchAction\",\"target\":{\"@type\":\"EntryPoint\",\"urlTemplate\":\"https:\/\/elixhealth.eu\/et\/?s={search_term_string}\"},\"query-input\":{\"@type\":\"PropertyValueSpecification\",\"valueRequired\":true,\"valueName\":\"search_term_string\"}}],\"inLanguage\":\"et\"},{\"@type\":\"Organization\",\"@id\":\"https:\/\/elixhealth.eu\/et\/#organization\",\"name\":\"EliX Health Baltic\",\"url\":\"https:\/\/elixhealth.eu\/et\/\",\"logo\":{\"@type\":\"ImageObject\",\"inLanguage\":\"et\",\"@id\":\"https:\/\/elixhealth.eu\/et\/#\/schema\/logo\/image\/\",\"url\":\"https:\/\/elixhealth.eu\/wp-content\/uploads\/2020\/06\/elix_logo_invoice.png\",\"contentUrl\":\"https:\/\/elixhealth.eu\/wp-content\/uploads\/2020\/06\/elix_logo_invoice.png\",\"width\":315,\"height\":173,\"caption\":\"EliX Health Baltic\"},\"image\":{\"@id\":\"https:\/\/elixhealth.eu\/et\/#\/schema\/logo\/image\/\"},\"sameAs\":[\"https:\/\/www.facebook.com\/elixhealth.eu\",\"https:\/\/www.instagram.com\/elixhealth.eu\/\"]}]}<\/script>\n<!-- \/ Yoast SEO plugin. -->","yoast_head_json":{"title":"Meist: Elix Health Eesti - Meie peamiseks disainiprintsiibiks on kogu...","description":"K\u00f5ik Elix Health tooted on loodud selleks, et aidata kehal t\u00f5husamalt reguleerida omaenda biokeemiat ja taastada hom\u00f6ostaatiline tasakaal.","robots":{"index":"index","follow":"follow","max-snippet":"max-snippet:-1","max-image-preview":"max-image-preview:large","max-video-preview":"max-video-preview:-1"},"canonical":"https:\/\/elixhealth.eu\/et\/meist-elix-health-eesti\/","og_locale":"et_EE","og_type":"article","og_title":"Meist: Elix Health Eesti - Meie peamiseks disainiprintsiibiks on kogu...","og_description":"K\u00f5ik Elix Health tooted on loodud selleks, et aidata kehal t\u00f5husamalt reguleerida omaenda biokeemiat ja taastada hom\u00f6ostaatiline tasakaal.","og_url":"https:\/\/elixhealth.eu\/et\/meist-elix-health-eesti\/","og_site_name":"EliX Health","article_publisher":"https:\/\/www.facebook.com\/elixhealth.eu","article_modified_time":"2024-10-23T10:49:43+00:00","twitter_card":"summary_large_image","twitter_misc":{"Est. reading time":"1 minut"},"schema":{"@context":"https:\/\/schema.org","@graph":[{"@type":"WebPage","@id":"https:\/\/elixhealth.eu\/et\/meist-elix-health-eesti\/","url":"https:\/\/elixhealth.eu\/et\/meist-elix-health-eesti\/","name":"Meist: Elix Health Eesti - Meie peamiseks disainiprintsiibiks on kogu...","isPartOf":{"@id":"https:\/\/elixhealth.eu\/et\/#website"},"datePublished":"2020-06-05T10:40:13+00:00","dateModified":"2024-10-23T10:49:43+00:00","description":"K\u00f5ik Elix Health tooted on loodud selleks, et aidata kehal t\u00f5husamalt reguleerida omaenda biokeemiat ja taastada hom\u00f6ostaatiline tasakaal.","breadcrumb":{"@id":"https:\/\/elixhealth.eu\/et\/meist-elix-health-eesti\/#breadcrumb"},"inLanguage":"et","potentialAction":[{"@type":"ReadAction","target":["https:\/\/elixhealth.eu\/et\/meist-elix-health-eesti\/"]}]},{"@type":"BreadcrumbList","@id":"https:\/\/elixhealth.eu\/et\/meist-elix-health-eesti\/#breadcrumb","itemListElement":[{"@type":"ListItem","position":1,"name":"Esileht","item":"https:\/\/elixhealth.eu\/et\/"},{"@type":"ListItem","position":2,"name":"Elix Health Eesti"}]},{"@type":"WebSite","@id":"https:\/\/elixhealth.eu\/et\/#website","url":"https:\/\/elixhealth.eu\/et\/","name":"EliX Health","description":"High Purity NAD+ Products","publisher":{"@id":"https:\/\/elixhealth.eu\/et\/#organization"},"potentialAction":[{"@type":"SearchAction","target":{"@type":"EntryPoint","urlTemplate":"https:\/\/elixhealth.eu\/et\/?s={search_term_string}"},"query-input":{"@type":"PropertyValueSpecification","valueRequired":true,"valueName":"search_term_string"}}],"inLanguage":"et"},{"@type":"Organization","@id":"https:\/\/elixhealth.eu\/et\/#organization","name":"EliX Health Baltic","url":"https:\/\/elixhealth.eu\/et\/","logo":{"@type":"ImageObject","inLanguage":"et","@id":"https:\/\/elixhealth.eu\/et\/#\/schema\/logo\/image\/","url":"https:\/\/elixhealth.eu\/wp-content\/uploads\/2020\/06\/elix_logo_invoice.png","contentUrl":"https:\/\/elixhealth.eu\/wp-content\/uploads\/2020\/06\/elix_logo_invoice.png","width":315,"height":173,"caption":"EliX Health Baltic"},"image":{"@id":"https:\/\/elixhealth.eu\/et\/#\/schema\/logo\/image\/"},"sameAs":["https:\/\/www.facebook.com\/elixhealth.eu","https:\/\/www.instagram.com\/elixhealth.eu\/"]}]}},"_links":{"self":[{"href":"https:\/\/elixhealth.eu\/et\/wp-json\/wp\/v2\/pages\/2461","targetHints":{"allow":["GET"]}}],"collection":[{"href":"https:\/\/elixhealth.eu\/et\/wp-json\/wp\/v2\/pages"}],"about":[{"href":"https:\/\/elixhealth.eu\/et\/wp-json\/wp\/v2\/types\/page"}],"author":[{"embeddable":true,"href":"https:\/\/elixhealth.eu\/et\/wp-json\/wp\/v2\/users\/6"}],"replies":[{"embeddable":true,"href":"https:\/\/elixhealth.eu\/et\/wp-json\/wp\/v2\/comments?post=2461"}],"version-history":[{"count":5,"href":"https:\/\/elixhealth.eu\/et\/wp-json\/wp\/v2\/pages\/2461\/revisions"}],"predecessor-version":[{"id":4984,"href":"https:\/\/elixhealth.eu\/et\/wp-json\/wp\/v2\/pages\/2461\/revisions\/4984"}],"wp:attachment":[{"href":"https:\/\/elixhealth.eu\/et\/wp-json\/wp\/v2\/media?parent=2461"}],"curies":[{"name":"wp","href":"https:\/\/api.w.org\/{rel}","templated":true}]}}