{"id":2407,"date":"2020-06-04T13:09:09","date_gmt":"2020-06-04T13:09:09","guid":{"rendered":"https:\/\/elixhealth.eu\/?page_id=2407"},"modified":"2021-11-05T19:26:12","modified_gmt":"2021-11-05T17:26:12","slug":"nmn-toidulisandid","status":"publish","type":"page","link":"https:\/\/elixhealth.eu\/et\/nmn-toidulisandid\/","title":{"rendered":"NMN &#8211; Nikotiinamiid mononukleotiid"},"content":{"rendered":"<div class=\"wpb-content-wrapper\">[vc_row css=&#8221;.vc_custom_1589972078314{padding-top: 60px !important;}&#8221;][vc_column][mk_fancy_title size=&#8221;36&#8243; font_family=&#8221;none&#8221;]Nikotinamiid mononukleotiid (NMN)[\/mk_fancy_title][vc_column_text css=&#8221;.vc_custom_1598380240980{margin-bottom: 0px !important;}&#8221;]NMN on revolutsiooniline uus molekul, mida Harvardi teadlased kasutavad vananemisn\u00e4htude aeglustamiseks ja isegi tagasip\u00f6\u00f6ramiseks. Uuringud on n\u00e4idanud, et NMN toidulisandid aktiveerivad vananemisvastaseid radu ja taastavad geenid tagasi oma nooruslikku konfiguratsiooni, kiirendades energia metabolismi, edendades aju ja s\u00fcdame-veresoonkonna tervislikke funktsioone, parandades vananenud DNA-d ja aktiveerides pikaealisusega seotud sirtuiine.<\/p>\n<p>\u2022 NMN on teistest metaboliitidest tunduvalt efektiivsem, taastamaks NAD+ taset rakkude sees.<br \/>\n\u2022 NAD+ leidub igas meie keha rakus ja see on h\u00e4davajalik rakkude ainevahetuseks ehk keemiaks, mis hoiab meid j\u00f5udsa, v\u00e4rske ja energilisena.<\/p>\n<p>NAD+ suurendab ATP ehk meie rakkude energia valuuta tootmist. NAD+ tasemed kontrollivad DNA parandamise aktiivsust ja seitset vananemise eest kaitsvat ens\u00fc\u00fcmi, mida nimetatakse \u201esirtuiinideks\u201c.<br \/>\nSirtuiin on valk, mis kiirendab ainevahetust, v\u00e4hendab rakustressi ja pikendab raku eluiga. Neid valke tuntakse ka h\u00fc\u00fcdnime j\u00e4rgi &#8220;genoomi valvurid&#8221;, kuna neil on v\u00f5tmeroll raku tervise s\u00e4ilitamisel, p\u00f5letiku kontrolli all hoidmisel ja vananemisega seotud geenide v\u00e4ljal\u00fclitamisel. Sirtuiinididel on oluline roll telomeeride pikkuse s\u00e4ilitamisel, kusjuures telomeeride pikkust on seostatud pika elueaga.[\/vc_column_text][\/vc_column][\/vc_row][vc_row][vc_column][mk_fancy_title size=&#8221;36&#8243; font_family=&#8221;none&#8221;]Tutvustame Teile EliX Health NMN-i[\/mk_fancy_title][mk_fancy_title tag_name=&#8221;span&#8221; size=&#8221;24&#8243; font_family=&#8221;none&#8221;]Toode, mis toetab Teie rakkude pikaajalist tervist.[\/mk_fancy_title][vc_column_text css=&#8221;.vc_custom_1598380284799{margin-bottom: 0px !important;}&#8221;]Elix Health NMN on igap\u00e4evane toidulisand, mis on m\u00f5eldud raku NAD+ taseme t\u00f5stmiseks ja sirtuiinide (geenide perekond, mis m\u00e4ngib rolli raku tervise reguleerimisel ja saab funktsioneerida ainult NAD+ juuresolekul) aktiveerimiseks.<br \/>\nVananedes NAD+ tase langeb loomulikul viisil. NAD+ on aga \u00e4\u00e4rmiselt vajalik elut\u00e4htsate rakuliste protsesside jaoks, sealhulgas raku energia tootmine ja DNA tervislik s\u00e4ilitamine.<br \/>\nNMN toidulisandid on k\u00f5ige t\u00f5husaim toode rakusisese NAD+ taseme taastamisel.[\/vc_column_text][\/vc_column][\/vc_row][vc_row css=&#8221;.vc_custom_1591274286753{margin-bottom: 60px !important;}&#8221;][vc_column][mk_fancy_title size=&#8221;36&#8243; font_family=&#8221;none&#8221;]NAD+ loome ja kasutus inimestes[\/mk_fancy_title][vc_row_inner attached=&#8221;true&#8221; is_fullwidth_content=&#8221;false&#8221; visibility=&#8221;hidden-tl&#8221;][vc_column_inner width=&#8221;1\/2&#8243;][vc_column_text css=&#8221;.vc_custom_1591276511973{margin-bottom: 0px !important;}&#8221;]NAD+ loome ja kasutus inimestes<br \/>\nNAD+ saab s\u00fcnteesida inimestes mitmest erinevast molekulist (l\u00e4hteainetest), nii De Novo- algetapist ehk nullist kui ka p\u00e4\u00e4stmise\/taastamise kaudu.<br \/>\nP\u00e4\u00e4stmise\/taastamise puhul muundatakse nikotiinamiid (NAM) ja nikotiinamiid ribosiid (NR) k\u00f5igepealt NMN-iks, mis seej\u00e4rel muundatakse NAD+ -ks.<br \/>\nNMN-i nimetataksegi selle t\u00f5ttu NAD+ otseseks vahe\u00fchendiks, kuna NMN on viimane samm enne NAD+ -ks muundamist.<br \/>\nNampt on p\u00e4\u00e4steprotsessis kiirust piirav samm. Vananedes on Nampti ens\u00fc\u00fcmide aktiivsus madalam, mille tagaj\u00e4rjel v\u00e4heneb NAM-i \u00fcmbert\u00f6\u00f6tlemine. See aga t\u00e4hendab v\u00e4hem NAD+ i ehk rohkem haigusi ja vananemist.<br \/>\nKapslitena tarbimiseks on NAD+ molekul iseenesest liiga suur, et see suudaks seedes\u00fcsteemi l\u00e4bida puutumatuna, mist\u00f5ttu on just NR ja NMN toidulisandid parim viis NAD+ taseme t\u00f5stmiseks kehas.[\/vc_column_text][\/vc_column_inner][vc_column_inner width=&#8221;1\/2&#8243;][mk_image heading_title=&#8221;INIMESE NAD + METABOLISM&#8221; src=&#8221;https:\/\/elixhealth.eu\/wp-content\/uploads\/2020\/06\/nampt-circle-est.png&#8221; image_size=&#8221;full&#8221; lightbox=&#8221;true&#8221; hover_image_overlay=&#8221;false&#8221;][\/vc_column_inner][\/vc_row_inner][vc_row_inner attached=&#8221;true&#8221; is_fullwidth_content=&#8221;false&#8221; visibility=&#8221;visible-tl&#8221;][vc_column_inner][vc_column_text css=&#8221;.vc_custom_1594373528065{margin-bottom: 0px !important;}&#8221;]NAD+ loome ja kasutus inimestes<br \/>\nNAD+ saab s\u00fcnteesida inimestes mitmest erinevast molekulist (l\u00e4hteainetest), nii De Novo- algetapist ehk nullist kui ka p\u00e4\u00e4stmise\/taastamise kaudu.<br \/>\nP\u00e4\u00e4stmise\/taastamise puhul muundatakse nikotiinamiid (NAM) ja nikotiinamiid ribosiid (NR) k\u00f5igepealt NMN-iks, mis seej\u00e4rel muundatakse NAD+ -ks.<br \/>\nNMN-i nimetataksegi selle t\u00f5ttu NAD+ otseseks vahe\u00fchendiks, kuna NMN on viimane samm enne NAD+ -ks muundamist.<br \/>\nNampt on p\u00e4\u00e4steprotsessis kiirust piirav samm. Vananedes on Nampti ens\u00fc\u00fcmide aktiivsus madalam, mille tagaj\u00e4rjel v\u00e4heneb NAM-i \u00fcmbert\u00f6\u00f6tlemine. See aga t\u00e4hendab v\u00e4hem NAD+ i ehk rohkem haigusi ja vananemist.<br \/>\nKapslitena tarbimiseks on NAD+ molekul iseenesest liiga suur, et see suudaks seedes\u00fcsteemi l\u00e4bida puutumatuna, mist\u00f5ttu on just NR ja NMN toidulisandid parim viis NAD+ taseme t\u00f5stmiseks kehas.[\/vc_column_text][mk_image heading_title=&#8221;INIMESE NAD + METABOLISM&#8221; src=&#8221;https:\/\/elixhealth.eu\/wp-content\/uploads\/2020\/06\/nampt-circle-est.png&#8221; image_size=&#8221;full&#8221; lightbox=&#8221;true&#8221; hover_image_overlay=&#8221;false&#8221; align=&#8221;center&#8221;][\/vc_column_inner][\/vc_row_inner][\/vc_column][\/vc_row][vc_row visibility=&#8221;visible-sm&#8221; css=&#8221;.vc_custom_1593850539866{margin-bottom: 60px !important;}&#8221;][vc_column][mk_button dimension=&#8221;flat&#8221; corner_style=&#8221;rounded&#8221; size=&#8221;large&#8221; url=&#8221;https:\/\/elixhealth.eu\/et\/kuidas-nad-plus-boosterid-tootavad\/#sirtuiinid&#8221; align=&#8221;center&#8221; fullwidth=&#8221;true&#8221; margin_top=&#8221;30&#8243;]Loe lisaks[\/mk_button][\/vc_column][\/vc_row][vc_row visibility=&#8221;visible-tl&#8221; css=&#8221;.vc_custom_1594219274695{margin-bottom: 60px !important;}&#8221;][vc_column][mk_button dimension=&#8221;flat&#8221; corner_style=&#8221;rounded&#8221; size=&#8221;large&#8221; url=&#8221;https:\/\/elixhealth.eu\/et\/kuidas-nad-plus-boosterid-tootavad\/#sirtuiinid&#8221; align=&#8221;center&#8221; fullwidth=&#8221;true&#8221; margin_top=&#8221;30&#8243;]Loe lisaks[\/mk_button][\/vc_column][\/vc_row]\n<\/div>","protected":false},"excerpt":{"rendered":"<p>[vc_row css=&#8221;.vc_custom_1589972078314{padding-top: 60px !important;}&#8221;][vc_column][mk_fancy_title size=&#8221;36&#8243; font_family=&#8221;none&#8221;]Nikotinamiid mononukleotiid (NMN)[\/mk_fancy_title][vc_column_text css=&#8221;.vc_custom_1598380240980{margin-bottom: 0px !important;}&#8221;]NMN on revolutsiooniline uus molekul, mida Harvardi teadlased kasutavad vananemisn\u00e4htude aeglustamiseks ja isegi tagasip\u00f6\u00f6ramiseks. Uuringud on n\u00e4idanud, et NMN toidulisandid aktiveerivad vananemisvastaseid radu ja taastavad geenid tagasi oma nooruslikku konfiguratsiooni, kiirendades energia metabolismi, edendades aju ja s\u00fcdame-veresoonkonna tervislikke funktsioone, parandades vananenud DNA-d ja aktiveerides pikaealisusega [&hellip;]<\/p>\n","protected":false},"author":6,"featured_media":0,"parent":0,"menu_order":0,"comment_status":"closed","ping_status":"closed","template":"","meta":{"footnotes":""},"class_list":["post-2407","page","type-page","status-publish","hentry"],"yoast_head":"<!-- This site is optimized with the Yoast SEO plugin v27.0 - https:\/\/yoast.com\/product\/yoast-seo-wordpress\/ -->\n<title>Mida teevad su tervise heaks NMN toidulisandid? | EliX Health - NMN 99%<\/title>\n<meta name=\"description\" content=\"Uuringud on n\u00e4idanud, et NMN toidulisandid aktiveerivad vananemisvastaseid radu ja taastavad geenid tagasi oma nooruslikku konfiguratsiooni.\" \/>\n<meta name=\"robots\" content=\"index, follow, max-snippet:-1, max-image-preview:large, max-video-preview:-1\" \/>\n<link rel=\"canonical\" href=\"https:\/\/elixhealth.eu\/et\/nmn-toidulisandid\/\" \/>\n<meta property=\"og:locale\" content=\"et_EE\" \/>\n<meta property=\"og:type\" content=\"article\" \/>\n<meta property=\"og:title\" content=\"Mida teevad su tervise heaks NMN toidulisandid? | EliX Health - NMN 99%\" \/>\n<meta property=\"og:description\" content=\"Uuringud on n\u00e4idanud, et NMN toidulisandid aktiveerivad vananemisvastaseid radu ja taastavad geenid tagasi oma nooruslikku konfiguratsiooni.\" \/>\n<meta property=\"og:url\" content=\"https:\/\/elixhealth.eu\/et\/nmn-toidulisandid\/\" \/>\n<meta property=\"og:site_name\" content=\"EliX Health\" \/>\n<meta property=\"article:publisher\" content=\"https:\/\/www.facebook.com\/elixhealth.eu\" \/>\n<meta property=\"article:modified_time\" content=\"2021-11-05T17:26:12+00:00\" \/>\n<meta name=\"twitter:card\" content=\"summary_large_image\" \/>\n<meta name=\"twitter:label1\" content=\"Est. reading time\" \/>\n\t<meta name=\"twitter:data1\" content=\"3 minutit\" \/>\n<script type=\"application\/ld+json\" class=\"yoast-schema-graph\">{\"@context\":\"https:\/\/schema.org\",\"@graph\":[{\"@type\":\"WebPage\",\"@id\":\"https:\/\/elixhealth.eu\/et\/nmn-toidulisandid\/\",\"url\":\"https:\/\/elixhealth.eu\/et\/nmn-toidulisandid\/\",\"name\":\"Mida teevad su tervise heaks NMN toidulisandid? | EliX Health - NMN 99%\",\"isPartOf\":{\"@id\":\"https:\/\/elixhealth.eu\/et\/#website\"},\"datePublished\":\"2020-06-04T13:09:09+00:00\",\"dateModified\":\"2021-11-05T17:26:12+00:00\",\"description\":\"Uuringud on n\u00e4idanud, et NMN toidulisandid aktiveerivad vananemisvastaseid radu ja taastavad geenid tagasi oma nooruslikku konfiguratsiooni.\",\"breadcrumb\":{\"@id\":\"https:\/\/elixhealth.eu\/et\/nmn-toidulisandid\/#breadcrumb\"},\"inLanguage\":\"et\",\"potentialAction\":[{\"@type\":\"ReadAction\",\"target\":[\"https:\/\/elixhealth.eu\/et\/nmn-toidulisandid\/\"]}]},{\"@type\":\"BreadcrumbList\",\"@id\":\"https:\/\/elixhealth.eu\/et\/nmn-toidulisandid\/#breadcrumb\",\"itemListElement\":[{\"@type\":\"ListItem\",\"position\":1,\"name\":\"Esileht\",\"item\":\"https:\/\/elixhealth.eu\/et\/\"},{\"@type\":\"ListItem\",\"position\":2,\"name\":\"NMN &#8211; Nikotiinamiid mononukleotiid\"}]},{\"@type\":\"WebSite\",\"@id\":\"https:\/\/elixhealth.eu\/et\/#website\",\"url\":\"https:\/\/elixhealth.eu\/et\/\",\"name\":\"EliX Health\",\"description\":\"High Purity NAD+ Products\",\"publisher\":{\"@id\":\"https:\/\/elixhealth.eu\/et\/#organization\"},\"potentialAction\":[{\"@type\":\"SearchAction\",\"target\":{\"@type\":\"EntryPoint\",\"urlTemplate\":\"https:\/\/elixhealth.eu\/et\/?s={search_term_string}\"},\"query-input\":{\"@type\":\"PropertyValueSpecification\",\"valueRequired\":true,\"valueName\":\"search_term_string\"}}],\"inLanguage\":\"et\"},{\"@type\":\"Organization\",\"@id\":\"https:\/\/elixhealth.eu\/et\/#organization\",\"name\":\"EliX Health Baltic\",\"url\":\"https:\/\/elixhealth.eu\/et\/\",\"logo\":{\"@type\":\"ImageObject\",\"inLanguage\":\"et\",\"@id\":\"https:\/\/elixhealth.eu\/et\/#\/schema\/logo\/image\/\",\"url\":\"https:\/\/elixhealth.eu\/wp-content\/uploads\/2020\/06\/elix_logo_invoice.png\",\"contentUrl\":\"https:\/\/elixhealth.eu\/wp-content\/uploads\/2020\/06\/elix_logo_invoice.png\",\"width\":315,\"height\":173,\"caption\":\"EliX Health Baltic\"},\"image\":{\"@id\":\"https:\/\/elixhealth.eu\/et\/#\/schema\/logo\/image\/\"},\"sameAs\":[\"https:\/\/www.facebook.com\/elixhealth.eu\",\"https:\/\/www.instagram.com\/elixhealth.eu\/\"]}]}<\/script>\n<!-- \/ Yoast SEO plugin. -->","yoast_head_json":{"title":"Mida teevad su tervise heaks NMN toidulisandid? | EliX Health - NMN 99%","description":"Uuringud on n\u00e4idanud, et NMN toidulisandid aktiveerivad vananemisvastaseid radu ja taastavad geenid tagasi oma nooruslikku konfiguratsiooni.","robots":{"index":"index","follow":"follow","max-snippet":"max-snippet:-1","max-image-preview":"max-image-preview:large","max-video-preview":"max-video-preview:-1"},"canonical":"https:\/\/elixhealth.eu\/et\/nmn-toidulisandid\/","og_locale":"et_EE","og_type":"article","og_title":"Mida teevad su tervise heaks NMN toidulisandid? | EliX Health - NMN 99%","og_description":"Uuringud on n\u00e4idanud, et NMN toidulisandid aktiveerivad vananemisvastaseid radu ja taastavad geenid tagasi oma nooruslikku konfiguratsiooni.","og_url":"https:\/\/elixhealth.eu\/et\/nmn-toidulisandid\/","og_site_name":"EliX Health","article_publisher":"https:\/\/www.facebook.com\/elixhealth.eu","article_modified_time":"2021-11-05T17:26:12+00:00","twitter_card":"summary_large_image","twitter_misc":{"Est. reading time":"3 minutit"},"schema":{"@context":"https:\/\/schema.org","@graph":[{"@type":"WebPage","@id":"https:\/\/elixhealth.eu\/et\/nmn-toidulisandid\/","url":"https:\/\/elixhealth.eu\/et\/nmn-toidulisandid\/","name":"Mida teevad su tervise heaks NMN toidulisandid? | EliX Health - NMN 99%","isPartOf":{"@id":"https:\/\/elixhealth.eu\/et\/#website"},"datePublished":"2020-06-04T13:09:09+00:00","dateModified":"2021-11-05T17:26:12+00:00","description":"Uuringud on n\u00e4idanud, et NMN toidulisandid aktiveerivad vananemisvastaseid radu ja taastavad geenid tagasi oma nooruslikku konfiguratsiooni.","breadcrumb":{"@id":"https:\/\/elixhealth.eu\/et\/nmn-toidulisandid\/#breadcrumb"},"inLanguage":"et","potentialAction":[{"@type":"ReadAction","target":["https:\/\/elixhealth.eu\/et\/nmn-toidulisandid\/"]}]},{"@type":"BreadcrumbList","@id":"https:\/\/elixhealth.eu\/et\/nmn-toidulisandid\/#breadcrumb","itemListElement":[{"@type":"ListItem","position":1,"name":"Esileht","item":"https:\/\/elixhealth.eu\/et\/"},{"@type":"ListItem","position":2,"name":"NMN &#8211; Nikotiinamiid mononukleotiid"}]},{"@type":"WebSite","@id":"https:\/\/elixhealth.eu\/et\/#website","url":"https:\/\/elixhealth.eu\/et\/","name":"EliX Health","description":"High Purity NAD+ Products","publisher":{"@id":"https:\/\/elixhealth.eu\/et\/#organization"},"potentialAction":[{"@type":"SearchAction","target":{"@type":"EntryPoint","urlTemplate":"https:\/\/elixhealth.eu\/et\/?s={search_term_string}"},"query-input":{"@type":"PropertyValueSpecification","valueRequired":true,"valueName":"search_term_string"}}],"inLanguage":"et"},{"@type":"Organization","@id":"https:\/\/elixhealth.eu\/et\/#organization","name":"EliX Health Baltic","url":"https:\/\/elixhealth.eu\/et\/","logo":{"@type":"ImageObject","inLanguage":"et","@id":"https:\/\/elixhealth.eu\/et\/#\/schema\/logo\/image\/","url":"https:\/\/elixhealth.eu\/wp-content\/uploads\/2020\/06\/elix_logo_invoice.png","contentUrl":"https:\/\/elixhealth.eu\/wp-content\/uploads\/2020\/06\/elix_logo_invoice.png","width":315,"height":173,"caption":"EliX Health Baltic"},"image":{"@id":"https:\/\/elixhealth.eu\/et\/#\/schema\/logo\/image\/"},"sameAs":["https:\/\/www.facebook.com\/elixhealth.eu","https:\/\/www.instagram.com\/elixhealth.eu\/"]}]}},"_links":{"self":[{"href":"https:\/\/elixhealth.eu\/et\/wp-json\/wp\/v2\/pages\/2407","targetHints":{"allow":["GET"]}}],"collection":[{"href":"https:\/\/elixhealth.eu\/et\/wp-json\/wp\/v2\/pages"}],"about":[{"href":"https:\/\/elixhealth.eu\/et\/wp-json\/wp\/v2\/types\/page"}],"author":[{"embeddable":true,"href":"https:\/\/elixhealth.eu\/et\/wp-json\/wp\/v2\/users\/6"}],"replies":[{"embeddable":true,"href":"https:\/\/elixhealth.eu\/et\/wp-json\/wp\/v2\/comments?post=2407"}],"version-history":[{"count":5,"href":"https:\/\/elixhealth.eu\/et\/wp-json\/wp\/v2\/pages\/2407\/revisions"}],"predecessor-version":[{"id":4511,"href":"https:\/\/elixhealth.eu\/et\/wp-json\/wp\/v2\/pages\/2407\/revisions\/4511"}],"wp:attachment":[{"href":"https:\/\/elixhealth.eu\/et\/wp-json\/wp\/v2\/media?parent=2407"}],"curies":[{"name":"wp","href":"https:\/\/api.w.org\/{rel}","templated":true}]}}