{"id":2384,"date":"2020-06-04T12:31:49","date_gmt":"2020-06-04T12:31:49","guid":{"rendered":"https:\/\/elixhealth.eu\/?page_id=2384"},"modified":"2024-09-02T15:51:54","modified_gmt":"2024-09-02T12:51:54","slug":"muugitingimused","status":"publish","type":"page","link":"https:\/\/elixhealth.eu\/et\/muugitingimused\/","title":{"rendered":"M\u00fc\u00fcgitingimused"},"content":{"rendered":"<div class=\"wpb-content-wrapper\">[vc_row css=&#8221;.vc_custom_1590567149110{margin-top: 60px !important;}&#8221;][vc_column][vc_tta_accordion style=&#8221;flat&#8221; shape=&#8221;square&#8221; color=&#8221;black&#8221; spacing=&#8221;15&#8243; gap=&#8221;15&#8243; active_section=&#8221;1&#8243; no_fill=&#8221;true&#8221;][vc_tta_section title=&#8221;1. M\u00fc\u00fcgitingimuste kehtivus&#8221; tab_id=&#8221;1585923136013-ea01a9f6-a7dd&#8221;][vc_column_text disable_pattern=&#8221;false&#8221; css=&#8221;.vc_custom_1591302222321{margin-bottom: 0px !important;}&#8221;]1.1. M\u00fc\u00fcgitingimused kehtivad elixhealth.eu veebipoest ostja (edaspidi Tarbija) ja ettev\u00f5tja EliX Health Baltic O\u00dc (edaspidi Veebipood www.elixhealth.eu) vahel kaupade ja teenuste ostmisel.<\/p>\n<p>1.2. Lisaks k\u00e4esolevatele tingimustele reguleerivad elixhealth.eu veebipoest toodete ostmisel tekkivaid \u00f5igussuhteid Eesti Vabariigis kehtivad v\u00f5la\u00f5igusseadus (edaspidi V\u00d5S), tarbijakaitseseadus (edaspidi TKS) ja teised \u00f5igusaktid.<\/p>\n<p>1.3. Veebipood elixhealth.eu j\u00e4tab endale \u00f5iguse teha m\u00fc\u00fcgitingimustes muudatusi. Nimetatud muudatusi kajastatakse veebilehel elixhealth.eu.[\/vc_column_text][\/vc_tta_section][vc_tta_section title=&#8221;2. Hinnainfo&#8221; tab_id=&#8221;1585923136026-a915dfe6-94fd&#8221;][vc_column_text css=&#8221;.vc_custom_1713951403368{margin-bottom: 0px !important;}&#8221;]2.1. K\u00f5ik veebipoes elixhealth.eu toodud hinnad sisaldavad k\u00e4ibemaksu 22%.<\/p>\n<p>2.2. Ostudel, mille kogusumma j\u00e4\u00e4b alla 50 euro, lisandub hinnale transpordi hind vastavalt Tarbija valitud tarneviisile.<\/p>\n<p>2.3. Hinnad kehtivad tellimuse vormistamisest kuni vormistatud tellimuse makset\u00e4htaja aegumiseni (7 p\u00e4eva p\u00e4rast tellimuse vormistamist).<\/p>\n<p>2.4. Kui tellimus on esitatud enne m\u00fc\u00fcgitingimuste v\u00f5i hindade muutmist, kohaldatakse Tarbija ja elixhealth.eu vahel tekkinud \u00f5igussuhetele tellimuse vormistamise ajal kehtinud tingimusi.<\/p>\n<p>2.5. Veebipood elixhealth.eu j\u00e4tab endale \u00f5iguse teha m\u00fc\u00fcgihindades muudatusi. Nimetatud muudatusi kajastatakse veebilehel elixhealth.eu.[\/vc_column_text][\/vc_tta_section][vc_tta_section title=&#8221;3. Tellimuse vormistamine&#8221; tab_id=&#8221;1585923621966-400855f3-661d&#8221;][vc_column_text css=&#8221;.vc_custom_1725281479933{margin-bottom: 0px !important;}&#8221;]3.1. Lisage soovitud tooted ostukorvi.<\/p>\n<p>3.2. Tellimuse vormistamiseks vajutage k\u00f5igepealt ostukorvis lingile \u201eVormista tellimus\u02ee.<\/p>\n<p>3.3. J\u00e4rgnevalt tehke valik, kas soovite tellimuse sooritada \u00fchekordselt v\u00f5i p\u00fcsikliendina.<\/p>\n<p>3.4. Tellimuse vormistamise lehel t\u00e4itke n\u00f5utud andmev\u00e4ljad, valige teile sobiv toodete kohaletoimetamise viis ja vajutage lingile \u201eEsita Tellimus\u02ee. Seej\u00e4rel kuvatakse ekraanile arve, mille saate tasuda mugavalt pangalingi kaudu (Swedbank, SEB, Luminor, LHV, vm) v\u00f5i teiste makselahenduste abil pankades euromaksena. Andmed euromakse sooritamiseks koos k\u00f5igi kehtivate riiklike maksudega ja lisanduvate tasudega leiate p\u00e4rast tellimuse kinnitamist ekraanile kuvatud arvelt. Makseid saab tasuda turvaliselt la\u0308bi ja\u0308rgnevate makseviiside:<\/p>\n<p>\u2022 Eesti pangalingid: Swedbank, SEB, Luminor, LHV, Coop Pank, Pocopay ja Liisi ID<br \/>\n\u2022 Visa\/Mastercard kaardimaksed<br \/>\n\u2022 Soome pangalingid: Aktia, A\u030alandsbanken, Danske, Handelsbanken, Nordea, Oma Sa\u0308a\u0308stopankki, Pohjola, POP Pankki, S-Pankki, Sa\u0308a\u0308stopankki<br \/>\n\u2022 La\u0308ti pangalingid: Swedbank, SEB, Citadele ja Luminor<br \/>\n\u2022 Leedu pangalingid: Swedbank, SEB ja Luminor<br \/>\n\u2022 ESTO j\u00e4relmaksu lahendused Balti riikides<\/p>\n<p>NB! Pangalingiga tasumisel vajutada kindlasti panga lehel nupule \u201eTagasi kaupmehe juurde\u201c.<\/p>\n<p>3.5. Makseid vahendab ESTO AS. Tasumine toimub va\u0308ljaspool Veebipoodi turvalises keskkonnas \u2013 pangalingiga tasumisel vastava panga turvalises keskkonnas ja krediitkaardiga tasumisel ESTO AS turvalises keskkonnas. Mu\u0308u\u0308jal puudub ligipa\u0308a\u0308s kliendi panga ja krediitkaardi andmetele. Leping jo\u0303ustub alates tasumisele kuuluva summa laekumisest Veebipoe arvelduskontole.<\/p>\n<p>3.6. T\u00e4itke andmete ja tellimuse kinnituse lehek\u00fcljel olevad lahtrid t\u00e4helepanelikult, sest esitatud informatsiooni t\u00e4psusest ja \u00f5igsusest s\u00f5ltub Teie ostetud toodete kiire ja t\u00f5rgeteta kohaletoimetamine ning hilisem vaidluste ja pretensioonide lahendamine.<\/p>\n<p>3.7. Veebipoes sooritatud tellimusi k\u00e4sitletakse t\u00f6\u00f6p\u00e4evadel ( E\u2212R 10.00\u221221.00 ). Kui tellimus esitatakse reedel p\u00e4rast kella 14, vormistatakse tellimus j\u00e4rgneval esmasp\u00e4eval.[\/vc_column_text][\/vc_tta_section][vc_tta_section title=&#8221;4. M\u00fc\u00fcgilepingu j\u00f5ustumine&#8221; tab_id=&#8221;1585923656171-2b4445aa-7d85&#8243;][vc_column_text css=&#8221;.vc_custom_1591302424881{margin-bottom: 0px !important;}&#8221;]4.1. Kauba m\u00fc\u00fcgilepinguga kohustub veebipood elixhealth.eu andma Tarbijale \u00fcle olemasoleva, valmistatava v\u00f5i veebipood elixhealth.eu poolt tulevikus omandatava Kauba ning tegema v\u00f5imalikuks omandi \u00fclemineku Tarbijale, Tarbija aga kohustub veebipood elixhealth.eu &#8216;le tasuma Kauba eest esitatud arvel n\u00e4idatud summa ja v\u00f5tma Kauba vastu.<\/p>\n<p>4.2. Tellimused, mille eest ei ole tasutud, annulleeritakse 3 p\u00e4eva m\u00f6\u00f6dudes alates tellimuse vormistamisest.<\/p>\n<p>4.3. M\u00fc\u00fcgileping j\u00f5ustub p\u00e4rast Tarbija tehtud makse laekumist Veebipoe pangakontole.<\/p>\n<p>4.4. P\u00e4rast m\u00fc\u00fcgilepingu j\u00f5ustumist komplekteerib elixhealth.eu tellimuse ning annab selle kohaletoimetamiseks \u00fcle ettev\u00f5tte logistikapartneritele.[\/vc_column_text][\/vc_tta_section][vc_tta_section title=&#8221;5. Kauba kohaletoimetamine&#8221; tab_id=&#8221;1585923673610-3e06782c-a56c&#8221;][vc_column_text css=&#8221;.vc_custom_1593726932640{margin-bottom: 0px !important;}&#8221;]5.1. Ostja saab valida kauba k\u00e4ttetoimetamise viisi. EliX Health pakub kauba k\u00e4ttetoimetamiseks j\u00e4rgnevaid variante:<br \/>\n&#8211; DPD Pickup, Itella SmartPOST, SmartEXPRESS,Omniva Post24 pakiautomaadid \u00fcle Eesti (Tasuta alates 50\u20ac tellimusest.);<br \/>\n&#8211; Kulleriga \u00fcle Eesti Itella SmartKULLER (Tasuta alates 50\u20ac tellimusest);<\/p>\n<p>5.2. Paki k\u00e4ttesaamine<br \/>\n5.2.1. Kohe kui pakk on j\u00f5udnud sihtkoha pakiautomaati, saadetakse tellimuses m\u00e4rgitud mobiiltelefonile SMS-teade kogu vajaliku infoga paki k\u00e4ttesaamiseks.<br \/>\n5.2.2. Pakile peab j\u00e4rgi minema 7 p\u00e4eva jooksul alates selle j\u00f5udmisest pakiautomaati.<br \/>\n5.2.3. Eestisisesed saadetised jo\u0303uavad u\u0308ldjuhul ostja ma\u0308a\u0308ratud sihtpunkti 1-3 to\u0308o\u0308pa\u0308eva jooksul alates mu\u0308u\u0308gilepingu jo\u0303ustumisest. Va\u0308ljaspool Eestit toimub kohaletoimetamine 15 kalendripa\u0308eva jooksul.<\/p>\n<p>5.3. Elixhealt.eu ei vastuta kauba kohaletoimetamise viibimise eest juhul, kui kaup on logistikapartneritele \u00fcle antud \u00f5igel ajal, kuid kohaletoimetamise viibimine on tingitud asjaoludest, mida elixhealth.eu ei saanud m\u00f5jutada ega ette n\u00e4ha.[\/vc_column_text][\/vc_tta_section][vc_tta_section title=&#8221;6. Tagastamis\u00f5igus&#8221; tab_id=&#8221;1585923687941-6b11910f-2893&#8243;][vc_column_text css=&#8221;.vc_custom_1597184848228{margin-bottom: 0px !important;}&#8221;]6.1. P\u00e4rast tellimuse k\u00e4ttesaamist on Tarbijal \u00f5igus e-poes s\u00f5lmitud lepingust taganeda p\u00f5hjust avaldamata 14 p\u00e4eva jooksul. Taganemisavalduse t\u00fc\u00fcpvormi leiad siit: <a href=\"https:\/\/elixhealth.eu\/et\/kauba-tagastamine\/\">Kauba tagastamine<\/a><\/p>\n<p>6.2. Tagastamisele kuuluva eseme seisukorra halvenemisel vastutab Tarbija asja kasutamisest tingitud v\u00e4\u00e4rtuse v\u00e4henemise eest \u00fcksnes juhul, kui ta on eset kasutanud muul viisil, kui on vaja asja olemuses, omadustes ja toimimises veendumiseks. Et veenduda eseme olemuses, omadustes ja toimimises, peaks Tarbija k\u00e4sitsema ja kasutama asja \u00fcksnes nii, nagu tal lubataks seda tavap\u00e4raselt poes teha.<\/p>\n<p>6.3. Kauba tagastamiseks tuleb esitada Kauba ostust taganemise avaldus, mille vormi leiab siit: <a href=\"https:\/\/elixhealth.eu\/et\/kauba-tagastamine\/\">Kauba tagastamine<\/a> v\u00f5i kirjutades aadressile support@elixhealth.eu hiljemalt 14 p\u00e4eva jooksul kauba k\u00e4ttesaamisest.<\/p>\n<p>6.4. Tarbija peab kauba tagastama avalduse esitamisele j\u00e4rgneva 14 p\u00e4eva jooksul v\u00f5i esitama t\u00f5endi, et ta on eelnimetatud perioodi jooksul kauba \u00fcle andnud logistikafirmale.<\/p>\n<p>6.5. Klient ei pea kaupa tagastama logistikafirma vahendusel, kui veebipood elixhealth.eu on n\u00f5ustunud kaubale ise j\u00e4rele tulema.<\/p>\n<p>6.6. Veebipood elixhealth.eu tagastab taganemisavalduse k\u00e4ttesaamisel tarbijale viivitamata, kuid mitte hiljem kui 14 p\u00e4eva m\u00f6\u00f6dumisel, k\u00f5ik tarbijalt lepingu alusel saadud tasud, kauba tagastamisel tasub transpordikulud tarbija.[\/vc_column_text][\/vc_tta_section][vc_tta_section title=&#8221;7. V\u00e4\u00e4ramatu j\u00f5ud&#8221; tab_id=&#8221;1585923708105-b1e8d360-bc17&#8243;][vc_column_text css=&#8221;.vc_custom_1591302838412{margin-bottom: 0px !important;}&#8221;]7.1. Veebipood elixhealth.eu ei vastuta Tellijale tekitatud kahjude v\u00f5i kauba kohaletoimetamise viibimise eest juhul, kui kahju v\u00f5i kauba kohaletoimetamise viibimine on tingitud asjaoludest, mida veebipood elixhealth.eu ei saanud m\u00f5jutada v\u00f5i ette n\u00e4ha.[\/vc_column_text][\/vc_tta_section][vc_tta_section title=&#8221;8. Isikuandmete t\u00f6\u00f6tlemine&#8221; tab_id=&#8221;1591302841078-15ca1bb1-b941&#8243;][vc_column_text css=&#8221;.vc_custom_1725281511417{margin-bottom: 0px !important;}&#8221;]8.1. Tarbija annab veebipoes elixhealth.eu andmeid sisestades ning vastava kinnitusega \u00f5iguse koguda ja t\u00f6\u00f6delda Tarbija isikuandmeid (nimi, kontakttelefon, paki k\u00e4ttetoimetamise ja\/v\u00f5i kodune aadress, e-postiaadress) ning edastada logistikapartnerile isikuandmeid kauba kohaletoimetamiseks.<\/p>\n<p>8.2. Veebipoel elixhealth.eu on \u00f5igus kasutada Tarbija elu- v\u00f5i asukoha aadressi reklaami ja muu informatsiooni edastamiseks Tarbijale.<\/p>\n<p>8.3. Tarbijal on igal ajal \u00f5igus keelata oma isikuandmete kogumine ning kasutamine, v\u00e4lja arvatud juhul, kui see on vajalik lepingust tuleneva n\u00f5ude sissen\u00f5udmiseks v\u00f5i kauba kohaletoimetamiseks.<\/p>\n<p>8.4. Elektrooniliste isikuandmete kasutamine otsepostituseks toimub ainult siis, kui Tarbija on selle jaoks andnud eraldi n\u00f5usoleku veebilehel elixhealth.eu<\/p>\n<p>8.5. Kr\u00fcpteeritud andmeside pankadega ostude eest tasumisel tagab Tarbija personaalsete pangatunnuste turvalisuse ja neile puudub ka Veebipoel ligip\u00e4\u00e4s.<\/p>\n<p>8.6. Meie ettev\u00f5te on isikuandmete vastutav t\u00f6\u00f6tleja, Meie ettev\u00f5te edastab maksete teostamiseks vajalikud isikuandmed volitatud t\u00f6\u00f6tleja ESTO AS-le.[\/vc_column_text][\/vc_tta_section][vc_tta_section title=&#8221;9. Pretensioonide esitamise kord&#8221; tab_id=&#8221;1591302938737-30be9dac-60ee&#8221;][vc_column_text css=&#8221;.vc_custom_1591303091683{margin-bottom: 0px !important;}&#8221;]9.1. Veebipood elixhealth.eu vastutab Tarbijale m\u00fc\u00fcdud kauba lepingutingimustele mittevastavuse v\u00f5i puuduste eest, mis ilmnevad kuni kahe aasta jooksul, alates kauba \u00fcleandmisest Tarbijale.<\/p>\n<p>9.2. Tarbijal on \u00f5igus puuduse ilmnemisel p\u00f6\u00f6rduda hiljemalt kahe kuu jooksul veebipood elixhealth.eu poole, esitades arve, mille alusel kauba ostu eest tasuti.<\/p>\n<p>9.3. Kaubal puuduse ilmnemisel palume l\u00f5petada kauba kasutamise.<\/p>\n<p>9.4. Puudusega kauba asendamises lepivad veebipood elixhealth.eu ja Tarbija omavahel kokku. Asendamise kulud katab veebipood elixhealth.eu.<\/p>\n<p>9.5. Veebipood elixhealth.eu ei vastuta Tarbija s\u00fc\u00fcl tootel tekkinud puuduste eest, mis on tekkinud toote mitten\u00f5uetekohase hoiustamise v\u00f5i mitte eesm\u00e4rgip\u00e4rase kasutamise tulemusena.<\/p>\n<p>9.6. Toote n\u00f5uetele mittevastavuse v\u00f5i puuduste ilmnemisel palume edastada e-postiaadressile support@elixhealth.eu pretensiooni, kus on m\u00e4rgitud tellimuse esitaja nimi, kontakttelefon, tellimuse number ja toote tingimustele mittevastavuse v\u00f5i puuduse t\u00e4pne kirjeldus.<\/p>\n<p>9.7. Pretensioon toote n\u00f5uetele mittevastavuse v\u00f5i puuduste avastamise kohta peab olema esitatud kahe kuu jooksul alates toote n\u00f5uetele mittevastavuse v\u00f5i puuduse avastamisest.<\/p>\n<p>9.8. K\u00f5ik pretensioonid vaadatakse l\u00e4bi ja Tarbijaga v\u00f5etakse \u00fchendust esimesel v\u00f5imalusel, kuid mitte hiljem kui 14 p\u00e4eva jooksul alates pretensiooni k\u00e4ttesaamisest.<\/p>\n<p>9.9. Tarbijal on \u00f5igus n\u00f5uda veebipoelt elixhealth.eu ostuhinna alandamist v\u00f5i lepingu l\u00f5petamist ja kauba eest raha tagasi n\u00f5uda, kui veebipoel elixhealth.eu ei ole v\u00f5imalik kaupa asendada, kauba asendamine eba\u00f5nnestub, veebipood elixhealth.eu ei ole kauba puudust m\u00f5istliku aja jooksul k\u00f5rvaldanud, tarbijale on tekitatud p\u00f5hjendamatuid ebamugavusi.[\/vc_column_text][\/vc_tta_section][vc_tta_section title=&#8221;10. Tarbija \u00f5igus p\u00f6\u00f6rduda tarbijakaebuste komisjoni poole&#8221; tab_id=&#8221;1591302994678-f03a3dac-0105&#8243;][vc_column_text css=&#8221;.vc_custom_1591303123565{margin-bottom: 0px !important;}&#8221;]10.1. Kui Veebipood on keeldunud Tarbija kaebust lahendamast v\u00f5i Tarbija ei ole n\u00f5us Veebipoe pakutud lahendusega ja leiab, et on rikutud tema \u00f5igusi v\u00f5i kahjustatud tema huve, v\u00f5ib Tarbija esitada kaebuse tarbijakaebuste komisjonile Tarbijakaitseameti kaudu v\u00f5i kohtule. Tarbija v\u00f5ib esitada kaebuse ise v\u00f5i esindaja kaudu. Tarbijakaitse komisjoni andmed on toodud Tarbijakaitseameti kodulehel, Euroopa Liidu liikmesriikides tekkivate probleemide lahendamiseks p\u00f6\u00f6rduda Euroopa Liidu tarbijate N\u00f5ustamiskeskusse.[\/vc_column_text][\/vc_tta_section][\/vc_tta_accordion][\/vc_column][\/vc_row][vc_row][vc_column][\/vc_column][vc_column][\/vc_column][\/vc_row]\n<\/div>","protected":false},"excerpt":{"rendered":"<p>[vc_row css=&#8221;.vc_custom_1590567149110{margin-top: 60px !important;}&#8221;][vc_column][vc_tta_accordion style=&#8221;flat&#8221; shape=&#8221;square&#8221; color=&#8221;black&#8221; spacing=&#8221;15&#8243; gap=&#8221;15&#8243; active_section=&#8221;1&#8243; no_fill=&#8221;true&#8221;][vc_tta_section title=&#8221;1. M\u00fc\u00fcgitingimuste kehtivus&#8221; tab_id=&#8221;1585923136013-ea01a9f6-a7dd&#8221;][vc_column_text disable_pattern=&#8221;false&#8221; css=&#8221;.vc_custom_1591302222321{margin-bottom: 0px !important;}&#8221;]1.1. M\u00fc\u00fcgitingimused kehtivad elixhealth.eu veebipoest ostja (edaspidi Tarbija) ja ettev\u00f5tja EliX Health Baltic O\u00dc (edaspidi Veebipood www.elixhealth.eu) vahel kaupade ja teenuste ostmisel. 1.2. Lisaks k\u00e4esolevatele tingimustele reguleerivad elixhealth.eu veebipoest toodete ostmisel tekkivaid \u00f5igussuhteid Eesti Vabariigis kehtivad v\u00f5la\u00f5igusseadus [&hellip;]<\/p>\n","protected":false},"author":1,"featured_media":0,"parent":0,"menu_order":0,"comment_status":"closed","ping_status":"closed","template":"","meta":{"footnotes":""},"class_list":["post-2384","page","type-page","status-publish","hentry"],"yoast_head":"<!-- This site is optimized with the Yoast SEO plugin v27.0 - https:\/\/yoast.com\/product\/yoast-seo-wordpress\/ -->\n<title>M\u00fc\u00fcgitingimused | EliX Health - High Purity NAD+ Products<\/title>\n<meta name=\"robots\" content=\"index, follow, max-snippet:-1, max-image-preview:large, max-video-preview:-1\" \/>\n<link rel=\"canonical\" href=\"https:\/\/elixhealth.eu\/et\/muugitingimused\/\" \/>\n<meta property=\"og:locale\" content=\"et_EE\" \/>\n<meta property=\"og:type\" content=\"article\" \/>\n<meta property=\"og:title\" content=\"M\u00fc\u00fcgitingimused | EliX Health - High Purity NAD+ Products\" \/>\n<meta property=\"og:description\" content=\"[vc_row css=&#8221;.vc_custom_1590567149110{margin-top: 60px !important;}&#8221;][vc_column][vc_tta_accordion style=&#8221;flat&#8221; shape=&#8221;square&#8221; color=&#8221;black&#8221; spacing=&#8221;15&#8243; gap=&#8221;15&#8243; active_section=&#8221;1&#8243; no_fill=&#8221;true&#8221;][vc_tta_section title=&#8221;1. M\u00fc\u00fcgitingimuste kehtivus&#8221; tab_id=&#8221;1585923136013-ea01a9f6-a7dd&#8221;][vc_column_text disable_pattern=&#8221;false&#8221; css=&#8221;.vc_custom_1591302222321{margin-bottom: 0px !important;}&#8221;]1.1. M\u00fc\u00fcgitingimused kehtivad elixhealth.eu veebipoest ostja (edaspidi Tarbija) ja ettev\u00f5tja EliX Health Baltic O\u00dc (edaspidi Veebipood www.elixhealth.eu) vahel kaupade ja teenuste ostmisel. 1.2. Lisaks k\u00e4esolevatele tingimustele reguleerivad elixhealth.eu veebipoest toodete ostmisel tekkivaid \u00f5igussuhteid Eesti Vabariigis kehtivad v\u00f5la\u00f5igusseadus [&hellip;]\" \/>\n<meta property=\"og:url\" content=\"https:\/\/elixhealth.eu\/et\/muugitingimused\/\" \/>\n<meta property=\"og:site_name\" content=\"EliX Health\" \/>\n<meta property=\"article:publisher\" content=\"https:\/\/www.facebook.com\/elixhealth.eu\" \/>\n<meta property=\"article:modified_time\" content=\"2024-09-02T12:51:54+00:00\" \/>\n<meta name=\"twitter:card\" content=\"summary_large_image\" \/>\n<meta name=\"twitter:label1\" content=\"Est. reading time\" \/>\n\t<meta name=\"twitter:data1\" content=\"6 minutit\" \/>\n<script type=\"application\/ld+json\" class=\"yoast-schema-graph\">{\"@context\":\"https:\/\/schema.org\",\"@graph\":[{\"@type\":\"WebPage\",\"@id\":\"https:\/\/elixhealth.eu\/et\/muugitingimused\/\",\"url\":\"https:\/\/elixhealth.eu\/et\/muugitingimused\/\",\"name\":\"M\u00fc\u00fcgitingimused | EliX Health - High Purity NAD+ Products\",\"isPartOf\":{\"@id\":\"https:\/\/elixhealth.eu\/et\/#website\"},\"datePublished\":\"2020-06-04T12:31:49+00:00\",\"dateModified\":\"2024-09-02T12:51:54+00:00\",\"breadcrumb\":{\"@id\":\"https:\/\/elixhealth.eu\/et\/muugitingimused\/#breadcrumb\"},\"inLanguage\":\"et\",\"potentialAction\":[{\"@type\":\"ReadAction\",\"target\":[\"https:\/\/elixhealth.eu\/et\/muugitingimused\/\"]}]},{\"@type\":\"BreadcrumbList\",\"@id\":\"https:\/\/elixhealth.eu\/et\/muugitingimused\/#breadcrumb\",\"itemListElement\":[{\"@type\":\"ListItem\",\"position\":1,\"name\":\"Esileht\",\"item\":\"https:\/\/elixhealth.eu\/et\/\"},{\"@type\":\"ListItem\",\"position\":2,\"name\":\"M\u00fc\u00fcgitingimused\"}]},{\"@type\":\"WebSite\",\"@id\":\"https:\/\/elixhealth.eu\/et\/#website\",\"url\":\"https:\/\/elixhealth.eu\/et\/\",\"name\":\"EliX Health\",\"description\":\"High Purity NAD+ Products\",\"publisher\":{\"@id\":\"https:\/\/elixhealth.eu\/et\/#organization\"},\"potentialAction\":[{\"@type\":\"SearchAction\",\"target\":{\"@type\":\"EntryPoint\",\"urlTemplate\":\"https:\/\/elixhealth.eu\/et\/?s={search_term_string}\"},\"query-input\":{\"@type\":\"PropertyValueSpecification\",\"valueRequired\":true,\"valueName\":\"search_term_string\"}}],\"inLanguage\":\"et\"},{\"@type\":\"Organization\",\"@id\":\"https:\/\/elixhealth.eu\/et\/#organization\",\"name\":\"EliX Health Baltic\",\"url\":\"https:\/\/elixhealth.eu\/et\/\",\"logo\":{\"@type\":\"ImageObject\",\"inLanguage\":\"et\",\"@id\":\"https:\/\/elixhealth.eu\/et\/#\/schema\/logo\/image\/\",\"url\":\"https:\/\/elixhealth.eu\/wp-content\/uploads\/2020\/06\/elix_logo_invoice.png\",\"contentUrl\":\"https:\/\/elixhealth.eu\/wp-content\/uploads\/2020\/06\/elix_logo_invoice.png\",\"width\":315,\"height\":173,\"caption\":\"EliX Health Baltic\"},\"image\":{\"@id\":\"https:\/\/elixhealth.eu\/et\/#\/schema\/logo\/image\/\"},\"sameAs\":[\"https:\/\/www.facebook.com\/elixhealth.eu\",\"https:\/\/www.instagram.com\/elixhealth.eu\/\"]}]}<\/script>\n<!-- \/ Yoast SEO plugin. -->","yoast_head_json":{"title":"M\u00fc\u00fcgitingimused | EliX Health - High Purity NAD+ Products","robots":{"index":"index","follow":"follow","max-snippet":"max-snippet:-1","max-image-preview":"max-image-preview:large","max-video-preview":"max-video-preview:-1"},"canonical":"https:\/\/elixhealth.eu\/et\/muugitingimused\/","og_locale":"et_EE","og_type":"article","og_title":"M\u00fc\u00fcgitingimused | EliX Health - High Purity NAD+ Products","og_description":"[vc_row css=&#8221;.vc_custom_1590567149110{margin-top: 60px !important;}&#8221;][vc_column][vc_tta_accordion style=&#8221;flat&#8221; shape=&#8221;square&#8221; color=&#8221;black&#8221; spacing=&#8221;15&#8243; gap=&#8221;15&#8243; active_section=&#8221;1&#8243; no_fill=&#8221;true&#8221;][vc_tta_section title=&#8221;1. M\u00fc\u00fcgitingimuste kehtivus&#8221; tab_id=&#8221;1585923136013-ea01a9f6-a7dd&#8221;][vc_column_text disable_pattern=&#8221;false&#8221; css=&#8221;.vc_custom_1591302222321{margin-bottom: 0px !important;}&#8221;]1.1. M\u00fc\u00fcgitingimused kehtivad elixhealth.eu veebipoest ostja (edaspidi Tarbija) ja ettev\u00f5tja EliX Health Baltic O\u00dc (edaspidi Veebipood www.elixhealth.eu) vahel kaupade ja teenuste ostmisel. 1.2. Lisaks k\u00e4esolevatele tingimustele reguleerivad elixhealth.eu veebipoest toodete ostmisel tekkivaid \u00f5igussuhteid Eesti Vabariigis kehtivad v\u00f5la\u00f5igusseadus [&hellip;]","og_url":"https:\/\/elixhealth.eu\/et\/muugitingimused\/","og_site_name":"EliX Health","article_publisher":"https:\/\/www.facebook.com\/elixhealth.eu","article_modified_time":"2024-09-02T12:51:54+00:00","twitter_card":"summary_large_image","twitter_misc":{"Est. reading time":"6 minutit"},"schema":{"@context":"https:\/\/schema.org","@graph":[{"@type":"WebPage","@id":"https:\/\/elixhealth.eu\/et\/muugitingimused\/","url":"https:\/\/elixhealth.eu\/et\/muugitingimused\/","name":"M\u00fc\u00fcgitingimused | EliX Health - High Purity NAD+ Products","isPartOf":{"@id":"https:\/\/elixhealth.eu\/et\/#website"},"datePublished":"2020-06-04T12:31:49+00:00","dateModified":"2024-09-02T12:51:54+00:00","breadcrumb":{"@id":"https:\/\/elixhealth.eu\/et\/muugitingimused\/#breadcrumb"},"inLanguage":"et","potentialAction":[{"@type":"ReadAction","target":["https:\/\/elixhealth.eu\/et\/muugitingimused\/"]}]},{"@type":"BreadcrumbList","@id":"https:\/\/elixhealth.eu\/et\/muugitingimused\/#breadcrumb","itemListElement":[{"@type":"ListItem","position":1,"name":"Esileht","item":"https:\/\/elixhealth.eu\/et\/"},{"@type":"ListItem","position":2,"name":"M\u00fc\u00fcgitingimused"}]},{"@type":"WebSite","@id":"https:\/\/elixhealth.eu\/et\/#website","url":"https:\/\/elixhealth.eu\/et\/","name":"EliX Health","description":"High Purity NAD+ Products","publisher":{"@id":"https:\/\/elixhealth.eu\/et\/#organization"},"potentialAction":[{"@type":"SearchAction","target":{"@type":"EntryPoint","urlTemplate":"https:\/\/elixhealth.eu\/et\/?s={search_term_string}"},"query-input":{"@type":"PropertyValueSpecification","valueRequired":true,"valueName":"search_term_string"}}],"inLanguage":"et"},{"@type":"Organization","@id":"https:\/\/elixhealth.eu\/et\/#organization","name":"EliX Health Baltic","url":"https:\/\/elixhealth.eu\/et\/","logo":{"@type":"ImageObject","inLanguage":"et","@id":"https:\/\/elixhealth.eu\/et\/#\/schema\/logo\/image\/","url":"https:\/\/elixhealth.eu\/wp-content\/uploads\/2020\/06\/elix_logo_invoice.png","contentUrl":"https:\/\/elixhealth.eu\/wp-content\/uploads\/2020\/06\/elix_logo_invoice.png","width":315,"height":173,"caption":"EliX Health Baltic"},"image":{"@id":"https:\/\/elixhealth.eu\/et\/#\/schema\/logo\/image\/"},"sameAs":["https:\/\/www.facebook.com\/elixhealth.eu","https:\/\/www.instagram.com\/elixhealth.eu\/"]}]}},"_links":{"self":[{"href":"https:\/\/elixhealth.eu\/et\/wp-json\/wp\/v2\/pages\/2384","targetHints":{"allow":["GET"]}}],"collection":[{"href":"https:\/\/elixhealth.eu\/et\/wp-json\/wp\/v2\/pages"}],"about":[{"href":"https:\/\/elixhealth.eu\/et\/wp-json\/wp\/v2\/types\/page"}],"author":[{"embeddable":true,"href":"https:\/\/elixhealth.eu\/et\/wp-json\/wp\/v2\/users\/1"}],"replies":[{"embeddable":true,"href":"https:\/\/elixhealth.eu\/et\/wp-json\/wp\/v2\/comments?post=2384"}],"version-history":[{"count":5,"href":"https:\/\/elixhealth.eu\/et\/wp-json\/wp\/v2\/pages\/2384\/revisions"}],"predecessor-version":[{"id":4956,"href":"https:\/\/elixhealth.eu\/et\/wp-json\/wp\/v2\/pages\/2384\/revisions\/4956"}],"wp:attachment":[{"href":"https:\/\/elixhealth.eu\/et\/wp-json\/wp\/v2\/media?parent=2384"}],"curies":[{"name":"wp","href":"https:\/\/api.w.org\/{rel}","templated":true}]}}