{"id":2380,"date":"2020-06-04T12:29:39","date_gmt":"2020-06-04T12:29:39","guid":{"rendered":"https:\/\/elixhealth.eu\/?page_id=2380"},"modified":"2024-04-24T12:49:52","modified_gmt":"2024-04-24T09:49:52","slug":"privaatsuspoliitika","status":"publish","type":"page","link":"https:\/\/elixhealth.eu\/et\/privaatsuspoliitika\/","title":{"rendered":"Privaatsuspoliitika"},"content":{"rendered":"<div class=\"wpb-content-wrapper\">[vc_row css=&#8221;.vc_custom_1590567149110{margin-top: 60px !important;}&#8221;][vc_column][vc_tta_accordion style=&#8221;flat&#8221; shape=&#8221;square&#8221; color=&#8221;black&#8221; spacing=&#8221;15&#8243; gap=&#8221;15&#8243; active_section=&#8221;1&#8243; no_fill=&#8221;true&#8221;][vc_tta_section title=&#8221;ISIKUANDMETE T\u00d6\u00d6TLEMINE&#8221; tab_id=&#8221;1585923136013-ea01a9f6-a7dd&#8221;][vc_column_text disable_pattern=&#8221;false&#8221; css=&#8221;.vc_custom_1591301787351{margin-bottom: 0px !important;}&#8221;]Veebipoe isikuandmete vastutav t\u00f6\u00f6tleja on Elix Health Baltic O\u00dc (registrikood 14894863), asukohaga Tuulepesa tee 3, Ilmandu, Harku vald, 76904, Harju maakond.[\/vc_column_text][\/vc_tta_section][vc_tta_section title=&#8221;Milliseid isikuandmeid t\u00f6\u00f6deldakse&#8221; tab_id=&#8221;1585923136026-a915dfe6-94fd&#8221;][vc_column_text disable_pattern=&#8221;false&#8221; css=&#8221;.vc_custom_1591300552551{margin-bottom: 0px !important;}&#8221;]Nimi, telefoninumber ja e-posti aadress;<br \/>\nkauba kohaletoimetamise aadress;<br \/>\npangakonto number;<br \/>\nkaupade ja teenuste maksumus ja maksetega seotud andmed (ostuajalugu);<br \/>\nklienditoe andmed.[\/vc_column_text][\/vc_tta_section][vc_tta_section title=&#8221;Mis eesmargil isikuandmeid t\u00f6\u00f6deldakse&#8221; tab_id=&#8221;1585923621966-400855f3-661d&#8221;][vc_column_text disable_pattern=&#8221;false&#8221; css=&#8221;.vc_custom_1591300639587{margin-bottom: 0px !important;}&#8221;]Isikuandmeid kasutatakse kliendi tellimuste haldamiseks ja kauba kohaletoimetamiseks.<br \/>\nOstuajaloo andmeid (ostu kuupaev, kaup, kogus, kliendi andmed) kasutatakse ostetud kaupade ja teenuste \u00fclevaate koostamiseks ning kliendieelistuste anal\u00fc\u00fcsimiseks.<br \/>\nPangakonto numbrit kasutatakse kliendile maksete tagastamiseks.<br \/>\nIsikuandmeid nagu e-post, telefoni nr, kliendi nimi, t\u00f6\u00f6deldakse selleks, et lahendada kaupade ja teenuste osutamise seonduvaid k\u00fcsimusi (klienditugi).<br \/>\nVeebipoe kasutaja IP-aadressi v\u00f5i teisi v\u00f5rguidentifikaatoreid t\u00f6\u00f6deldakse veebipoe kui info\u00fchiskonna teenuse osutamiseks ning veebikasutusstatistika tegemiseks.[\/vc_column_text][\/vc_tta_section][vc_tta_section title=&#8221;\u00d5iguslik alus&#8221; tab_id=&#8221;1585923656171-2b4445aa-7d85&#8243;][vc_column_text disable_pattern=&#8221;false&#8221; css=&#8221;.vc_custom_1591301177928{margin-bottom: 0px !important;}&#8221;]Isikuandmete t\u00f6\u00f6tlemine toimub kliendiga s\u00f5lmitud lepingu t\u00e4itmise eesm\u00e4rgil.<br \/>\nIsikuandmete t\u00f6\u00f6tlemine toimub juriidilise kohustuse t\u00e4itmiseks (nt raamatupidamine ja tarbijavaidluste lahendamine).[\/vc_column_text][\/vc_tta_section][vc_tta_section title=&#8221;Vastuv\u00f5tjad, kellele isikuandmed edastatakse&#8221; tab_id=&#8221;1585923673610-3e06782c-a56c&#8221;][vc_column_text css=&#8221;.vc_custom_1713952161222{margin-bottom: 0px !important;}&#8221;]Isikuandmed edastatakse veebipoe klienditoele ostude ja ostuajaloo haldamiseks ja kliendiprobleemide lahendamiseks.<br \/>\nNimi, telefoninumber ja e-posti aadress edastatakse kliendi poolt valitud transporditeenuse pakkujale. Kui tegemist on kulleriga kohale toimetatava kaubaga, siis edastatakse lisaks kontaktandmetele ka kliendi aadress.<br \/>\nKui veebipoe raamatupidamine toimub teenusepakkuja poolt, siis edastatakse isikuandmed teenusepakkujale raamatupidamistoimingute tegemiseks.<br \/>\nIsikuandmeid v\u00f5idakse edastada infotehnoloogia teenuste pakkujatele, kui see on vajalik veebipoe funktsionaalsuse v\u00f5i andmemajutuse tagamiseks.<br \/>\nElix Health Baltic O\u00dc on isikuandmete vastutav t\u00f6\u00f6tleja. Elix Health Baltic O\u00dc edastab maksete teostamiseks vajalikud isikuandmed volitatud t\u00f6\u00f6tleja Maksekeskus AS-le ja ESTO AS-le.[\/vc_column_text][\/vc_tta_section][vc_tta_section title=&#8221;Turvalisus ja andmetele ligip\u00e4\u00e4s&#8221; tab_id=&#8221;1585923687941-6b11910f-2893&#8243;][vc_column_text css=&#8221;.vc_custom_1591301288445{margin-bottom: 0px !important;}&#8221;]Isikuandmeid hoitakse Elix Health Baltic O\u00dc serverites, mis asuvad Euroopa Liidu liikmesriigi voi Euroopa Liidu majanduspiirkonnaga liitunud riikide territooriumil. Andmeid v\u00f5idakse edastada riikidesse, mille andmekaitse taset on Euroopa Komisjon hinnanud piisavaks ning USA ettev\u00f5tetele, kes on liitund andmekaitse kilbi (Privacy Shield) raamistikuga.<br \/>\nJuurdep\u00e4\u00e4s isikuandmetele on veebipoe t\u00f6\u00f6tajatel, kes saavad isikuandmetega tutvuda selleks, et lahendada veebipoe kasutamisega seonduvaid tehnilisi k\u00fcsimusi ning osutada klienditoe teenust.<br \/>\nVeebipood rakendab asjakohaseid f\u00fc\u00fcsilisi, organisatsioonilisi ja infotehnilisi turvameetmeid, et kaitsta isikuandmeid juhusliku v\u00f5i ebaseadusliku h\u00e4vitamise, kaotsimineku, muutmise v\u00f5i loata juurdep\u00e4\u00e4su ja avalikustamise eest.<br \/>\nIsikuandmete edastamine veebipoe volitatud t\u00f6\u00f6tlejatele (nt transporditeenuse pakkuja ja andmemajutus) toimub veebipoe ja volitatud t\u00f6\u00f6tlejatega s\u00f5lmitud lepingute alusel. Volitatud t\u00f6\u00f6tlejaid on kohustatud tagama isikuandmete t\u00f6\u00f6tlemisel asjakohased kaitsemeetmed.[\/vc_column_text][\/vc_tta_section][vc_tta_section title=&#8221;Isikuandmetega tutvumine ja parandamine&#8221; tab_id=&#8221;1585923708105-b1e8d360-bc17&#8243;][vc_column_text css=&#8221;.vc_custom_1591301334865{margin-bottom: 0px !important;}&#8221;]Isikuandmetega saab tutvuda ja teha parandusi veebipoe kasutajaprofiilis. Kui ost on sooritatud ilma kasutajakontota, siis saab tutvuda isikuandmetega klinditoe vahendusel (support@elixhealth.eu).[\/vc_column_text][\/vc_tta_section][vc_tta_section title=&#8221;N\u00f5usoleku tagasiv\u00f5tmine&#8221; tab_id=&#8221;1590568692057-5c306c63-42da&#8221;][vc_column_text css=&#8221;.vc_custom_1591301457233{margin-bottom: 0px !important;}&#8221;]Kui isikundmete t\u00f6\u00f6tlemine toimub kliendi n\u00f5usoleku alusel, siis on kliendil \u00f5igus n\u00f5usolek tagasi v\u00f5tta teavitades sellest kliendituge e-posti teel (support@elixhealth.eu)[\/vc_column_text][\/vc_tta_section][vc_tta_section title=&#8221;S\u00e4ilitamine&#8221; tab_id=&#8221;1590568724334-b96e8e41-a05c&#8221;][vc_column_text css=&#8221;.vc_custom_1591301500157{margin-bottom: 0px !important;}&#8221;]Veebipoe kliendikonto sulgemisel kustutatakse isikuandmed, va juhul kui selliseid andmeid on vaja s\u00e4ilitada raamatupidamise jaoks v\u00f5i tarbijavaidluste lahendamiseks.<br \/>\nKui veebipoes on ost sooritatud ilma kliendikontota, siis s\u00e4ilitatakse ostuajalugu kolm aastat.<br \/>\nMaksetega ja tarbijavaidlustega seotud vaidluste korral s\u00e4ilitatakse isikuandmed kuni n\u00f5ude t\u00e4itmiseni v\u00f5i aegumist\u00e4htaja l\u00f5puni.<br \/>\nRaamatupidamise jaoks vajalikud isikuandmed s\u00e4ilitatakse seitse aastat.[\/vc_column_text][\/vc_tta_section][vc_tta_section title=&#8221;Kustutamine&#8221; tab_id=&#8221;1590568760041-54be87d8-5edd&#8221;][vc_column_text disable_pattern=&#8221;false&#8221; css=&#8221;.vc_custom_1591301531346{margin-bottom: 0px !important;}&#8221;]Isikuandmete kustutamiseks tuleb v\u00f5tta \u00fchendust klienditoega e-posti teel support@elixhealth.eu. Kustutamistaotlusele vastatakse mitte hiljem kui kuu aja jooksul ning t\u00e4psustakse andmete kustutamise perioodi.[\/vc_column_text][\/vc_tta_section][vc_tta_section title=&#8221;\u00dclekandmine&#8221; tab_id=&#8221;1590568794089-d8cab0e8-1295&#8243;][vc_column_text css=&#8221;.vc_custom_1591301599006{margin-bottom: 0px !important;}&#8221;]E-posti support@elixhealth.eu teel esitatud isikuandmete \u00fclekandmise taotlusele vastatakse hiljemalt kuu aja jooksul. Klienditugi tuvastab isikusamasuse ja teavitab isikuandmetest, mis kuuluvad \u00fclekandmisele.[\/vc_column_text][\/vc_tta_section][vc_tta_section title=&#8221;Otseturustusteated&#8221; tab_id=&#8221;1590568836565-1e22f932-9a98&#8243;][vc_column_text disable_pattern=&#8221;false&#8221; css=&#8221;.vc_custom_1591301661350{margin-bottom: 0px !important;}&#8221;]E-kirja aadressi ja telefoninumbrit kasutatakse otseturundusteadete saatmiseks, kui klient on andnud vastava n\u00f5usoleku. Kui klient ei soovi saada otseturustusteateid, siis tuleb valida e-kirja jaluses vastav viide v\u00f5i v\u00f5tta \u00fchendust klienditoega.<\/p>\n<p>Kui isikuandmeid t\u00f6\u00f6deldakse otseturunduse eesm\u00e4rgil (profileerimine), on kliendil \u00f5igus oma isikuandmete nii algse kui ka edasise t\u00f6\u00f6tlemise, sealhulgas otseturundusega seotud profiilianal\u00fc\u00fcsi tegemise suhtes igal ajal vastuv\u00e4iteid esitada teavitades sellest kliendituge e-posti teel support@elixhealth.eu.[\/vc_column_text][\/vc_tta_section][vc_tta_section title=&#8221;Vaidluste lahendamine&#8221; tab_id=&#8221;1590568867040-bc2631d6-3351&#8243;][vc_column_text disable_pattern=&#8221;false&#8221; css=&#8221;.vc_custom_1591301700384{margin-bottom: 0px !important;}&#8221;]Isikuandmete t\u00f6\u00f6tlemisega seotud vaidluste lahendamine toimub klienditoe vahendusel (support@elixhealth.eu). J\u00e4relevalveasutus on Eesti Andmekaitse Inspektsioon (info@aki.ee).[\/vc_column_text][\/vc_tta_section][\/vc_tta_accordion][\/vc_column][\/vc_row][vc_row][vc_column][\/vc_column][vc_column][\/vc_column][\/vc_row]\n<\/div>","protected":false},"excerpt":{"rendered":"<p>[vc_row css=&#8221;.vc_custom_1590567149110{margin-top: 60px !important;}&#8221;][vc_column][vc_tta_accordion style=&#8221;flat&#8221; shape=&#8221;square&#8221; color=&#8221;black&#8221; spacing=&#8221;15&#8243; gap=&#8221;15&#8243; active_section=&#8221;1&#8243; no_fill=&#8221;true&#8221;][vc_tta_section title=&#8221;ISIKUANDMETE T\u00d6\u00d6TLEMINE&#8221; tab_id=&#8221;1585923136013-ea01a9f6-a7dd&#8221;][vc_column_text disable_pattern=&#8221;false&#8221; css=&#8221;.vc_custom_1591301787351{margin-bottom: 0px !important;}&#8221;]Veebipoe isikuandmete vastutav t\u00f6\u00f6tleja on Elix Health Baltic O\u00dc (registrikood 14894863), asukohaga Tuulepesa tee 3, Ilmandu, Harku vald, 76904, Harju maakond.[\/vc_column_text][\/vc_tta_section][vc_tta_section title=&#8221;Milliseid isikuandmeid t\u00f6\u00f6deldakse&#8221; tab_id=&#8221;1585923136026-a915dfe6-94fd&#8221;][vc_column_text disable_pattern=&#8221;false&#8221; css=&#8221;.vc_custom_1591300552551{margin-bottom: 0px !important;}&#8221;]Nimi, telefoninumber ja e-posti aadress; kauba kohaletoimetamise aadress; pangakonto number; [&hellip;]<\/p>\n","protected":false},"author":1,"featured_media":0,"parent":0,"menu_order":0,"comment_status":"closed","ping_status":"closed","template":"","meta":{"footnotes":""},"class_list":["post-2380","page","type-page","status-publish","hentry"],"yoast_head":"<!-- This site is optimized with the Yoast SEO plugin v27.0 - https:\/\/yoast.com\/product\/yoast-seo-wordpress\/ -->\n<title>Privaatsuspoliitika | EliX Health - High Purity NAD+ Products<\/title>\n<meta name=\"robots\" content=\"index, follow, max-snippet:-1, max-image-preview:large, max-video-preview:-1\" \/>\n<link rel=\"canonical\" href=\"https:\/\/elixhealth.eu\/et\/privaatsuspoliitika\/\" \/>\n<meta property=\"og:locale\" content=\"et_EE\" \/>\n<meta property=\"og:type\" content=\"article\" \/>\n<meta property=\"og:title\" content=\"Privaatsuspoliitika | EliX Health - High Purity NAD+ Products\" \/>\n<meta property=\"og:description\" content=\"[vc_row css=&#8221;.vc_custom_1590567149110{margin-top: 60px !important;}&#8221;][vc_column][vc_tta_accordion style=&#8221;flat&#8221; shape=&#8221;square&#8221; color=&#8221;black&#8221; spacing=&#8221;15&#8243; gap=&#8221;15&#8243; active_section=&#8221;1&#8243; no_fill=&#8221;true&#8221;][vc_tta_section title=&#8221;ISIKUANDMETE T\u00d6\u00d6TLEMINE&#8221; tab_id=&#8221;1585923136013-ea01a9f6-a7dd&#8221;][vc_column_text disable_pattern=&#8221;false&#8221; css=&#8221;.vc_custom_1591301787351{margin-bottom: 0px !important;}&#8221;]Veebipoe isikuandmete vastutav t\u00f6\u00f6tleja on Elix Health Baltic O\u00dc (registrikood 14894863), asukohaga Tuulepesa tee 3, Ilmandu, Harku vald, 76904, Harju maakond.[\/vc_column_text][\/vc_tta_section][vc_tta_section title=&#8221;Milliseid isikuandmeid t\u00f6\u00f6deldakse&#8221; tab_id=&#8221;1585923136026-a915dfe6-94fd&#8221;][vc_column_text disable_pattern=&#8221;false&#8221; css=&#8221;.vc_custom_1591300552551{margin-bottom: 0px !important;}&#8221;]Nimi, telefoninumber ja e-posti aadress; kauba kohaletoimetamise aadress; pangakonto number; [&hellip;]\" \/>\n<meta property=\"og:url\" content=\"https:\/\/elixhealth.eu\/et\/privaatsuspoliitika\/\" \/>\n<meta property=\"og:site_name\" content=\"EliX Health\" \/>\n<meta property=\"article:publisher\" content=\"https:\/\/www.facebook.com\/elixhealth.eu\" \/>\n<meta property=\"article:modified_time\" content=\"2024-04-24T09:49:52+00:00\" \/>\n<meta name=\"twitter:card\" content=\"summary_large_image\" \/>\n<meta name=\"twitter:label1\" content=\"Est. reading time\" \/>\n\t<meta name=\"twitter:data1\" content=\"3 minutit\" \/>\n<script type=\"application\/ld+json\" class=\"yoast-schema-graph\">{\"@context\":\"https:\/\/schema.org\",\"@graph\":[{\"@type\":\"WebPage\",\"@id\":\"https:\/\/elixhealth.eu\/et\/privaatsuspoliitika\/\",\"url\":\"https:\/\/elixhealth.eu\/et\/privaatsuspoliitika\/\",\"name\":\"Privaatsuspoliitika | EliX Health - High Purity NAD+ Products\",\"isPartOf\":{\"@id\":\"https:\/\/elixhealth.eu\/et\/#website\"},\"datePublished\":\"2020-06-04T12:29:39+00:00\",\"dateModified\":\"2024-04-24T09:49:52+00:00\",\"breadcrumb\":{\"@id\":\"https:\/\/elixhealth.eu\/et\/privaatsuspoliitika\/#breadcrumb\"},\"inLanguage\":\"et\",\"potentialAction\":[{\"@type\":\"ReadAction\",\"target\":[\"https:\/\/elixhealth.eu\/et\/privaatsuspoliitika\/\"]}]},{\"@type\":\"BreadcrumbList\",\"@id\":\"https:\/\/elixhealth.eu\/et\/privaatsuspoliitika\/#breadcrumb\",\"itemListElement\":[{\"@type\":\"ListItem\",\"position\":1,\"name\":\"Esileht\",\"item\":\"https:\/\/elixhealth.eu\/et\/\"},{\"@type\":\"ListItem\",\"position\":2,\"name\":\"Privaatsuspoliitika\"}]},{\"@type\":\"WebSite\",\"@id\":\"https:\/\/elixhealth.eu\/et\/#website\",\"url\":\"https:\/\/elixhealth.eu\/et\/\",\"name\":\"EliX Health\",\"description\":\"High Purity NAD+ Products\",\"publisher\":{\"@id\":\"https:\/\/elixhealth.eu\/et\/#organization\"},\"potentialAction\":[{\"@type\":\"SearchAction\",\"target\":{\"@type\":\"EntryPoint\",\"urlTemplate\":\"https:\/\/elixhealth.eu\/et\/?s={search_term_string}\"},\"query-input\":{\"@type\":\"PropertyValueSpecification\",\"valueRequired\":true,\"valueName\":\"search_term_string\"}}],\"inLanguage\":\"et\"},{\"@type\":\"Organization\",\"@id\":\"https:\/\/elixhealth.eu\/et\/#organization\",\"name\":\"EliX Health Baltic\",\"url\":\"https:\/\/elixhealth.eu\/et\/\",\"logo\":{\"@type\":\"ImageObject\",\"inLanguage\":\"et\",\"@id\":\"https:\/\/elixhealth.eu\/et\/#\/schema\/logo\/image\/\",\"url\":\"https:\/\/elixhealth.eu\/wp-content\/uploads\/2020\/06\/elix_logo_invoice.png\",\"contentUrl\":\"https:\/\/elixhealth.eu\/wp-content\/uploads\/2020\/06\/elix_logo_invoice.png\",\"width\":315,\"height\":173,\"caption\":\"EliX Health Baltic\"},\"image\":{\"@id\":\"https:\/\/elixhealth.eu\/et\/#\/schema\/logo\/image\/\"},\"sameAs\":[\"https:\/\/www.facebook.com\/elixhealth.eu\",\"https:\/\/www.instagram.com\/elixhealth.eu\/\"]}]}<\/script>\n<!-- \/ Yoast SEO plugin. -->","yoast_head_json":{"title":"Privaatsuspoliitika | EliX Health - High Purity NAD+ Products","robots":{"index":"index","follow":"follow","max-snippet":"max-snippet:-1","max-image-preview":"max-image-preview:large","max-video-preview":"max-video-preview:-1"},"canonical":"https:\/\/elixhealth.eu\/et\/privaatsuspoliitika\/","og_locale":"et_EE","og_type":"article","og_title":"Privaatsuspoliitika | EliX Health - High Purity NAD+ Products","og_description":"[vc_row css=&#8221;.vc_custom_1590567149110{margin-top: 60px !important;}&#8221;][vc_column][vc_tta_accordion style=&#8221;flat&#8221; shape=&#8221;square&#8221; color=&#8221;black&#8221; spacing=&#8221;15&#8243; gap=&#8221;15&#8243; active_section=&#8221;1&#8243; no_fill=&#8221;true&#8221;][vc_tta_section title=&#8221;ISIKUANDMETE T\u00d6\u00d6TLEMINE&#8221; tab_id=&#8221;1585923136013-ea01a9f6-a7dd&#8221;][vc_column_text disable_pattern=&#8221;false&#8221; css=&#8221;.vc_custom_1591301787351{margin-bottom: 0px !important;}&#8221;]Veebipoe isikuandmete vastutav t\u00f6\u00f6tleja on Elix Health Baltic O\u00dc (registrikood 14894863), asukohaga Tuulepesa tee 3, Ilmandu, Harku vald, 76904, Harju maakond.[\/vc_column_text][\/vc_tta_section][vc_tta_section title=&#8221;Milliseid isikuandmeid t\u00f6\u00f6deldakse&#8221; tab_id=&#8221;1585923136026-a915dfe6-94fd&#8221;][vc_column_text disable_pattern=&#8221;false&#8221; css=&#8221;.vc_custom_1591300552551{margin-bottom: 0px !important;}&#8221;]Nimi, telefoninumber ja e-posti aadress; kauba kohaletoimetamise aadress; pangakonto number; [&hellip;]","og_url":"https:\/\/elixhealth.eu\/et\/privaatsuspoliitika\/","og_site_name":"EliX Health","article_publisher":"https:\/\/www.facebook.com\/elixhealth.eu","article_modified_time":"2024-04-24T09:49:52+00:00","twitter_card":"summary_large_image","twitter_misc":{"Est. reading time":"3 minutit"},"schema":{"@context":"https:\/\/schema.org","@graph":[{"@type":"WebPage","@id":"https:\/\/elixhealth.eu\/et\/privaatsuspoliitika\/","url":"https:\/\/elixhealth.eu\/et\/privaatsuspoliitika\/","name":"Privaatsuspoliitika | EliX Health - High Purity NAD+ Products","isPartOf":{"@id":"https:\/\/elixhealth.eu\/et\/#website"},"datePublished":"2020-06-04T12:29:39+00:00","dateModified":"2024-04-24T09:49:52+00:00","breadcrumb":{"@id":"https:\/\/elixhealth.eu\/et\/privaatsuspoliitika\/#breadcrumb"},"inLanguage":"et","potentialAction":[{"@type":"ReadAction","target":["https:\/\/elixhealth.eu\/et\/privaatsuspoliitika\/"]}]},{"@type":"BreadcrumbList","@id":"https:\/\/elixhealth.eu\/et\/privaatsuspoliitika\/#breadcrumb","itemListElement":[{"@type":"ListItem","position":1,"name":"Esileht","item":"https:\/\/elixhealth.eu\/et\/"},{"@type":"ListItem","position":2,"name":"Privaatsuspoliitika"}]},{"@type":"WebSite","@id":"https:\/\/elixhealth.eu\/et\/#website","url":"https:\/\/elixhealth.eu\/et\/","name":"EliX Health","description":"High Purity NAD+ Products","publisher":{"@id":"https:\/\/elixhealth.eu\/et\/#organization"},"potentialAction":[{"@type":"SearchAction","target":{"@type":"EntryPoint","urlTemplate":"https:\/\/elixhealth.eu\/et\/?s={search_term_string}"},"query-input":{"@type":"PropertyValueSpecification","valueRequired":true,"valueName":"search_term_string"}}],"inLanguage":"et"},{"@type":"Organization","@id":"https:\/\/elixhealth.eu\/et\/#organization","name":"EliX Health Baltic","url":"https:\/\/elixhealth.eu\/et\/","logo":{"@type":"ImageObject","inLanguage":"et","@id":"https:\/\/elixhealth.eu\/et\/#\/schema\/logo\/image\/","url":"https:\/\/elixhealth.eu\/wp-content\/uploads\/2020\/06\/elix_logo_invoice.png","contentUrl":"https:\/\/elixhealth.eu\/wp-content\/uploads\/2020\/06\/elix_logo_invoice.png","width":315,"height":173,"caption":"EliX Health Baltic"},"image":{"@id":"https:\/\/elixhealth.eu\/et\/#\/schema\/logo\/image\/"},"sameAs":["https:\/\/www.facebook.com\/elixhealth.eu","https:\/\/www.instagram.com\/elixhealth.eu\/"]}]}},"_links":{"self":[{"href":"https:\/\/elixhealth.eu\/et\/wp-json\/wp\/v2\/pages\/2380","targetHints":{"allow":["GET"]}}],"collection":[{"href":"https:\/\/elixhealth.eu\/et\/wp-json\/wp\/v2\/pages"}],"about":[{"href":"https:\/\/elixhealth.eu\/et\/wp-json\/wp\/v2\/types\/page"}],"author":[{"embeddable":true,"href":"https:\/\/elixhealth.eu\/et\/wp-json\/wp\/v2\/users\/1"}],"replies":[{"embeddable":true,"href":"https:\/\/elixhealth.eu\/et\/wp-json\/wp\/v2\/comments?post=2380"}],"version-history":[{"count":5,"href":"https:\/\/elixhealth.eu\/et\/wp-json\/wp\/v2\/pages\/2380\/revisions"}],"predecessor-version":[{"id":4933,"href":"https:\/\/elixhealth.eu\/et\/wp-json\/wp\/v2\/pages\/2380\/revisions\/4933"}],"wp:attachment":[{"href":"https:\/\/elixhealth.eu\/et\/wp-json\/wp\/v2\/media?parent=2380"}],"curies":[{"name":"wp","href":"https:\/\/api.w.org\/{rel}","templated":true}]}}