{"id":2315,"date":"2020-06-03T13:25:07","date_gmt":"2020-06-03T13:25:07","guid":{"rendered":"https:\/\/elixhealth.eu\/?page_id=2315"},"modified":"2021-11-05T19:23:23","modified_gmt":"2021-11-05T17:23:23","slug":"nad-olulisus-tervises","status":"publish","type":"page","link":"https:\/\/elixhealth.eu\/et\/nad-olulisus-tervises\/","title":{"rendered":"NAD+ v\u00e4ga v\u00f5imas molekul"},"content":{"rendered":"<div class=\"wpb-content-wrapper\">[vc_row equal_columns=&#8221;true&#8221; css=&#8221;.vc_custom_1594373055714{margin-bottom: 60px !important;padding-top: 60px !important;}&#8221;][vc_column][mk_fancy_title size=&#8221;36&#8243; font_family=&#8221;none&#8221;]Mis on NAD+ ja selle olulisus vananemises ja tervises?[\/mk_fancy_title][vc_column_text css=&#8221;.vc_custom_1594372774889{margin-bottom: 0px !important;}&#8221;]Avades mis tahes bioloogia\u00f5piku, kohtate kindlasti infot NAD+ ehk nikotiinamiid adeniin dinukleotiidi kohta. See on kriitiline koens\u00fc\u00fcm, mida leidub igas meie keha rakus ja mis osaleb sadades metaboolsetes protsessides, nagu raku energia loome ja mitokondrite tervise tagamine. NAD+ t\u00e4idab t\u00e4htsaid t\u00f6\u00f6\u00fclesandeid inimeste, aga ka teiste imetajate ning isegi p\u00e4rmi, bakterite ning taimede rakkudes.<\/p>\n<p>NAD+ olulisus on teadlaste seas tuntud juba alates selle esmakordsest avastamisest 1906. aastal ning teadmised t\u00e4ienevad aasta aastalt. N\u00e4iteks NAD+ l\u00e4hteaine niatsiin m\u00e4ngis olulist rolli pellagra (s.o teatud t\u00fc\u00fcpi vitamiinide puudulikkuse) leevendamisel. Pellagra oli saatuslik haigus, mis tabas Ameerika l\u00f5unaosa 1900. aastatel. Toona leidsid teadlased, et piim ja p\u00e4rm, mis m\u00f5lemad sisaldavad NAD+ l\u00e4hteaineid, leevendasid pellagra s\u00fcmptomeid. Aja jooksul on teadlased tuvastanud veel mitmeid NAD+ looduslikke l\u00e4hteaineid, nagu nikotiinhape, nikotiinamiid, nikotiinamiid ribosiid (NR) ja nikotiinamiid mononukleotiid (NMN).[\/vc_column_text][vc_row_inner attached=&#8221;true&#8221; is_fullwidth_content=&#8221;false&#8221; visibility=&#8221;hidden-tl&#8221;][vc_column_inner width=&#8221;1\/2&#8243;][vc_column_text disable_pattern=&#8221;false&#8221; css=&#8221;.vc_custom_1594373100558{margin-bottom: 0px !important;}&#8221;]NAD+ l\u00e4hteained on piltlikult kui erinevad rajad, mille kaudu on v\u00f5imalik sihtkohta j\u00f5uda. K\u00f5ik need viivad teid \u00fchte kohta, kuid kasutavad selleks erinevaid transpordiliike.<br \/>\nHiljuti on NAD+ muutunud teadusuuringutes hinnatud molekuliks, kuna sellel on keskne roll bioloogilistes funktsioonides. Teadusringkonnad on juba pikemat aega uurinud NAD+ m\u00e4rkimisv\u00e4\u00e4rseid kasutegureid loomadel ning see omakorda on innustanud teadlasi katsetama neid leide ka inimeste peal.<br \/>\nMiks NAD+ just nii olulist rolli m\u00e4ngib? L\u00fchidalt kirjeldades, on tegemist koens\u00fc\u00fcmiga ehk \u201cabistaja\u201d molekuliga, mis seob end teiste ens\u00fc\u00fcmidega, et aidata molekulide tasandil olulisi reaktsioone esile kutsuda.<\/p>\n<p>Oluline on teada, et NAD+ varustamine meie kehas on piiratud ning v\u00e4heneb oluliselt koos vanusega.[\/vc_column_text][mk_image src=&#8221;https:\/\/elixhealth.eu\/wp-content\/uploads\/2020\/06\/nad-declines-with-age-est.png&#8221; image_size=&#8221;full&#8221; lightbox=&#8221;true&#8221; hover_image_overlay=&#8221;false&#8221; margin_bottom=&#8221;0&#8243; visibility=&#8221;visible-sm&#8221;][\/vc_column_inner][vc_column_inner width=&#8221;1\/2&#8243; offset=&#8221;vc_hidden-xs&#8221;][mk_image src=&#8221;https:\/\/elixhealth.eu\/wp-content\/uploads\/2020\/06\/nad-declines-with-age-est.png&#8221; image_size=&#8221;full&#8221; lightbox=&#8221;true&#8221; hover_image_overlay=&#8221;false&#8221; margin_bottom=&#8221;0&#8243;][\/vc_column_inner][\/vc_row_inner][vc_row_inner attached=&#8221;true&#8221; is_fullwidth_content=&#8221;false&#8221; visibility=&#8221;visible-tl&#8221;][vc_column_inner][vc_column_text disable_pattern=&#8221;false&#8221; css=&#8221;.vc_custom_1594372832725{margin-bottom: 0px !important;}&#8221;]NAD+ l\u00e4hteained on piltlikult kui erinevad rajad, mille kaudu on v\u00f5imalik sihtkohta j\u00f5uda. K\u00f5ik need viivad teid \u00fchte kohta, kuid kasutavad selleks erinevaid transpordiliike.<\/p>\n<p>Hiljuti on NAD+ muutunud teadusuuringutes hinnatud molekuliks, kuna sellel on keskne roll bioloogilistes funktsioonides. Teadusringkonnad on juba pikemat aega uurinud NAD+ m\u00e4rkimisv\u00e4\u00e4rseid kasutegureid loomadel ning see omakorda on innustanud teadlasi katsetama neid leide ka inimeste peal.<br \/>\nMiks NAD+ just nii olulist rolli m\u00e4ngib? L\u00fchidalt kirjeldades, on tegemist koens\u00fc\u00fcmiga ehk \u201cabistaja\u201d molekuliga, mis seob end teiste ens\u00fc\u00fcmidega, et aidata molekulide tasandil olulisi reaktsioone esile kutsuda.<\/p>\n<p>Oluline on teada, et NAD+ varustamine meie kehas on piiratud ning v\u00e4heneb oluliselt koos vanusega.[\/vc_column_text][mk_image src=&#8221;https:\/\/elixhealth.eu\/wp-content\/uploads\/2020\/06\/nad-declines-with-age-est.png&#8221; image_size=&#8221;full&#8221; lightbox=&#8221;true&#8221; hover_image_overlay=&#8221;false&#8221; align=&#8221;center&#8221; margin_bottom=&#8221;0&#8243;][\/vc_column_inner][\/vc_row_inner][vc_column_text disable_pattern=&#8221;false&#8221; css=&#8221;.vc_custom_1594372824591{margin-bottom: 0px !important;}&#8221;]NAD+ teadusuuringute ja sellest tuleneva teabe kaasabil on saanud v\u00f5imalikuks NAD+ taseme s\u00e4ilitamine ja tootmine.[\/vc_column_text][\/vc_column][\/vc_row][vc_row][vc_column][mk_fancy_title size=&#8221;36&#8243; font_family=&#8221;none&#8221;]NAD+ t\u00e4htsus[\/mk_fancy_title][vc_column_text css=&#8221;.vc_custom_1594372891564{margin-bottom: 0px !important;}&#8221;]Teadmised NAD+ olulisusest said alguse 1960ndatel, kui Prantsuse teadlane Pierre Chambon tuvastas kanamaksa tuumaekstraktide kasutamise abil protsessi, mida nimetatakse pol\u00fc-ADP-ribos\u00fc\u00fclimiseks. See on protsess mille k\u00e4igus NAD+ jaotatakse kaheks komponendiks, millest \u00fcks (nikotiinamiid) t\u00f6\u00f6deldakse \u00fcmber ja teine (ADP-riboos) kohtub valguga. Sellest uurimist\u00f6\u00f6st kujunes alus uue valdkonna, PARP-ide ehk pol\u00fc (ADP-riboosi) pol\u00fcmeraaside, uurimiseks. Need on valkude r\u00fchmad, mis toetuvad rakufunktsioonide toimimisel ja t\u00e4itmisel NAD+ -le. PARP-id on veel ka sarnased teise valkude r\u00fchmaga, mida kutsutakse sirtuiinideks, kuna nad m\u00f5lemad funktsioneerivad ainult NAD+ juuresolekul.<br \/>\nSageli nimetavad teadlased sirtuiine &#8220;genoomi valvuriteks&#8221; just nende rolli eest raku hom\u00f6ostaasi reguleerimisel. Hom\u00f6ostaas osaleb raku tasakaalus hoidmises.[\/vc_column_text][vc_row_inner attached=&#8221;true&#8221; is_fullwidth_content=&#8221;false&#8221; visibility=&#8221;hidden-tl&#8221;][vc_column_inner width=&#8221;1\/2&#8243;][vc_column_text css=&#8221;.vc_custom_1594372914322{margin-bottom: 0px !important;}&#8221;]Sirtuiinid on valkude r\u00fchm, mis avastati esmakordselt 1970-ndatel, kuid nende s\u00f5ltuvust NAD+ suhtes hakati m\u00f5istma alles 1990. aastatel. MIT-i bioloog Leonard Guarente tuvastas, et p\u00e4rmis leiduv sirtuiin SIR2, pikendas p\u00e4rmi eluiga ainult siis, kui see aktiveeriti NAD+ abil.<br \/>\nSelle teadmise abil loodi selge seos sirtuiinide ja ainevahetuse vahel. See omakorda andis vihjeid teadlastele bioloogiliste funktsioonide vahelise ristsuhtluse olemasolust, st et ainevahetus on lahutamatult seotud teiste bioloogiliste protsessidega. Lisaks innustas see rohkem uurima varem t\u00e4helepanuta j\u00e4etud teemat.<br \/>\nInimesed saavad NAD+ v\u00e4hesel m\u00e4\u00e4ral ka toidu kaudu. Seda peamiselt dieedist mis koosneb aminohapetest ja mis on toidus leiduva NAD+ l\u00e4hteaineks. Seevastu NR ja NMN on v\u00e4ga t\u00f5husad NAD+ l\u00e4hteained. Kui NAD+ l\u00e4hteaineid kujutleda erinevate radadena, mida v\u00f5ite sihtkohta j\u00f5udmiseks kasutada, peetakse just NMN-i neist sageli parimaks olemas olevaks marsruudiks NAD+ -ni.[\/vc_column_text][\/vc_column_inner][vc_column_inner width=&#8221;1\/2&#8243;][mk_image src=&#8221;https:\/\/elixhealth.eu\/wp-content\/uploads\/2020\/06\/nad-effects-est.png&#8221; image_size=&#8221;full&#8221; lightbox=&#8221;true&#8221; hover_image_overlay=&#8221;false&#8221; margin_bottom=&#8221;0&#8243;][\/vc_column_inner][\/vc_row_inner][vc_row_inner attached=&#8221;true&#8221; is_fullwidth_content=&#8221;false&#8221; visibility=&#8221;visible-tl&#8221;][vc_column_inner][vc_column_text css=&#8221;.vc_custom_1594372914322{margin-bottom: 0px !important;}&#8221;]Sirtuiinid on valkude r\u00fchm, mis avastati esmakordselt 1970-ndatel, kuid nende s\u00f5ltuvust NAD+ suhtes hakati m\u00f5istma alles 1990. aastatel. MIT-i bioloog Leonard Guarente tuvastas, et p\u00e4rmis leiduv sirtuiin SIR2, pikendas p\u00e4rmi eluiga ainult siis, kui see aktiveeriti NAD+ abil.<br \/>\nSelle teadmise abil loodi selge seos sirtuiinide ja ainevahetuse vahel. See omakorda andis vihjeid teadlastele bioloogiliste funktsioonide vahelise ristsuhtluse olemasolust, st et ainevahetus on lahutamatult seotud teiste bioloogiliste protsessidega. Lisaks innustas see rohkem uurima varem t\u00e4helepanuta j\u00e4etud teemat.<br \/>\nInimesed saavad NAD+ v\u00e4hesel m\u00e4\u00e4ral ka toidu kaudu. Seda peamiselt dieedist mis koosneb aminohapetest ja mis on toidus leiduva NAD+ l\u00e4hteaineks. Seevastu NR ja NMN on v\u00e4ga t\u00f5husad NAD+ l\u00e4hteained. Kui NAD+ l\u00e4hteaineid kujutleda erinevate radadena, mida v\u00f5ite sihtkohta j\u00f5udmiseks kasutada, peetakse just NMN-i neist sageli parimaks olemas olevaks marsruudiks NAD+ -ni.[\/vc_column_text][mk_image src=&#8221;https:\/\/elixhealth.eu\/wp-content\/uploads\/2020\/06\/nad-effects-est.png&#8221; image_size=&#8221;full&#8221; lightbox=&#8221;true&#8221; hover_image_overlay=&#8221;false&#8221; align=&#8221;center&#8221; margin_bottom=&#8221;0&#8243;][\/vc_column_inner][\/vc_row_inner][\/vc_column][\/vc_row][vc_row][vc_column][mk_fancy_title size=&#8221;36&#8243; font_family=&#8221;none&#8221;]Kuidas sirtuiinid reguleerivad rakkude tervist NAD+ abil[\/mk_fancy_title][vc_column_text css=&#8221;.vc_custom_1591275495711{margin-bottom: 0px !important;}&#8221;]V\u00f5rrelge oma keha rakke kontoriga. Kontoris t\u00f6\u00f6tab palju inimesi, kes tegelevad mitmesuguste \u00fclesannetega, mille l\u00f5ppeesm\u00e4rk on j\u00e4\u00e4da kasumlikuks ja t\u00e4ita ettev\u00f5tte missioon v\u00f5imalikult t\u00f5husalt. Ka rakkudes on palju osi, mis t\u00f6\u00f6tavad mitmesuguste \u00fclesannete nimel ja millel on ka l\u00f5ppeesm\u00e4rk: p\u00fcsida tervena ning toimida v\u00f5imalikult kaua ja t\u00f5husalt. Nii nagu ettev\u00f5tte prioriteedid muutuvad mitmesuguste sisemiste ja v\u00e4liste tegurite t\u00f5ttu, muutuvad ka prioriteedid rakkudes. Keegi peab ju kontorit juhtima, reguleerides, millal tehakse, kes seda teeb ja millal kurssi muudetakse. Kontori puhul oleks see teie tegevjuht. Kehas aga raku tasandil, on see teie sirtuiin.<br \/>\nSirtuiinid on seitsme valgu perekond, millel on roll raku tervises. Sirtuiinid saavad funktsioneerida ainult NAD+ (nikotiinamiid adeniin dinukleotiid), koens\u00fc\u00fcmi, mida leidub k\u00f5igis elavates rakkudes, olemasolul. NAD+ on eluliselt t\u00e4htis rakkude ainevahetuses ja sadades teistes bioloogilistes protsessides. Kui sirtuiinid on ettev\u00f5tte tegevjuht, siis NAD+ on raha, mille eest makstakse tegevjuhi ja t\u00f6\u00f6tajate palka, hoides samal ajal ka k\u00f5ik muud kulud kontrolli all. Nagu ei saa ettev\u00f5te ilma rahata, nii ei saa ka keha ilma NAD+ta toimida. Kuid NAD+ tase langeb koos vanusega, piirates ka sirtuiinide toimimist.[\/vc_column_text][\/vc_column][\/vc_row][vc_row css=&#8221;.vc_custom_1589972167571{margin-bottom: 60px !important;}&#8221;][vc_column][mk_fancy_title size=&#8221;36&#8243; font_family=&#8221;none&#8221;]Sirtuiinid on valgud. Mida see t\u00e4hendab?[\/mk_fancy_title][vc_column_text css=&#8221;.vc_custom_1591275655831{margin-bottom: 0px !important;}&#8221;]Sirtuiinid on valkude perekond. Valk, see on tavam\u00f5istes toitaine, mida leidub ubades ja lihas ning proteiinikokteili pulbrites, kuid antud juhul on need hoopis molekulid, mida nimetatakse valkudeks ja mis t\u00e4idavad meie keharakkudes erinevaid funktsioone. M\u00f5elge valkudest kui ettev\u00f5tte erinevatest osakondadest, millest iga\u00fcks keskendub oma spetsiifilisele funktsioonile, koordineerides tegevust teiste osakondadega.<\/p>\n<p>\u00dcldtuntud valk meie kehas on hemoglobiin, mis on osa globiini valkude perekonnast ja vastutab hapniku transportimise eest veres. M\u00fcoglobiin on aga hemoglobiini vaste ja koos moodustavad nad globiini perekonna.<\/p>\n<p>Meie kehas on ligi 60 000 valguperekonda ehk palju erinevaid osakondi. Sirtuiinid on vaid \u00fcks neist perekondadest. Ja kui hemoglobiin kuulub kahe valgu perre, siis sirtuiinid on seitsmeliikmelise valguperekonna liikmed.<\/p>\n<p>Neist seitsmest raku sirtuiinist t\u00f6\u00f6tab kolm mitokondrites, kolm tuumas ja \u00fcks ts\u00fctoplasmas, m\u00e4ngides iga\u00fcks erinevaid rolle. Sirtuiinide p\u00f5hirolliks on aga see, et nad eemaldavad atset\u00fc\u00fclr\u00fchmad teistest valkudest.<\/p>\n<p>Sirtuiinid t\u00f6\u00f6tavad atset\u00fc\u00fclr\u00fchmadega protsessi kaudu, mida nimetatakse deatset\u00fc\u00fclimiseks. See t\u00e4hendab, et sirtuiinid tuvastavad molekulil oleva atset\u00fc\u00fclr\u00fchma, seej\u00e4rel eemaldavad selle, mis omakorda valmistab molekuli ette oma t\u00f6\u00f6ks. \u00dcheks sirtuiinide toimimise viisiks on atset\u00fc\u00fclr\u00fchma bioloogiliste valkude ehk histoonide eemaldamine.<br \/>\nHistoon on suur mahukas valk, mida \u00fcmbritseb DNA. V\u00f5ite v\u00f5rrelda seda j\u00f5ulupuuga mida katab tulede ahel, antud juhul DNA ahel. Sirtuiinid deatset\u00fc\u00fclivad histoone ehk valke, mis on osa DNA kondenseerunud vormist ja mida nimetatakse kromatiiniks. Kui histoonidel esineb atset\u00fc\u00fclr\u00fchm, on kromatiin avatud v\u00f5i hargnenud.<\/p>\n<p>Hargnenud ehk avatud kromatiin t\u00e4hendab, et DNA-d transkribeeritakse. Kuid kromantiin ei peaks j\u00e4\u00e4ma avatuks, kuna selles asendis on see haavatav ja tundlik erinevate kahjustuste suhtes.<br \/>\nKui sirtuiinid deatset\u00fc\u00fclivad histoone, on kromatiin suletud, mis t\u00e4hendab, et geeniekspressioon on peatatud v\u00f5i vaigistatud.<\/p>\n<p>Sirtuiinidest oleme me teadlikud olnud ainult umbes 20 aastat ja nende peamine funktsioon avastati 1990ndatel. P\u00e4rast seda on teadlased neid uurides, toonud v\u00e4lja nende olulisuse ja vastanud samal ajal ka k\u00fcsimusele, mida v\u00f5iksime me veel sirtuiinide kohta \u00f5ppida.[\/vc_column_text][\/vc_column][\/vc_row][vc_row visibility=&#8221;visible-sm&#8221; css=&#8221;.vc_custom_1593850445248{margin-bottom: 60px !important;}&#8221;][vc_column][mk_button dimension=&#8221;flat&#8221; corner_style=&#8221;rounded&#8221; size=&#8221;large&#8221; url=&#8221;https:\/\/elixhealth.eu\/et\/kuidas-nad-plus-boosterid-tootavad\/#nmn&#8221; align=&#8221;center&#8221; fullwidth=&#8221;true&#8221; margin_top=&#8221;30&#8243;]Loe NMN kohta[\/mk_button][\/vc_column][\/vc_row][vc_row visibility=&#8221;visible-tl&#8221; css=&#8221;.vc_custom_1594219307309{margin-bottom: 60px !important;}&#8221;][vc_column][mk_button dimension=&#8221;flat&#8221; corner_style=&#8221;rounded&#8221; size=&#8221;large&#8221; url=&#8221;https:\/\/elixhealth.eu\/et\/kuidas-nad-plus-boosterid-tootavad\/#nmn&#8221; align=&#8221;center&#8221; fullwidth=&#8221;true&#8221; margin_top=&#8221;30&#8243;]Loe NMN kohta[\/mk_button][\/vc_column][\/vc_row]\n<\/div>","protected":false},"excerpt":{"rendered":"<p>[vc_row equal_columns=&#8221;true&#8221; css=&#8221;.vc_custom_1594373055714{margin-bottom: 60px !important;padding-top: 60px !important;}&#8221;][vc_column][mk_fancy_title size=&#8221;36&#8243; font_family=&#8221;none&#8221;]Mis on NAD+ ja selle olulisus vananemises ja tervises?[\/mk_fancy_title][vc_column_text css=&#8221;.vc_custom_1594372774889{margin-bottom: 0px !important;}&#8221;]Avades mis tahes bioloogia\u00f5piku, kohtate kindlasti infot NAD+ ehk nikotiinamiid adeniin dinukleotiidi kohta. See on kriitiline koens\u00fc\u00fcm, mida leidub igas meie keha rakus ja mis osaleb sadades metaboolsetes protsessides, nagu raku energia loome ja mitokondrite tervise [&hellip;]<\/p>\n","protected":false},"author":1,"featured_media":0,"parent":0,"menu_order":0,"comment_status":"closed","ping_status":"closed","template":"","meta":{"footnotes":""},"class_list":["post-2315","page","type-page","status-publish","hentry"],"yoast_head":"<!-- This site is optimized with the Yoast SEO plugin v27.0 - https:\/\/yoast.com\/product\/yoast-seo-wordpress\/ -->\n<title>Mis on NAD+ ja selle olulisus? | EliX Health - NMN v\u00e4ga v\u00f5imas molekul<\/title>\n<meta name=\"description\" content=\"NAD+ ja selle olulisus on teadlaste seas tuntud juba alates selle esmakordsest avastamisest 1906. aastal ning teadmised t\u00e4ienevad aasta ...\" \/>\n<meta name=\"robots\" content=\"index, follow, max-snippet:-1, max-image-preview:large, max-video-preview:-1\" \/>\n<link rel=\"canonical\" href=\"https:\/\/elixhealth.eu\/et\/nad-olulisus-tervises\/\" \/>\n<meta property=\"og:locale\" content=\"et_EE\" \/>\n<meta property=\"og:type\" content=\"article\" \/>\n<meta property=\"og:title\" content=\"Mis on NAD+ ja selle olulisus? | EliX Health - NMN v\u00e4ga v\u00f5imas molekul\" \/>\n<meta property=\"og:description\" content=\"NAD+ ja selle olulisus on teadlaste seas tuntud juba alates selle esmakordsest avastamisest 1906. aastal ning teadmised t\u00e4ienevad aasta ...\" \/>\n<meta property=\"og:url\" content=\"https:\/\/elixhealth.eu\/et\/nad-olulisus-tervises\/\" \/>\n<meta property=\"og:site_name\" content=\"EliX Health\" \/>\n<meta property=\"article:publisher\" content=\"https:\/\/www.facebook.com\/elixhealth.eu\" \/>\n<meta property=\"article:modified_time\" content=\"2021-11-05T17:23:23+00:00\" \/>\n<meta name=\"twitter:card\" content=\"summary_large_image\" \/>\n<meta name=\"twitter:label1\" content=\"Est. reading time\" \/>\n\t<meta name=\"twitter:data1\" content=\"6 minutit\" \/>\n<script type=\"application\/ld+json\" class=\"yoast-schema-graph\">{\"@context\":\"https:\/\/schema.org\",\"@graph\":[{\"@type\":\"WebPage\",\"@id\":\"https:\/\/elixhealth.eu\/et\/nad-olulisus-tervises\/\",\"url\":\"https:\/\/elixhealth.eu\/et\/nad-olulisus-tervises\/\",\"name\":\"Mis on NAD+ ja selle olulisus? | EliX Health - NMN v\u00e4ga v\u00f5imas molekul\",\"isPartOf\":{\"@id\":\"https:\/\/elixhealth.eu\/et\/#website\"},\"datePublished\":\"2020-06-03T13:25:07+00:00\",\"dateModified\":\"2021-11-05T17:23:23+00:00\",\"description\":\"NAD+ ja selle olulisus on teadlaste seas tuntud juba alates selle esmakordsest avastamisest 1906. aastal ning teadmised t\u00e4ienevad aasta ...\",\"breadcrumb\":{\"@id\":\"https:\/\/elixhealth.eu\/et\/nad-olulisus-tervises\/#breadcrumb\"},\"inLanguage\":\"et\",\"potentialAction\":[{\"@type\":\"ReadAction\",\"target\":[\"https:\/\/elixhealth.eu\/et\/nad-olulisus-tervises\/\"]}]},{\"@type\":\"BreadcrumbList\",\"@id\":\"https:\/\/elixhealth.eu\/et\/nad-olulisus-tervises\/#breadcrumb\",\"itemListElement\":[{\"@type\":\"ListItem\",\"position\":1,\"name\":\"Esileht\",\"item\":\"https:\/\/elixhealth.eu\/et\/\"},{\"@type\":\"ListItem\",\"position\":2,\"name\":\"NAD+ v\u00e4ga v\u00f5imas molekul\"}]},{\"@type\":\"WebSite\",\"@id\":\"https:\/\/elixhealth.eu\/et\/#website\",\"url\":\"https:\/\/elixhealth.eu\/et\/\",\"name\":\"EliX Health\",\"description\":\"High Purity NAD+ Products\",\"publisher\":{\"@id\":\"https:\/\/elixhealth.eu\/et\/#organization\"},\"potentialAction\":[{\"@type\":\"SearchAction\",\"target\":{\"@type\":\"EntryPoint\",\"urlTemplate\":\"https:\/\/elixhealth.eu\/et\/?s={search_term_string}\"},\"query-input\":{\"@type\":\"PropertyValueSpecification\",\"valueRequired\":true,\"valueName\":\"search_term_string\"}}],\"inLanguage\":\"et\"},{\"@type\":\"Organization\",\"@id\":\"https:\/\/elixhealth.eu\/et\/#organization\",\"name\":\"EliX Health Baltic\",\"url\":\"https:\/\/elixhealth.eu\/et\/\",\"logo\":{\"@type\":\"ImageObject\",\"inLanguage\":\"et\",\"@id\":\"https:\/\/elixhealth.eu\/et\/#\/schema\/logo\/image\/\",\"url\":\"https:\/\/elixhealth.eu\/wp-content\/uploads\/2020\/06\/elix_logo_invoice.png\",\"contentUrl\":\"https:\/\/elixhealth.eu\/wp-content\/uploads\/2020\/06\/elix_logo_invoice.png\",\"width\":315,\"height\":173,\"caption\":\"EliX Health Baltic\"},\"image\":{\"@id\":\"https:\/\/elixhealth.eu\/et\/#\/schema\/logo\/image\/\"},\"sameAs\":[\"https:\/\/www.facebook.com\/elixhealth.eu\",\"https:\/\/www.instagram.com\/elixhealth.eu\/\"]}]}<\/script>\n<!-- \/ Yoast SEO plugin. -->","yoast_head_json":{"title":"Mis on NAD+ ja selle olulisus? | EliX Health - NMN v\u00e4ga v\u00f5imas molekul","description":"NAD+ ja selle olulisus on teadlaste seas tuntud juba alates selle esmakordsest avastamisest 1906. aastal ning teadmised t\u00e4ienevad aasta ...","robots":{"index":"index","follow":"follow","max-snippet":"max-snippet:-1","max-image-preview":"max-image-preview:large","max-video-preview":"max-video-preview:-1"},"canonical":"https:\/\/elixhealth.eu\/et\/nad-olulisus-tervises\/","og_locale":"et_EE","og_type":"article","og_title":"Mis on NAD+ ja selle olulisus? | EliX Health - NMN v\u00e4ga v\u00f5imas molekul","og_description":"NAD+ ja selle olulisus on teadlaste seas tuntud juba alates selle esmakordsest avastamisest 1906. aastal ning teadmised t\u00e4ienevad aasta ...","og_url":"https:\/\/elixhealth.eu\/et\/nad-olulisus-tervises\/","og_site_name":"EliX Health","article_publisher":"https:\/\/www.facebook.com\/elixhealth.eu","article_modified_time":"2021-11-05T17:23:23+00:00","twitter_card":"summary_large_image","twitter_misc":{"Est. reading time":"6 minutit"},"schema":{"@context":"https:\/\/schema.org","@graph":[{"@type":"WebPage","@id":"https:\/\/elixhealth.eu\/et\/nad-olulisus-tervises\/","url":"https:\/\/elixhealth.eu\/et\/nad-olulisus-tervises\/","name":"Mis on NAD+ ja selle olulisus? | EliX Health - NMN v\u00e4ga v\u00f5imas molekul","isPartOf":{"@id":"https:\/\/elixhealth.eu\/et\/#website"},"datePublished":"2020-06-03T13:25:07+00:00","dateModified":"2021-11-05T17:23:23+00:00","description":"NAD+ ja selle olulisus on teadlaste seas tuntud juba alates selle esmakordsest avastamisest 1906. aastal ning teadmised t\u00e4ienevad aasta ...","breadcrumb":{"@id":"https:\/\/elixhealth.eu\/et\/nad-olulisus-tervises\/#breadcrumb"},"inLanguage":"et","potentialAction":[{"@type":"ReadAction","target":["https:\/\/elixhealth.eu\/et\/nad-olulisus-tervises\/"]}]},{"@type":"BreadcrumbList","@id":"https:\/\/elixhealth.eu\/et\/nad-olulisus-tervises\/#breadcrumb","itemListElement":[{"@type":"ListItem","position":1,"name":"Esileht","item":"https:\/\/elixhealth.eu\/et\/"},{"@type":"ListItem","position":2,"name":"NAD+ v\u00e4ga v\u00f5imas molekul"}]},{"@type":"WebSite","@id":"https:\/\/elixhealth.eu\/et\/#website","url":"https:\/\/elixhealth.eu\/et\/","name":"EliX Health","description":"High Purity NAD+ Products","publisher":{"@id":"https:\/\/elixhealth.eu\/et\/#organization"},"potentialAction":[{"@type":"SearchAction","target":{"@type":"EntryPoint","urlTemplate":"https:\/\/elixhealth.eu\/et\/?s={search_term_string}"},"query-input":{"@type":"PropertyValueSpecification","valueRequired":true,"valueName":"search_term_string"}}],"inLanguage":"et"},{"@type":"Organization","@id":"https:\/\/elixhealth.eu\/et\/#organization","name":"EliX Health Baltic","url":"https:\/\/elixhealth.eu\/et\/","logo":{"@type":"ImageObject","inLanguage":"et","@id":"https:\/\/elixhealth.eu\/et\/#\/schema\/logo\/image\/","url":"https:\/\/elixhealth.eu\/wp-content\/uploads\/2020\/06\/elix_logo_invoice.png","contentUrl":"https:\/\/elixhealth.eu\/wp-content\/uploads\/2020\/06\/elix_logo_invoice.png","width":315,"height":173,"caption":"EliX Health Baltic"},"image":{"@id":"https:\/\/elixhealth.eu\/et\/#\/schema\/logo\/image\/"},"sameAs":["https:\/\/www.facebook.com\/elixhealth.eu","https:\/\/www.instagram.com\/elixhealth.eu\/"]}]}},"_links":{"self":[{"href":"https:\/\/elixhealth.eu\/et\/wp-json\/wp\/v2\/pages\/2315","targetHints":{"allow":["GET"]}}],"collection":[{"href":"https:\/\/elixhealth.eu\/et\/wp-json\/wp\/v2\/pages"}],"about":[{"href":"https:\/\/elixhealth.eu\/et\/wp-json\/wp\/v2\/types\/page"}],"author":[{"embeddable":true,"href":"https:\/\/elixhealth.eu\/et\/wp-json\/wp\/v2\/users\/1"}],"replies":[{"embeddable":true,"href":"https:\/\/elixhealth.eu\/et\/wp-json\/wp\/v2\/comments?post=2315"}],"version-history":[{"count":5,"href":"https:\/\/elixhealth.eu\/et\/wp-json\/wp\/v2\/pages\/2315\/revisions"}],"predecessor-version":[{"id":4508,"href":"https:\/\/elixhealth.eu\/et\/wp-json\/wp\/v2\/pages\/2315\/revisions\/4508"}],"wp:attachment":[{"href":"https:\/\/elixhealth.eu\/et\/wp-json\/wp\/v2\/media?parent=2315"}],"curies":[{"name":"wp","href":"https:\/\/api.w.org\/{rel}","templated":true}]}}